{"id":14886,"date":"2025-04-10T17:20:13","date_gmt":"2025-04-10T15:20:13","guid":{"rendered":"https:\/\/www.xefi.es\/politica-de-privacidad-y-cookies\/"},"modified":"2025-11-06T16:58:14","modified_gmt":"2025-11-06T15:58:14","slug":"politica-de-privacidad-y-cookies","status":"publish","type":"page","link":"https:\/\/www.xefi.es\/es\/politica-de-privacidad-y-cookies\/","title":{"rendered":"Pol\u00edtica de privacidad y cookies."},"content":{"rendered":"\n<div class=\"wp-block-group alignfull is-layout-constrained wp-container-core-group-is-layout-a47e864c wp-block-group-is-layout-constrained\" style=\"padding-top:var(--wp--preset--spacing--80);padding-right:var(--wp--preset--spacing--50);padding-bottom:var(--wp--preset--spacing--80);padding-left:var(--wp--preset--spacing--50)\">\n<div class=\"wp-block-group is-layout-constrained wp-container-core-group-is-layout-bea02a06 wp-block-group-is-layout-constrained\">\n<h2 class=\"wp-block-heading\"><strong>Sus datos personales son importantes para XEFI<\/strong><\/h2>\n\n\n\n<p><br>Se informa al usuario de que los datos personales que le conciernen pueden ser recogidos por la sociedad <strong>HOLDING GALAXITY<\/strong> (en adelante, la \u00abCompa\u00f1\u00eda\u00bb) con ocasi\u00f3n de su navegaci\u00f3n por el sitio web <a href=\"http:\/\/www.xefi.es\"><strong>www.xefi.es<\/strong><\/a> (en adelante, el \u00abSitio\u00bb).<\/p>\n\n\n\n<p>La presente pol\u00edtica de privacidad define e informa a los usuarios de la manera en que la Compa\u00f1\u00eda utiliza y protege la informaci\u00f3n transmitida, en su caso, cuando utilizan el Sitio.<\/p>\n\n\n\n<p>El usuario es informado de que la Compa\u00f1\u00eda otorga una especial vigilancia al respeto de la vida privada de los usuarios y de sus datos personales.<\/p>\n\n\n\n<p>A tal efecto, la Compa\u00f1\u00eda se compromete a respetar escrupulosamente las leyes y reglamentaciones aplicables conforme a los textos del <strong>Reglamento (UE) 2016\/679<\/strong> del Parlamento Europeo y del Consejo, de 27 de abril de 2016, relativo a la protecci\u00f3n de las personas f\u00edsicas en lo que respecta al tratamiento de datos personales y a la libre circulaci\u00f3n de estos datos (en adelante, el \u00ab<strong>RGPD<\/strong>\u00bb) y de la <strong>Ley Org\u00e1nica 3\/2018, de 5 de diciembre<\/strong>, de <strong>Protecci\u00f3n de Datos Personales y garant\u00eda de los derechos digitales<\/strong> (en adelante, \u00ab<strong>LOPDGDD<\/strong>\u00bb).<\/p>\n\n\n\n<p>En el marco de su actividad y para el seguimiento del comportamiento de los usuarios en el Sitio, la Compa\u00f1\u00eda recoge y trata datos de car\u00e1cter personal.<\/p>\n\n\n\n<p><strong>Transparencia sobre el alojamiento:<\/strong> los datos personales se <strong>alojan exclusivamente en servidores situados en Francia (Uni\u00f3n Europea)<\/strong>.<\/p>\n\n\n\n<h2 class=\"wp-block-heading\"><strong>ART\u00cdCULO PRELIMINAR \u2013 DEFINICIONES<\/strong><\/h2>\n\n\n\n<p>Los t\u00e9rminos con may\u00fascula en la presente pol\u00edtica de privacidad tienen la definici\u00f3n que se les otorga a continuaci\u00f3n:<\/p>\n\n\n\n<p><strong>\u2013 Datos de car\u00e1cter personal:<\/strong> toda informaci\u00f3n relativa a una persona f\u00edsica identificada o identificable. Se considera \u00abpersona f\u00edsica identificable\u00bb toda persona cuya identidad pueda determinarse, directa o indirectamente, mediante un identificador, como un nombre, n\u00famero de identificaci\u00f3n, datos de localizaci\u00f3n, identificador en l\u00ednea o uno o varios elementos propios de su identidad f\u00edsica, fisiol\u00f3gica, gen\u00e9tica, ps\u00edquica, econ\u00f3mica, cultural o social (art. 4.1 RGPD).<\/p>\n\n\n\n<p><strong>\u2013 Tratamiento:<\/strong> cualquier operaci\u00f3n o conjunto de operaciones efectuadas, con o sin procedimientos automatizados, aplicadas a datos o conjuntos de datos personales, como la recogida, registro, organizaci\u00f3n, conservaci\u00f3n, modificaci\u00f3n, consulta, uso, comunicaci\u00f3n, difusi\u00f3n o destrucci\u00f3n (art. 4.2 RGPD).<\/p>\n\n\n\n<p><strong>\u2013 Responsable del tratamiento:<\/strong> la persona f\u00edsica o jur\u00eddica, autoridad p\u00fablica, servicio u organismo que determina los fines y medios del tratamiento.<\/p>\n\n\n\n<p><strong>\u2013 Encargado del tratamiento (subencargado):<\/strong> la persona f\u00edsica o jur\u00eddica que trata los datos personales por cuenta del responsable del tratamiento, conforme a sus instrucciones y bajo contrato de confidencialidad, en cumplimiento del art\u00edculo 28 del RGPD.<\/p>\n\n\n\n<p><strong>\u2013 Cookies y rastreadores:<\/strong> archivos de texto instalados en el dispositivo del usuario para registrar informaci\u00f3n relativa a la navegaci\u00f3n y permitir al sitio web reconocer el navegador en visitas posteriores. Su duraci\u00f3n de conservaci\u00f3n es determinada por el operador del sitio.<\/p>\n\n\n\n<h2 class=\"wp-block-heading\"><strong>ART\u00cdCULO 1 \u2013 OBJETO<\/strong><\/h2>\n\n\n\n<p>El usuario puede navegar por el Sitio sin divulgar informaciones personales.<\/p>\n\n\n\n<p>En su caso, la Compa\u00f1\u00eda puede solicitar al usuario comunicar <strong>Datos de car\u00e1cter personal<\/strong> que le conciernen, a fin de permitirle utilizar los servicios propuestos en el Sitio.<\/p>\n\n\n\n<p>Los Datos de car\u00e1cter personal recogidos en el marco de la prestaci\u00f3n de servicios corresponden a las informaciones requeridas por la Compa\u00f1\u00eda y sus eventuales socios comerciales para la correcta realizaci\u00f3n de las prestaciones o para permitir el acceso del usuario al conjunto de funcionalidades del Sitio.<\/p>\n\n\n\n<p>En el marco de la utilizaci\u00f3n de las plenas funcionalidades del Sitio, pueden recogerse, en particular, las informaciones siguientes: <strong>Nombre, Direcci\u00f3n IP, Apellidos, G\u00e9nero, Fecha de nacimiento, Tel\u00e9fono, Empresa, Cargo, Sector de actividad, Correo electr\u00f3nico personal, Correo electr\u00f3nico profesional, Direcci\u00f3n, Ciudad, C\u00f3digo postal, CV y Carta de motivaci\u00f3n<\/strong>.<\/p>\n\n\n\n<p>Al proporcionar estas informaciones, el usuario acepta que las mismas sean recogidas, tratadas y conservadas por la Compa\u00f1\u00eda seg\u00fan las diferentes finalidades y per\u00edmetros enumerados a continuaci\u00f3n.<\/p>\n\n\n\n<p>La Compa\u00f1\u00eda es susceptible de tratar los Datos de car\u00e1cter personal del usuario con las finalidades siguientes:<\/p>\n\n\n\n<p>\u2013 Proporcionar las informaciones o los servicios solicitados por el usuario, tales como ser llamado por los equipos de la Compa\u00f1\u00eda, obtener una respuesta a una candidatura, rellenar el formulario de contacto, recibir el bolet\u00edn informativo;<br><br>\u2013 Crear y gestionar el perfil de usuario;<br><br>\u2013 Crear y gestionar los accesos a nuestros servicios en l\u00ednea;<br><br>\u2013 Realizar estudios estad\u00edsticos;<br><br>\u2013 Permitir al usuario realizar compras en el Sitio;<br><br>\u2013 Proporcionar las informaciones o los servicios adecuados al usuario;<br><br>\u2013 Recoger informaciones de navegaci\u00f3n y de comportamiento en el sitio web que permitan a la Compa\u00f1\u00eda mejorar sus productos y la calidad de la navegaci\u00f3n en el Sitio, en particular gracias a las cookies;<br><br>\u2013 Con el fin de ayudar al usuario a encontrar la respuesta a sus necesidades m\u00e1s r\u00e1pidamente, en particular en la b\u00fasqueda localizada de agencia;<br><br>\u2013 Permitir detectar comportamientos malintencionados tales como fraude, phishing o spam;<br><br>\u2013 Permitir la autenticaci\u00f3n del usuario en su espacio cliente seg\u00fan los identificadores personales que haya determinado a tal efecto.<\/p>\n\n\n\n<h2 class=\"wp-block-heading\"><strong>ART\u00cdCULO 2 \u2013 RECOGIDA Y UTILIZACI\u00d3N ESPEC\u00cdFICA DE LOS DATOS<\/strong><\/h2>\n\n\n\n<p>Adem\u00e1s de las finalidades indicadas en el art\u00edculo 1 de la presente pol\u00edtica de privacidad, el usuario es informado de la posibilidad de <strong>publicar un comentario<\/strong> en el Sitio.<\/p>\n\n\n\n<p>El usuario puede <strong>guardar sus informaciones de contacto<\/strong>, a saber, el nombre y la direcci\u00f3n de correo electr\u00f3nico utilizados para la publicaci\u00f3n del comentario, para sus futuras conexiones mediante la utilizaci\u00f3n de una cookie.<br>La <strong>duraci\u00f3n de conservaci\u00f3n<\/strong> de estas cookies es de <strong>un (1) a\u00f1o<\/strong>.<br>El usuario puede <strong>modificar su elecci\u00f3n en cualquier momento<\/strong> y suprimir esta cookie.<\/p>\n\n\n\n<p>Por motivos de seguridad, la <strong>direcci\u00f3n IP<\/strong> del usuario es verificada con el fin de prevenir el spam y ayudar a la detecci\u00f3n de comentarios no deseados.<\/p>\n\n\n\n<p>El usuario puede utilizar el <strong>formulario de contacto<\/strong> del Sitio a fin de ser recontactado y\/o obtener informaciones comerciales relativas a los productos y servicios de la Compa\u00f1\u00eda.<br>A tal efecto, el usuario comunica sus <strong>nombres, apellidos, direcci\u00f3n de correo electr\u00f3nico de contacto y\/o n\u00famero de tel\u00e9fono<\/strong>, y <strong>consiente expresamente<\/strong> que estos datos sean utilizados por la Compa\u00f1\u00eda con fines de <strong>prospectiva comercial<\/strong>.<\/p>\n\n\n\n<p>Los Datos de car\u00e1cter personal recogidos a trav\u00e9s del formulario de contacto se conservan por un <strong>plazo razonable<\/strong> y conforme a la finalidad de la recogida.<\/p>\n\n\n\n<p>El usuario puede facilitar <strong>datos indicados como \u201copcionales\u201d<\/strong> en el formulario de contacto.<br>Las modalidades de recogida y conservaci\u00f3n de los datos \u00abopcionales\u00bb son similares a las aplicadas por la Compa\u00f1\u00eda para el tratamiento de los datos necesarios para la toma de contacto.<\/p>\n\n\n\n<p>El usuario puede <strong>responder a ofertas de empleo<\/strong> publicadas en el Sitio.<br>El usuario <strong>consiente<\/strong> que estos datos sean utilizados por la Compa\u00f1\u00eda para <strong>tramitar su candidatura<\/strong> a la oferta de empleo para la que los datos fueron divulgados y\/o para <strong>comunicarle una oferta de empleo similar<\/strong> a aquella para la cual los datos fueron divulgados.<br>A tal efecto, el usuario comunica a la Compa\u00f1\u00eda toda informaci\u00f3n personal que le concierna y que sea \u00fatil para responder a dichas finalidades.<\/p>\n\n\n\n<p>Los <strong>Datos personales<\/strong> divulgados en este marco son objeto de una <strong>estricta obligaci\u00f3n de confidencialidad<\/strong> por parte del personal que pueda tener acceso a ellos y son accesibles <strong>\u00fanicamente<\/strong> por el personal <strong>cualificado<\/strong> de la Compa\u00f1\u00eda.<\/p>\n\n\n\n<p>En el supuesto de que el perfil del usuario candidato <strong>no sea seleccionado<\/strong>, los datos recogidos en este marco ser\u00e1n <strong>definitivamente suprimidos<\/strong> al t\u00e9rmino del proceso de contrataci\u00f3n y <strong>no ser\u00e1n objeto de archivo<\/strong>, conforme a las disposiciones del <strong>C\u00f3digo de Trabajo<\/strong>.<\/p>\n\n\n\n<h2 class=\"wp-block-heading\"><strong>ART\u00cdCULO 3 \u2013 TRANSMISI\u00d3N DE LOS DATOS<\/strong><\/h2>\n\n\n\n<p>Solo la Compa\u00f1\u00eda es destinataria de los Datos de car\u00e1cter personal.<\/p>\n\n\n\n<p>En ning\u00fan caso la Compa\u00f1\u00eda procede a la <strong>comercializaci\u00f3n<\/strong> de los datos personales de los visitantes y usuarios del Sitio con fines publicitarios o comerciales.<\/p>\n\n\n\n<p>El subcontratista de la Compa\u00f1\u00eda se obliga, en las mismas condiciones, a <strong>no proceder a la comercializaci\u00f3n<\/strong> de los Datos de car\u00e1cter personal de los visitantes y usuarios del Sitio para ning\u00fan fin.<br>El subcontratista est\u00e1 sometido a una <strong>obligaci\u00f3n de confidencialidad<\/strong> y solo puede utilizar los datos del usuario conforme a la pol\u00edtica de la Compa\u00f1\u00eda.<\/p>\n\n\n\n<p>Los Datos de car\u00e1cter personal del usuario podr\u00e1n, en la medida en que resulte necesario a la vista y dentro del l\u00edmite de las finalidades antes enunciadas, ser <strong>transmitidos al personal<\/strong> y al <strong>subcontratista<\/strong> de la Compa\u00f1\u00eda, a fin de responder favorablemente a las solicitudes del usuario.<\/p>\n\n\n\n<p>Tambi\u00e9n pueden ser destinatarios de los Datos de car\u00e1cter personal los <strong>organismos p\u00fablicos<\/strong>, exclusivamente para responder a las <strong>obligaciones legales<\/strong>, los <strong>auxiliares de justicia<\/strong>, los <strong>oficiales ministeriales<\/strong> y los <strong>organismos encargados del recobro de deudas<\/strong>.<\/p>\n\n\n\n<p>Los Datos de car\u00e1cter personal <strong>no ser\u00e1n objeto de ventas, cesiones, alquileres o intercambios<\/strong> en beneficio de terceros, sin el acuerdo expreso previo del usuario, salvo que exista un <strong>motivo leg\u00edtimo<\/strong> como una <strong>obligaci\u00f3n legal<\/strong>, la <strong>lucha contra el fraude o el abuso<\/strong>, o el <strong>ejercicio de derechos de defensa<\/strong>, etc.<\/p>\n\n\n\n<p>El usuario es informado de que <strong>no se realiza ninguna transferencia de datos personales de salud a un pa\u00eds tercero al Espacio Econ\u00f3mico Europeo<\/strong>.<\/p>\n\n\n\n<h2 class=\"wp-block-heading\"><strong>ART\u00cdCULO 4 \u2013 DURACI\u00d3N DE CONSERVACI\u00d3N<\/strong><\/h2>\n\n\n\n<p>Los Datos de car\u00e1cter personal de los usuarios son conservados por la Compa\u00f1\u00eda por un plazo que <strong>no excede<\/strong> la duraci\u00f3n necesaria para las finalidades para las que son recogidos y tratados y, en todo caso, por una <strong>duraci\u00f3n m\u00e1xima de treinta y seis (36) meses<\/strong> a partir de la recogida.<\/p>\n\n\n\n<p>El usuario es informado de que puede aplicarse una <strong>duraci\u00f3n de conservaci\u00f3n<\/strong> de sus Datos de car\u00e1cter personal en virtud de una <strong>disposici\u00f3n legal o reglamentaria<\/strong>.<\/p>\n\n\n\n<h2 class=\"wp-block-heading\"><strong>ART\u00cdCULO 5 \u2013 DERECHOS DE LOS USUARIOS<\/strong><\/h2>\n\n\n\n<p><strong>5.1 Ejercicio de derechos<\/strong><\/p>\n\n\n\n<p>Conforme a las disposiciones del <strong>RGPD<\/strong> y la <strong>LOPDGDD<\/strong>, el usuario es informado de que dispone de <strong>derechos<\/strong> relativos a sus datos personales.<\/p>\n\n\n\n<p>El usuario puede ejercer sus derechos <strong>directamente ante la Compa\u00f1\u00eda<\/strong>, previa justificaci\u00f3n de su identidad. El usuario tambi\u00e9n puede ejercer sus derechos ante el <strong>DPO<\/strong> de la Compa\u00f1\u00eda cuyos datos de contacto figuran en el <strong>art\u00edculo 9<\/strong> infra.<\/p>\n\n\n\n<p>Los diferentes derechos del usuario son:<\/p>\n\n\n\n<p><strong>5.1.1 \u2013 Derecho de acceso<\/strong><br>El usuario puede solicitar al responsable del tratamiento si posee informaciones sobre el usuario y pedir que se le comunique la <strong>integridad<\/strong> de dichos datos.<br>El ejercicio del derecho de acceso permite <strong>controlar la exactitud<\/strong> de los datos y, en su caso, <strong>rectificarlos o suprimirlos<\/strong>.<\/p>\n\n\n\n<p><strong>5.1.2 \u2013 Derecho de rectificaci\u00f3n<\/strong><br>El usuario puede solicitar al responsable del tratamiento la <strong>rectificaci\u00f3n, actualizaci\u00f3n, bloqueo o supresi\u00f3n<\/strong> de las informaciones que le conciernen.<\/p>\n\n\n\n<p><strong>5.1.3 \u2013 Derecho de supresi\u00f3n<\/strong><br>El usuario puede solicitar al responsable del tratamiento la <strong>supresi\u00f3n total o parcial<\/strong> de sus Datos de car\u00e1cter personal, siempre que <strong>motive su solicitud<\/strong> con alguno de los supuestos del <strong>art\u00edculo 17 del RGPD<\/strong>.<\/p>\n\n\n\n<p><strong>5.1.4 \u2013 Derecho a la limitaci\u00f3n del tratamiento<\/strong><br>El usuario puede solicitar al responsable del tratamiento <strong>congelar temporalmente<\/strong> la utilizaci\u00f3n de todos o algunos de sus datos.<\/p>\n\n\n\n<p><strong>5.1.5 \u2013 Derecho a la portabilidad<\/strong><br>El usuario puede solicitar al responsable del tratamiento que le proporcione una <strong>copia<\/strong> de los datos personales que le conciernen en un <strong>formato estructurado y legible por m\u00e1quina<\/strong> a fin de que sean transmitidos a <strong>otro responsable<\/strong> del tratamiento.<\/p>\n\n\n\n<p><strong>5.1.6 \u2013 Derecho de oposici\u00f3n<\/strong><br>El usuario puede <strong>oponerse<\/strong>, salvo por <strong>motivos leg\u00edtimos e imperiosos<\/strong> invocados por el responsable del tratamiento, al tratamiento de sus datos personales.<\/p>\n\n\n\n<p>La Compa\u00f1\u00eda se compromete a responder a la solicitud del usuario relativa al ejercicio de sus derechos en un <strong>plazo razonable<\/strong>.<\/p>\n\n\n\n<p><strong>5.2 Oposici\u00f3n a la prospecci\u00f3n comercial<\/strong><\/p>\n\n\n\n<p>El usuario que no desee ser objeto de <strong>prospecci\u00f3n comercial telef\u00f3nica<\/strong> es informado de que puede <strong>inscribirse gratuitamente<\/strong> en la <strong>Lista Robinson<\/strong>: https:\/\/www.listarobinson.es\/<\/p>\n\n\n\n<p>El usuario que desee <strong>no recibir o dejar de recibir<\/strong> nuestras actualidades y solicitudes tiene la facultad de indicarlo a la Compa\u00f1\u00eda mediante la <strong>direcci\u00f3n de correo electr\u00f3nico de contacto<\/strong> indicada en las comunicaciones o a trav\u00e9s de un <strong>enlace<\/strong> situado en dichas comunicaciones. El usuario puede <strong>modificar<\/strong> los <strong>par\u00e1metros de su perfil en l\u00ednea<\/strong>.<\/p>\n\n\n\n<h2 class=\"wp-block-heading\"><strong>ART\u00cdCULO 6 \u2013 SEGURIDAD<\/strong><\/h2>\n\n\n\n<p>Conforme al <strong>art\u00edculo 32 del RGPD<\/strong> y la <strong>Ley Org\u00e1nica 3\/2018 (LOPDGDD)<\/strong>, la Compa\u00f1\u00eda aplica medidas t\u00e9cnicas y organizativas adecuadas para garantizar un nivel de seguridad apropiado al riesgo.<\/p>\n\n\n\n<p>A tal efecto, la Compa\u00f1\u00eda adopta todas las medidas necesarias para preservar <strong>la integridad, la disponibilidad y la confidencialidad<\/strong> de los datos personales y, en particular, evitar su alteraci\u00f3n, p\u00e9rdida o acceso no autorizado.<\/p>\n\n\n\n<p>Los datos de salud se alojan exclusivamente en infraestructuras conformes con las exigencias del <strong>referencial HDS<\/strong>, situadas dentro de la Uni\u00f3n Europea.<\/p>\n\n\n\n<h2 class=\"wp-block-heading\"><strong>ART\u00cdCULO 7 \u2013 POL\u00cdTICA RELATIVA A COOKIES<\/strong><\/h2>\n\n\n\n<p>La Compa\u00f1\u00eda, en su calidad de editora del Sitio, puede depositar cookies en el dispositivo del usuario con el objetivo de mejorar su experiencia de navegaci\u00f3n.<\/p>\n\n\n\n<p>Durante la primera visita, un banner informativo permite <strong>aceptar o rechazar<\/strong> las cookies.<br>El usuario puede modificar su elecci\u00f3n en cualquier momento a trav\u00e9s de la configuraci\u00f3n de su navegador.<\/p>\n\n\n\n<p>El Sitio puede incluir contenidos integrados (v\u00eddeos, im\u00e1genes, art\u00edculos, etc.) procedentes de sitios de terceros que pueden colocar cookies no gestionadas por la Compa\u00f1\u00eda.<br>La Compa\u00f1\u00eda <strong>no es responsable<\/strong> de la instalaci\u00f3n ni de la gesti\u00f3n de las cookies de terceros (redes sociales, plataformas de v\u00eddeo, etc.).<\/p>\n\n\n\n<p><strong>7.1 Tipolog\u00eda de cookies<\/strong><\/p>\n\n\n\n<p><strong>7.1.1 Cookies necesarias para la navegaci\u00f3n<\/strong><br>Indispensables para el correcto funcionamiento del Sitio.<\/p>\n\n\n\n<p><strong>7.1.2 Cookies anal\u00edticas y funcionales<\/strong><br>Permiten medir la frecuencia, el n\u00famero de visitas y la actividad de los usuarios para mejorar el rendimiento del Sitio.<br>Las informaciones recogidas son <strong>an\u00f3nimas y no identificativas<\/strong>.<\/p>\n\n\n\n<p><strong>7.1.3 Cookies de compartici\u00f3n (redes sociales)<\/strong><br>Permiten compartir contenidos del Sitio en redes sociales (Facebook, LinkedIn, Twitter\/X, YouTube, Instagram).<br>Estas cookies est\u00e1n sujetas a sus propias pol\u00edticas de privacidad:<\/p>\n\n\n\n<ul class=\"wp-block-list\">\n<li><a href=\"https:\/\/www.facebook.com\/policies\/cookies\" target=\"_blank\" rel=\"noopener\">Facebook<\/a><\/li>\n\n\n\n<li><a href=\"https:\/\/www.facebook.com\/help\/instagram\/155833707900388\" target=\"_blank\" rel=\"noopener\">Instagram<\/a><\/li>\n\n\n\n<li><a href=\"https:\/\/www.linkedin.com\/legal\/cookie-policy\" target=\"_blank\" rel=\"noopener\">LinkedIn<\/a><\/li>\n\n\n\n<li><a href=\"https:\/\/support.twitter.com\/articles\/20170518\" target=\"_blank\" rel=\"noopener\">Twitter\/X<\/a><\/li>\n\n\n\n<li><a href=\"https:\/\/www.google.fr\/intl\/fr\/policies\/technologies\/cookies\" target=\"_blank\" rel=\"noopener\">YouTube \/ Google<\/a><\/li>\n<\/ul>\n\n\n\n<p><strong>7.2 Configuraci\u00f3n de cookies<\/strong><\/p>\n\n\n\n<p>La mayor\u00eda de los navegadores est\u00e1n configurados por defecto para aceptar cookies.<br>El usuario puede modificar esta configuraci\u00f3n para <strong>rechazar todas las cookies<\/strong> o <strong>aceptar solo algunas<\/strong>, seg\u00fan su origen.<\/p>\n\n\n\n<p>El rechazo o eliminaci\u00f3n de cookies puede afectar la navegaci\u00f3n del Sitio.<br>La Compa\u00f1\u00eda declina toda responsabilidad por las consecuencias derivadas de la desactivaci\u00f3n de cookies necesarias para el funcionamiento del Sitio.<\/p>\n\n\n\n<p><strong>7.3 Configuraci\u00f3n del navegador<\/strong><\/p>\n\n\n\n<p>Cada navegador ofrece sus propias opciones para gestionar las cookies:<\/p>\n\n\n\n<ul class=\"wp-block-list\">\n<li><strong>Google Chrome:<\/strong> Configuraci\u00f3n \u2192 Privacidad y seguridad \u2192 Cookies y otros datos de sitios \u2192 Ver todas las cookies \u2192 Eliminar<\/li>\n\n\n\n<li><strong>Mozilla Firefox:<\/strong> Opciones \u2192 Privacidad y seguridad \u2192 Cookies y datos del sitio \u2192 Eliminar<\/li>\n\n\n\n<li><strong>Safari:<\/strong> Preferencias \u2192 Privacidad \u2192 Mostrar cookies \u2192 Eliminar<\/li>\n\n\n\n<li><strong>Microsoft Edge:<\/strong> Configuraci\u00f3n \u2192 Cookies y permisos del sitio \u2192 Administrar y eliminar cookies<\/li>\n<\/ul>\n\n\n\n<p>Para m\u00e1s informaci\u00f3n, el usuario puede consultar la <strong>Agencia Espa\u00f1ola de Protecci\u00f3n de Datos (AEPD)<\/strong>: <a href=\"https:\/\/www.aepd.es\" target=\"_blank\" rel=\"noopener\">www.aepd.es<\/a><\/p>\n\n\n\n<h2 class=\"wp-block-heading\"><strong>ART\u00cdCULO 8 \u2013 RECLAMACI\u00d3N ANTE LA AUTORIDAD ADMINISTRATIVA<\/strong><\/h2>\n\n\n\n<p>En caso de incumplimiento de la presente pol\u00edtica de privacidad, el usuario puede, en caso de controversia, <strong>presentar una reclamaci\u00f3n<\/strong> ante la <strong>Agencia Espa\u00f1ola de Protecci\u00f3n de Datos (AEPD)<\/strong>.<br>Para ello, el usuario puede formular su solicitud por v\u00eda electr\u00f3nica en: <a href=\"https:\/\/www.aepd.es\" target=\"_blank\" rel=\"noopener\"><strong>https:\/\/www.aepd.es<\/strong><\/a><\/p>\n\n\n\n<h2 class=\"wp-block-heading\"><strong>ART\u00cdCULO 9 \u2013 RESPONSABILIDADES<\/strong><\/h2>\n\n\n\n<p>La Compa\u00f1\u00eda contrata como subencargado a la sociedad <strong>NEXEREN<\/strong> (RCS 753 351 709), cuyo domicilio social se sit\u00faa en <strong>2507, Avenue de l\u2019Europe, 69140 RILLIEUX-LA-PAPE (Francia)<\/strong> para el <strong>alojamiento de los datos<\/strong> del usuario.<\/p>\n\n\n\n<p>Los <strong>datos de salud<\/strong> que tratamos se <strong>alojan exclusivamente<\/strong> en <strong>infraestructuras conformes<\/strong> a las <strong>exigencias de seguridad<\/strong> previstas por el <strong>referencial HDS<\/strong> y situadas <strong>dentro de la Uni\u00f3n Europea<\/strong>.<\/p>\n\n\n\n<p>La Compa\u00f1\u00eda se ha asegurado previamente de la <strong>implementaci\u00f3n<\/strong> por sus subencargados de <strong>garant\u00edas similares<\/strong> a las que aplica y del respeto de <strong>condiciones estrictas<\/strong> en materia de <strong>confidencialidad, uso y protecci\u00f3n de datos<\/strong>.<\/p>\n\n\n\n<p>La <strong>Delegada de Protecci\u00f3n de Datos<\/strong> es la Sra. <strong>Amandine ROUSSEY<\/strong>.<br>Tel.: <strong>+33 4 72 01 04 11<\/strong><br>Correo electr\u00f3nico: <a href=\"mailto:dpo@xefi.fr\"><strong>dpo@xefi.fr<\/strong><\/a><\/p>\n\n\n\n<h2 class=\"wp-block-heading\"><strong>ART\u00cdCULO 10 \u2013 MODIFICACIONES<\/strong><\/h2>\n\n\n\n<p>La presente pol\u00edtica de privacidad podr\u00e1 ser modificada o completada, total o parcialmente, en cualquier momento con el fin de ajustarse a las evoluciones legislativas, reglamentarias, jurisprudenciales o tecnol\u00f3gicas.<\/p>\n\n\n\n<p>Salvo modificaci\u00f3n sustancial que requiera el consentimiento expreso del usuario, el uso del Sitio, tras la entrada en vigor de dichas modificaciones, implicar\u00e1 el reconocimiento y la aceptaci\u00f3n de la nueva pol\u00edtica de privacidad.&nbsp;<\/p>\n\n\n\n<p>En ausencia de consentimiento, el usuario podr\u00e1 ejercer sus derechos en las condiciones definidas en el art\u00edculo 5 anterior.<\/p>\n\n\n\n<p>La fecha de las \u00faltimas actualizaciones se indicar\u00e1 expl\u00edcitamente en el p\u00e1rrafo siguiente del presente art\u00edculo.<\/p>\n\n\n\n<p>Esto implica, por tanto, que el usuario consulte peri\u00f3dicamente y de forma aut\u00f3noma la presente pol\u00edtica.<\/p>\n\n\n\n<p><strong>La \u00faltima actualizaci\u00f3n de la presente pol\u00edtica de privacidad tuvo lugar el 2 de enero de 2024.<\/strong><\/p>\n<\/div>\n<\/div>\n","protected":false},"excerpt":{"rendered":"<p>Sus datos personales son importantes para XEFI Se informa al usuario de que los datos personales que le conciernen pueden ser recogidos por la sociedad HOLDING GALAXITY (en adelante, la \u00abCompa\u00f1\u00eda\u00bb) con ocasi\u00f3n de su navegaci\u00f3n por el sitio web www.xefi.es (en adelante, el \u00abSitio\u00bb). La presente pol\u00edtica de privacidad define e informa a los [&hellip;]<\/p>\n","protected":false},"author":1,"featured_media":14887,"parent":0,"menu_order":67,"comment_status":"closed","ping_status":"closed","template":"","meta":{"_acf_changed":false,"footnotes":""},"class_list":["post-14886","page","type-page","status-publish","has-post-thumbnail","hentry","page_location-enlaces-al-pie-de-pagina"],"acf":[],"_links":{"self":[{"href":"https:\/\/www.xefi.es\/es\/wp-json\/wp\/v2\/pages\/14886","targetHints":{"allow":["GET"]}}],"collection":[{"href":"https:\/\/www.xefi.es\/es\/wp-json\/wp\/v2\/pages"}],"about":[{"href":"https:\/\/www.xefi.es\/es\/wp-json\/wp\/v2\/types\/page"}],"author":[{"embeddable":true,"href":"https:\/\/www.xefi.es\/es\/wp-json\/wp\/v2\/users\/1"}],"replies":[{"embeddable":true,"href":"https:\/\/www.xefi.es\/es\/wp-json\/wp\/v2\/comments?post=14886"}],"version-history":[{"count":8,"href":"https:\/\/www.xefi.es\/es\/wp-json\/wp\/v2\/pages\/14886\/revisions"}],"predecessor-version":[{"id":15332,"href":"https:\/\/www.xefi.es\/es\/wp-json\/wp\/v2\/pages\/14886\/revisions\/15332"}],"wp:featuredmedia":[{"embeddable":true,"href":"https:\/\/www.xefi.es\/es\/wp-json\/wp\/v2\/media\/14887"}],"wp:attachment":[{"href":"https:\/\/www.xefi.es\/es\/wp-json\/wp\/v2\/media?parent=14886"}],"curies":[{"name":"wp","href":"https:\/\/api.w.org\/{rel}","templated":true}]}}