{"id":14883,"date":"2025-05-07T11:48:01","date_gmt":"2025-05-07T09:48:01","guid":{"rendered":"https:\/\/www.xefi.es\/aviso-legal\/"},"modified":"2025-10-10T16:55:28","modified_gmt":"2025-10-10T14:55:28","slug":"aviso-legal","status":"publish","type":"page","link":"https:\/\/www.xefi.es\/es\/aviso-legal\/","title":{"rendered":"Aviso legal"},"content":{"rendered":"\n<div class=\"wp-block-group alignfull is-layout-constrained wp-container-core-group-is-layout-a47e864c wp-block-group-is-layout-constrained\" style=\"padding-top:var(--wp--preset--spacing--80);padding-right:var(--wp--preset--spacing--50);padding-bottom:var(--wp--preset--spacing--80);padding-left:var(--wp--preset--spacing--50)\">\n<div class=\"wp-block-group is-layout-constrained wp-container-core-group-is-layout-bea02a06 wp-block-group-is-layout-constrained\">\n<h2 class=\"wp-block-heading\">Editor:<\/h2>\n\n\n\n<p>El sitio web www.xefi.com (en adelante, el \u00abSitio\u00bb) que est\u00e1 consultando actualmente es propiedad de:<br\/>La sociedad por acciones simplificada HOLDING GALAXITY;<br\/>Con un capital de 736.340 euros;<br\/>Ubicada en 2507 Avenue de l\u2019Europe, 69140 Rillieux-la-Pape;<br\/>Inscrita en el Registro Mercantil de Lyon con el n\u00famero RCS 433 902 640<br\/>IVA intracomunitario: FR39433902640<br\/>Tel.: 04 72 83 75 75<br\/>Correo electr\u00f3nico: contact@xefi.fr<br\/>(En adelante, la \u00abSociedad\u00bb)<\/p>\n\n\n\n<h2 class=\"wp-block-heading\"><strong>Director de la publicaci\u00f3n:<\/strong><\/h2>\n\n\n\n<p>Se\u00f1or Pierre GUILLERMET<\/p>\n\n\n\n<h2 class=\"wp-block-heading\"><strong>Alojamiento:<\/strong><\/h2>\n\n\n\n<p>El Sitio est\u00e1 alojado por:<br\/>La sociedad por acciones simplificada NEXEREN (RCS 753 351 709);<br\/>Con sede social en 2507, Avenue de l\u2019Europe, 69140 RILLIEUX-LA-PAPE;<br\/>Sitio web:<br\/>Tel.: 04 72 83 75 75<\/p>\n\n\n\n<h2 class=\"wp-block-heading\"><strong>Derecho de propiedad intelectual<\/strong><\/h2>\n\n\n\n<p>Se informa al usuario de que las fotograf\u00edas presentes en el Sitio no tienen car\u00e1cter contractual.<\/p>\n\n\n\n<p>Los textos, logotipos, fotograf\u00edas, im\u00e1genes e ilustraciones reproducidos en el Sitio son propiedad exclusiva de la Sociedad y\/o est\u00e1n libres de derechos.<\/p>\n\n\n\n<p>En consecuencia, la navegaci\u00f3n del usuario por el Sitio no le otorga ning\u00fan derecho de propiedad sobre dichos elementos.<\/p>\n\n\n\n<p>En consecuencia, toda reproducci\u00f3n, representaci\u00f3n, utilizaci\u00f3n o adaptaci\u00f3n, parcial o total, de cualquiera de estos elementos, sea cual sea su forma, constituye un acto de falsificaci\u00f3n sancionado por el C\u00f3digo de la Propiedad Intelectual.<\/p>\n\n\n\n<p>Todas las marcas verbales o figurativas y cualquier otro signo distintivo de la Sociedad que aparezcan en el Sitio, est\u00e9n o no registradas, son y seguir\u00e1n siendo propiedad exclusiva de la Sociedad.<\/p>\n\n\n\n<p>Cualquier reproducci\u00f3n total o parcial, modificaci\u00f3n o utilizaci\u00f3n de estas marcas y\/o signos distintivos, por cualquier motivo y en cualquier soporte, sin el acuerdo expreso y previo de la Sociedad, est\u00e1 estrictamente prohibida.<\/p>\n\n\n\n<p>Lo mismo se aplica a cualquier combinaci\u00f3n o asociaci\u00f3n con otra marca, s\u00edmbolo, logotipo y, en general, con cualquier signo distintivo destinado a formar un logotipo compuesto.<\/p>\n\n\n\n<h2 class=\"wp-block-heading\"><strong>Enlaces de hipertexto<\/strong><\/h2>\n\n\n\n<p>Toda creaci\u00f3n de un enlace de hipertexto que apunte al Sitio es libre.<\/p>\n\n\n\n<p>La existencia de un enlace de hipertexto desde el Sitio que redirija a otro sitio no constituye una validaci\u00f3n de dicho sitio ni de su contenido. La Sociedad no puede ejercer control sobre el contenido de esos sitios y no se hace responsable de la informaci\u00f3n, opiniones o recomendaciones formuladas por terceros en ellos.<\/p>\n<\/div>\n<\/div>\n","protected":false},"excerpt":{"rendered":"<p>Editor: El sitio web www.xefi.com (en adelante, el \u00abSitio\u00bb) que est\u00e1 consultando actualmente es propiedad de:La sociedad por acciones simplificada HOLDING GALAXITY;Con un capital de 736.340 euros;Ubicada en 2507 Avenue de l\u2019Europe, 69140 Rillieux-la-Pape;Inscrita en el Registro Mercantil de Lyon con el n\u00famero RCS 433 902 640IVA intracomunitario: FR39433902640Tel.: 04 72 83 75 75Correo electr\u00f3nico: [&hellip;]<\/p>\n","protected":false},"author":1,"featured_media":14884,"parent":0,"menu_order":66,"comment_status":"closed","ping_status":"closed","template":"","meta":{"_acf_changed":false,"footnotes":""},"class_list":["post-14883","page","type-page","status-publish","has-post-thumbnail","hentry","page_location-enlaces-al-pie-de-pagina"],"acf":[],"_links":{"self":[{"href":"https:\/\/www.xefi.es\/es\/wp-json\/wp\/v2\/pages\/14883","targetHints":{"allow":["GET"]}}],"collection":[{"href":"https:\/\/www.xefi.es\/es\/wp-json\/wp\/v2\/pages"}],"about":[{"href":"https:\/\/www.xefi.es\/es\/wp-json\/wp\/v2\/types\/page"}],"author":[{"embeddable":true,"href":"https:\/\/www.xefi.es\/es\/wp-json\/wp\/v2\/users\/1"}],"replies":[{"embeddable":true,"href":"https:\/\/www.xefi.es\/es\/wp-json\/wp\/v2\/comments?post=14883"}],"version-history":[{"count":1,"href":"https:\/\/www.xefi.es\/es\/wp-json\/wp\/v2\/pages\/14883\/revisions"}],"predecessor-version":[{"id":14885,"href":"https:\/\/www.xefi.es\/es\/wp-json\/wp\/v2\/pages\/14883\/revisions\/14885"}],"wp:featuredmedia":[{"embeddable":true,"href":"https:\/\/www.xefi.es\/es\/wp-json\/wp\/v2\/media\/14884"}],"wp:attachment":[{"href":"https:\/\/www.xefi.es\/es\/wp-json\/wp\/v2\/media?parent=14883"}],"curies":[{"name":"wp","href":"https:\/\/api.w.org\/{rel}","templated":true}]}}