{"id":13665,"date":"2025-06-24T11:22:11","date_gmt":"2025-06-24T09:22:11","guid":{"rendered":"https:\/\/www.xefi.es\/descubrir-xefi\/acerca-de-nosotros\/contactar-con-el-grupo\/"},"modified":"2025-10-06T12:41:04","modified_gmt":"2025-10-06T10:41:04","slug":"contactar-con-el-grupo","status":"publish","type":"page","link":"https:\/\/www.xefi.es\/es\/descubrir-xefi\/acerca-de-nosotros\/contactar-con-el-grupo\/","title":{"rendered":"Contactar con el grupo"},"content":{"rendered":"\n<div class=\"wp-block-group alignfull is-layout-constrained wp-container-core-group-is-layout-a47e864c wp-block-group-is-layout-constrained\" style=\"padding-top:var(--wp--preset--spacing--80);padding-right:var(--wp--preset--spacing--50);padding-bottom:var(--wp--preset--spacing--80);padding-left:var(--wp--preset--spacing--50)\"><nav class=\"manitoba-intern-menu manitoba-intern-menu-cols-3 manitoba-intern-menu--hover-width wp-block-manitoba-page-location-intern-menu\" aria-label=\"Menu interne\">\n  <ul class=\"manitoba-intern-menu-grid\">\n            <li class=\"manitoba-intern-menu-grid-item\">\n                  <a href=\"https:\/\/www.xefi.es\/fr\/decouvrir-xefi\/a-propos-de-nous\/ouvrir-une-franchise-xefi\/\" class=\"manitoba-intern-menu-item has-description\"\n         aria-labelledby=\"menu-title-0\"\n         aria-describedby=\"menu-desc-0\">\n                  <div class=\"manitoba-intern-menu-item-background\" style=\"background-image: url(https:\/\/www.xefi.fr\/wp-content\/uploads\/sites\/2\/2025\/07\/contacter-le-groupe-ouvrir-franchise-xefi-partenaire-informatique-des-tpe-pme-scaled.jpg);\" aria-hidden=\"true\"><\/div>\n          <div class=\"manitoba-intern-menu-item-overlay\">\n            <div class=\"manitoba-intern-menu-item-title-container\">\n              <h3 id=\"menu-title-0\" class=\"manitoba-intern-menu-item-title\">\n                <strong>\u00bfDesea convertirse en franquiciado de XEFI?<\/strong><\/h3>\n            <\/div>\n                        <div class=\"manitoba-intern-menu-item-description-container\">\n              <p id=\"menu-desc-0\" class=\"manitoba-intern-menu-item-description\">\n                \u00a1Elija el rendimiento y \u00fanase a nuestra red!               <\/p>\n            <\/div>\n                      <\/div>\n                <\/a>\n          <\/li>\n        <li class=\"manitoba-intern-menu-grid-item\">\n                  <a href=\"https:\/\/carriere.xefi.fr\/\" class=\"manitoba-intern-menu-item has-description\" target=\"_blank\" rel=\"noopener noreferrer\" aria-labelledby=\"menu-title-1\" aria-describedby=\"menu-desc-1\">\n                  <div class=\"manitoba-intern-menu-item-background\" style=\"background-image: url(https:\/\/www.xefi.es\/wp-content\/uploads\/sites\/12\/2025\/07\/contacter-le-groupe-carriere-travailler-chez-xefi-partenaire-informatique-des-tpe-pme.jpg);\" aria-hidden=\"true\"><\/div>\n          <div class=\"manitoba-intern-menu-item-overlay\">\n            <div class=\"manitoba-intern-menu-item-title-container\">\n              <h3 id=\"menu-title-1\" class=\"manitoba-intern-menu-item-title\">\n                <strong><strong>\u00bfDesea trabajar en XEFI?<\/strong><\/strong><\/h3>\n            <\/div>\n                        <div class=\"manitoba-intern-menu-item-description-container\">\n              <p id=\"menu-desc-1\" class=\"manitoba-intern-menu-item-description\">\n                \u00a1\u00danete a una empresa ambiciosa, impulsada por el esp\u00edritu de equipo!              <\/p>\n            <\/div>\n                      <\/div>\n                <\/a>\n          <\/li>\n        <li class=\"manitoba-intern-menu-grid-item\">\n                  <a href=\"#contact-store\" class=\"manitoba-intern-menu-item has-description\"\n         aria-labelledby=\"menu-title-2\"\n         aria-describedby=\"menu-desc-2\">\n                  <div class=\"manitoba-intern-menu-item-background\" style=\"background-image: url(https:\/\/www.xefi.es\/wp-content\/uploads\/sites\/12\/2025\/07\/contacter-le-groupe-demande-de-devis-xefi-partenaire-informatique-des-tpe-pme-vf.png);\" aria-hidden=\"true\"><\/div>\n          <div class=\"manitoba-intern-menu-item-overlay\">\n            <div class=\"manitoba-intern-menu-item-title-container\">\n              <h3 id=\"menu-title-2\" class=\"manitoba-intern-menu-item-title\">\n                <strong><strong>\u00bfDesea solicitar un presupuesto?<\/strong><\/strong><\/h3>\n            <\/div>\n                        <div class=\"manitoba-intern-menu-item-description-container\">\n              <p id=\"menu-desc-2\" class=\"manitoba-intern-menu-item-description\">\n                P\u00f3ngase en contacto con nosotros y le responderemos lo antes posible.              <\/p>\n            <\/div>\n                      <\/div>\n                <\/a>\n          <\/li>\n          <\/ul>\n<\/nav>\n<\/div>\n\n<div class=\"wp-block-group has-light-background-color has-background is-layout-constrained wp-container-core-group-is-layout-a47e864c wp-block-group-is-layout-constrained\" style=\"padding-top:var(--wp--preset--spacing--80);padding-right:var(--wp--preset--spacing--50);padding-bottom:var(--wp--preset--spacing--80);padding-left:var(--wp--preset--spacing--50)\">\n<h2 class=\"wp-block-heading has-text-align-center\">\u00bfALGUNA OTRA PREGUNTA?<mark class=\"has-inline-color has-primary-color\"> \u00a1CONT\u00c1CTENOS!<\/mark><\/h2>\n\n\n\n<p class=\"has-text-align-center\" style=\"margin-bottom:var(--wp--preset--spacing--80)\">Nuestro equipo est\u00e1 a su disposici\u00f3n para responder a todas sus preguntas. <strong>Rellene el siguiente formulario y nos pondremos en contacto con usted lo antes posible.<\/strong><\/p>\n\n\n\n<div class=\"wp-block-group is-layout-constrained wp-container-core-group-is-layout-bea02a06 wp-block-group-is-layout-constrained\">\n<div class=\"wp-block-contact-form-7-contact-form-selector\">\n<div class=\"wpcf7 no-js\" id=\"wpcf7-f13993-o1\" lang=\"es\" dir=\"ltr\" data-wpcf7-id=\"13993\">\n<div class=\"screen-reader-response\"><p role=\"status\" aria-live=\"polite\" aria-atomic=\"true\"><\/p> <ul><\/ul><\/div>\n<form action=\"\/es\/wp-json\/wp\/v2\/pages\/13665#wpcf7-f13993-o1\" method=\"post\" class=\"wpcf7-form init\" aria-label=\"Contact form\" novalidate=\"novalidate\" data-status=\"init\">\n<div style=\"display: none;\">\n<input type=\"hidden\" name=\"_wpcf7\" value=\"13993\" \/>\n<input type=\"hidden\" name=\"_wpcf7_version\" value=\"6.0.6\" \/>\n<input type=\"hidden\" name=\"_wpcf7_locale\" value=\"es\" \/>\n<input type=\"hidden\" name=\"_wpcf7_unit_tag\" value=\"wpcf7-f13993-o1\" \/>\n<input type=\"hidden\" name=\"_wpcf7_container_post\" value=\"0\" \/>\n<input type=\"hidden\" name=\"_wpcf7_posted_data_hash\" value=\"\" \/>\n<input type=\"hidden\" name=\"_wpcf7_recaptcha_response\" value=\"\" \/>\n<\/div>\n<div class=\"form-wrapper\">\n\t<div class=\"form-field field-w70\">\n\t\t<p><label>Tu solicitud est\u00e1 relacionada con*<\/label><br \/>\n<span class=\"wpcf7-form-control-wrap\" data-name=\"select-request\"><select class=\"wpcf7-form-control wpcf7-select wpcf7-validates-as-required\" aria-required=\"true\" aria-invalid=\"false\" name=\"select-request\"><option value=\"\">Seleccionar una opci\u00f3n<\/option><option value=\"Patrocinio \/ sponsoring\">Patrocinio \/ sponsoring<\/option><option value=\"Oferta de servicios \/ partenariat\">Oferta de servicios \/ partenariat<\/option><option value=\"Prensa\">Prensa<\/option><option value=\"Solicitud de pr\u00e1cticas\">Solicitud de pr\u00e1cticas<\/option><\/select><\/span>\n\t\t<\/p>\n\t<\/div>\n\t<div class=\"form-field field-w50\">\n\t\t<p><label>Nombre de la empresa<\/label><br \/>\n<span class=\"wpcf7-form-control-wrap\" data-name=\"input-company\"><input size=\"40\" maxlength=\"400\" class=\"wpcf7-form-control wpcf7-text\" aria-invalid=\"false\" placeholder=\"Ej : XEFI\" value=\"\" type=\"text\" name=\"input-company\" \/><\/span>\n\t\t<\/p>\n\t<\/div>\n\t<div class=\"form-field field-w30\">\n\t\t<p><label>C\u00f3digo postal*<\/label><br \/>\n<span class=\"wpcf7-form-control-wrap\" data-name=\"input-postalcode\"><input size=\"40\" maxlength=\"400\" class=\"wpcf7-form-control wpcf7-text wpcf7-validates-as-required\" aria-required=\"true\" aria-invalid=\"false\" placeholder=\"Ej : 28000\" value=\"\" type=\"text\" name=\"input-postalcode\" \/><\/span>\n\t\t<\/p>\n\t<\/div>\n\t<div class=\"form-field field-w30\">\n\t\t<p><label>Apellido*<\/label><br \/>\n<span class=\"wpcf7-form-control-wrap\" data-name=\"input-lastname\"><input size=\"40\" maxlength=\"400\" class=\"wpcf7-form-control wpcf7-text wpcf7-validates-as-required\" aria-required=\"true\" aria-invalid=\"false\" placeholder=\"Ej : Dupont\" value=\"\" type=\"text\" name=\"input-lastname\" \/><\/span>\n\t\t<\/p>\n\t<\/div>\n\t<div class=\"form-field field-w30\">\n\t\t<p><label>Nombre*<\/label><br \/>\n<span class=\"wpcf7-form-control-wrap\" data-name=\"input-firstname\"><input size=\"40\" maxlength=\"400\" class=\"wpcf7-form-control wpcf7-text wpcf7-validates-as-required\" aria-required=\"true\" aria-invalid=\"false\" placeholder=\"Ej : Nicolas\" value=\"\" type=\"text\" name=\"input-firstname\" \/><\/span>\n\t\t<\/p>\n\t<\/div>\n\t<div class=\"form-field field-w50\">\n\t\t<p><label>E-mail*<\/label><br \/>\n<span class=\"wpcf7-form-control-wrap\" data-name=\"input-email\"><input size=\"40\" maxlength=\"400\" class=\"wpcf7-form-control wpcf7-email wpcf7-validates-as-required wpcf7-text wpcf7-validates-as-email\" aria-required=\"true\" aria-invalid=\"false\" placeholder=\"Ej : example@email.es\" value=\"\" type=\"email\" name=\"input-email\" \/><\/span>\n\t\t<\/p>\n\t<\/div>\n\t<div class=\"form-field field-w30\">\n\t\t<p><label>N.\u00ba de tel\u00e9fono*<\/label><br \/>\n<span class=\"wpcf7-form-control-wrap\" data-name=\"input-phone\"><input size=\"40\" maxlength=\"400\" class=\"wpcf7-form-control wpcf7-tel wpcf7-validates-as-required wpcf7-text wpcf7-validates-as-tel\" aria-required=\"true\" aria-invalid=\"false\" placeholder=\"Ej : 600 00 00 00\" value=\"\" type=\"tel\" name=\"input-phone\" \/><\/span>\n\t\t<\/p>\n\t<\/div>\n\t<div class=\"form-field field-w100\">\n\t\t<p><label>Mi mensaje*<\/label><br \/>\n<span class=\"wpcf7-form-control-wrap\" data-name=\"textarea-message\"><textarea cols=\"40\" rows=\"10\" maxlength=\"2000\" class=\"wpcf7-form-control wpcf7-textarea wpcf7-validates-as-required\" aria-required=\"true\" aria-invalid=\"false\" placeholder=\"Ej : Busco consejo sobre...\" name=\"textarea-message\"><\/textarea><\/span>\n\t\t<\/p>\n\t<\/div>\n<\/div>\n<p><span class=\"wpcf7-form-control-wrap\" data-name=\"input-acceptance\"><span class=\"wpcf7-form-control wpcf7-acceptance\"><span class=\"wpcf7-list-item\"><label><input type=\"checkbox\" name=\"input-acceptance\" value=\"1\" aria-invalid=\"false\" \/><span class=\"wpcf7-list-item-label\">Al enviar este formulario, acepto que XEFI Espa\u00f1a trate mis datos personales (nombre, correo electr\u00f3nico, tel\u00e9fono...) con el fin de ponerse en contacto conmigo en relaci\u00f3n con mi solicitud y ofrecerme sus productos y servicios. De acuerdo con el Reglamento General de Protecci\u00f3n de Datos (RGPD) y con la Ley Org\u00e1nica de Protecci\u00f3n de Datos y Garant\u00eda de los Derechos Digitales (LOPDGDD), dispongo del derecho de acceso, rectificaci\u00f3n, supresi\u00f3n, portabilidad, oposici\u00f3n, limitaci\u00f3n y retirada de mi consentimiento, que puedo ejercer escribiendo a dpo.espagne@xefi.fr o ante la Agencia Espa\u00f1ola de Protecci\u00f3n de Datos (www.aepd.es)<\/span><\/label><\/span><\/span><\/span>\n<\/p>\n<p><small>Para obtener m\u00e1s informaci\u00f3n sobre la gesti\u00f3n de sus datos y sus derechos, consulte nuestra<br \/>\n<a href=\"\/fr\/politique-de-confidentialite\">pol\u00edtica de privacidad y cookies<\/a>.<\/small>\n<\/p>\n<p><small>*campos obligatorios<\/small>\n<\/p>\n<p><button type=\"submit\">Enviar mi solicitud<\/button>\n<\/p><div class=\"wpcf7-response-output\" aria-hidden=\"true\"><\/div>\n<\/form>\n<\/div>\n<\/div>\n<\/div>\n<\/div>\n\n<p><\/p>\n","protected":false},"excerpt":{"rendered":"<p>\u00bfALGUNA OTRA PREGUNTA? \u00a1CONT\u00c1CTENOS! Nuestro equipo est\u00e1 a su disposici\u00f3n para responder a todas sus preguntas. Rellene el siguiente formulario y nos pondremos en contacto con usted lo antes posible.<\/p>\n","protected":false},"author":1,"featured_media":0,"parent":13519,"menu_order":56,"comment_status":"closed","ping_status":"closed","template":"","meta":{"_acf_changed":false,"footnotes":""},"class_list":["post-13665","page","type-page","status-publish","hentry","page_location-menu-movil","page_location-menu-secundario","page_location-pagina-de-contacto"],"acf":[],"_links":{"self":[{"href":"https:\/\/www.xefi.es\/es\/wp-json\/wp\/v2\/pages\/13665","targetHints":{"allow":["GET"]}}],"collection":[{"href":"https:\/\/www.xefi.es\/es\/wp-json\/wp\/v2\/pages"}],"about":[{"href":"https:\/\/www.xefi.es\/es\/wp-json\/wp\/v2\/types\/page"}],"author":[{"embeddable":true,"href":"https:\/\/www.xefi.es\/es\/wp-json\/wp\/v2\/users\/1"}],"replies":[{"embeddable":true,"href":"https:\/\/www.xefi.es\/es\/wp-json\/wp\/v2\/comments?post=13665"}],"version-history":[{"count":3,"href":"https:\/\/www.xefi.es\/es\/wp-json\/wp\/v2\/pages\/13665\/revisions"}],"predecessor-version":[{"id":14498,"href":"https:\/\/www.xefi.es\/es\/wp-json\/wp\/v2\/pages\/13665\/revisions\/14498"}],"up":[{"embeddable":true,"href":"https:\/\/www.xefi.es\/es\/wp-json\/wp\/v2\/pages\/13519"}],"wp:attachment":[{"href":"https:\/\/www.xefi.es\/es\/wp-json\/wp\/v2\/media?parent=13665"}],"curies":[{"name":"wp","href":"https:\/\/api.w.org\/{rel}","templated":true}]}}