{"id":13567,"date":"2025-05-05T11:22:09","date_gmt":"2025-05-05T09:22:09","guid":{"rendered":"https:\/\/www.xefi.es\/descubrir-xefi\/acerca-de-nosotros\/nuestros-socios-y-certificaciones\/"},"modified":"2025-11-06T11:44:19","modified_gmt":"2025-11-06T10:44:19","slug":"nuestros-socios-y-certificaciones","status":"publish","type":"page","link":"https:\/\/www.xefi.es\/es\/descubrir-xefi\/acerca-de-nosotros\/nuestros-socios-y-certificaciones\/","title":{"rendered":"Nuestros socios y certificaciones"},"content":{"rendered":"\n<div class=\"wp-block-group alignfull is-layout-constrained wp-container-core-group-is-layout-e283d89d wp-block-group-is-layout-constrained\" style=\"margin-bottom:var(--wp--preset--spacing--70);padding-top:var(--wp--preset--spacing--80);padding-right:var(--wp--preset--spacing--50);padding-bottom:var(--wp--preset--spacing--80);padding-left:var(--wp--preset--spacing--50)\">\n<h2 class=\"wp-block-heading has-text-align-center\" style=\"margin-bottom:var(--wp--preset--spacing--50)\">UNOS SOCIOS DE ALTO NIVEL PARA <mark class=\"has-inline-color has-primary-color\">GARANTIZARTE UN SERVICIO DE EXCELENCIA<\/mark> <\/h2>\n\n\n\n<p class=\"has-text-align-center\">En XEFI, el rendimiento y la seguridad de sus infraestructuras inform\u00e1ticas se basan en unos cimientos s\u00f3lidos. Nuestras certificaciones t\u00e9cnicas y nuestras colaboraciones con los l\u00edderes mundiales del sector dan fe de nuestra exigencia de calidad.<\/p>\n\n\n\n<p class=\"has-text-align-center\" style=\"margin-bottom:0\"><strong>Estos reconocimientos oficiales nos permiten ofrecerte soluciones fiables, evolutivas y siempre a la vanguardia de la innovaci\u00f3n.<\/strong><\/p>\n<\/div>\n\n<div class=\"wp-block-group alignfull has-grey-2-background-color has-background is-layout-constrained wp-container-core-group-is-layout-19e250f3 wp-block-group-is-layout-constrained\">\n<div style=\"height:60px\" aria-hidden=\"true\" class=\"wp-block-spacer\"><\/div>\n\n\n\n<div class=\"wp-block-group cut-border has-background-background-color has-background is-layout-constrained wp-container-core-group-is-layout-01050bb4 wp-block-group-is-layout-constrained\" style=\"margin-top:0;margin-bottom:var(--wp--preset--spacing--70);padding-right:0;padding-left:0\">\n<div class=\"wp-block-columns is-layout-flex wp-container-core-columns-is-layout-e2f33555 wp-block-columns-is-layout-flex\" style=\"padding-top:var(--wp--preset--spacing--70);padding-right:var(--wp--preset--spacing--70);padding-bottom:var(--wp--preset--spacing--70);padding-left:var(--wp--preset--spacing--70)\">\n<div class=\"wp-block-column is-layout-flow wp-block-column-is-layout-flow\">\n<figure class=\"wp-block-image size-full cut-border\" style=\"margin-top:0\"><img loading=\"lazy\" decoding=\"async\" width=\"2560\" height=\"1707\" src=\"https:\/\/www.xefi.fr\/wp-content\/uploads\/sites\/2\/2025\/07\/hpi-xefi-partenaire-informatique-tpe-pme-scaled.jpg\" alt=\"\" class=\"wp-image-10328\" style=\"aspect-ratio:4\/3;object-fit:cover\" srcset=\"https:\/\/www.xefi.es\/wp-content\/uploads\/sites\/12\/2025\/07\/hpi-xefi-partenaire-informatique-tpe-pme-scaled.jpg 2560w, https:\/\/www.xefi.es\/wp-content\/uploads\/sites\/12\/2025\/07\/hpi-xefi-partenaire-informatique-tpe-pme-300x200.jpg 300w, https:\/\/www.xefi.es\/wp-content\/uploads\/sites\/12\/2025\/07\/hpi-xefi-partenaire-informatique-tpe-pme-1024x683.jpg 1024w, https:\/\/www.xefi.es\/wp-content\/uploads\/sites\/12\/2025\/07\/hpi-xefi-partenaire-informatique-tpe-pme-768x512.jpg 768w, https:\/\/www.xefi.es\/wp-content\/uploads\/sites\/12\/2025\/07\/hpi-xefi-partenaire-informatique-tpe-pme-1536x1024.jpg 1536w, https:\/\/www.xefi.es\/wp-content\/uploads\/sites\/12\/2025\/07\/hpi-xefi-partenaire-informatique-tpe-pme-2048x1365.jpg 2048w\" sizes=\"auto, (max-width: 2560px) 100vw, 2560px\" \/><\/figure>\n<\/div>\n\n\n\n<div class=\"wp-block-column is-layout-flow wp-block-column-is-layout-flow\" style=\"padding-right:0;padding-left:0\">\n<figure class=\"wp-block-image size-full is-resized\" style=\"margin-top:0;margin-bottom:var(--wp--preset--spacing--60)\"><img loading=\"lazy\" decoding=\"async\" width=\"50\" height=\"50\" src=\"https:\/\/www.xefi.fr\/wp-content\/uploads\/sites\/2\/2025\/05\/HP_logo_2025.svg-e1751965539763.png\" alt=\"\" class=\"wp-image-9534\" style=\"width:50px;height:auto\"\/><\/figure>\n\n\n\n<h3 class=\"wp-block-heading\"><strong>HP AMPLIFY POWER<\/strong><\/h3>\n\n\n\n<p>XEFI posee hoy el estatus de HP Amplify Power. <\/p>\n\n\n\n<p>Este estatus corresponde al m\u00e1s alto nivel de certificaci\u00f3n en HP Inc. y permite ofrecer a los clientes de XEFI los mejores precios de todos los productos de la marca (PC, port\u00e1tiles, impresoras, fotocopiadoras), el mejor soporte comercial y t\u00e9cnico, as\u00ed como un acceso privilegiado a las piezas de recambio. <\/p>\n\n\n\n<p>Gracias a esta relaci\u00f3n privilegiada entre XEFI y el fabricante, todos nuestros clientes se benefician de inmediato y directamente de todas estas ventajas.<\/p>\n<\/div>\n<\/div>\n<\/div>\n\n\n\n<div class=\"wp-block-group cut-border has-background-background-color has-background is-layout-constrained wp-container-core-group-is-layout-e04e6721 wp-block-group-is-layout-constrained\" style=\"margin-bottom:var(--wp--preset--spacing--70);padding-right:0;padding-left:0\">\n<div class=\"wp-block-columns is-layout-flex wp-container-core-columns-is-layout-e2f33555 wp-block-columns-is-layout-flex\" style=\"padding-top:var(--wp--preset--spacing--70);padding-right:var(--wp--preset--spacing--70);padding-bottom:var(--wp--preset--spacing--70);padding-left:var(--wp--preset--spacing--70)\">\n<div class=\"wp-block-column is-layout-flow wp-block-column-is-layout-flow\" style=\"padding-right:0;padding-left:0\">\n<figure class=\"wp-block-image size-full is-resized\" style=\"margin-top:0;margin-bottom:var(--wp--preset--spacing--60)\"><img decoding=\"async\" src=\"https:\/\/www.xefi.fr\/wp-content\/uploads\/sites\/2\/2025\/07\/Hewlett_Packard_Enterprise_logo_2025.svg-1-1-scaled.png\" alt=\"\" class=\"wp-image-10675\" style=\"width:auto;height:30px\"\/><\/figure>\n\n\n\n<h3 class=\"wp-block-heading\"><strong>HEWLETT PACKARD ENTERPRISE<\/strong><\/h3>\n\n\n\n<p>XEFI es socio exclusivo de Hewlett Packard Enterprise. Hewlett Packard Enterprise reconoce regularmente a XEFI como \u00abSocio del A\u00f1o\u00bb a nivel europeo.  <\/p>\n\n\n\n<p>Este nivel de acompa\u00f1amiento ofrece a los clientes de XEFI los mejores precios en Hewlett Packard Enterprise en todos los productos, Servidores, Almacenamiento y Redes del fabricante.<\/p>\n<\/div>\n\n\n\n<div class=\"wp-block-column is-layout-flow wp-block-column-is-layout-flow\">\n<figure class=\"wp-block-image size-full cut-border\"><img loading=\"lazy\" decoding=\"async\" width=\"2560\" height=\"1440\" src=\"https:\/\/www.xefi.fr\/wp-content\/uploads\/sites\/2\/2025\/07\/hewlett-packard-entreprise-hpe-xefi-partenaire-informatique-tpe-pme-scaled.jpg\" alt=\"\" class=\"wp-image-10331\" style=\"aspect-ratio:4\/3;object-fit:cover\" srcset=\"https:\/\/www.xefi.es\/wp-content\/uploads\/sites\/12\/2025\/07\/hewlett-packard-entreprise-hpe-xefi-partenaire-informatique-tpe-pme-scaled.jpg 2560w, https:\/\/www.xefi.es\/wp-content\/uploads\/sites\/12\/2025\/07\/hewlett-packard-entreprise-hpe-xefi-partenaire-informatique-tpe-pme-300x169.jpg 300w, https:\/\/www.xefi.es\/wp-content\/uploads\/sites\/12\/2025\/07\/hewlett-packard-entreprise-hpe-xefi-partenaire-informatique-tpe-pme-1024x576.jpg 1024w, https:\/\/www.xefi.es\/wp-content\/uploads\/sites\/12\/2025\/07\/hewlett-packard-entreprise-hpe-xefi-partenaire-informatique-tpe-pme-768x432.jpg 768w, https:\/\/www.xefi.es\/wp-content\/uploads\/sites\/12\/2025\/07\/hewlett-packard-entreprise-hpe-xefi-partenaire-informatique-tpe-pme-1536x864.jpg 1536w, https:\/\/www.xefi.es\/wp-content\/uploads\/sites\/12\/2025\/07\/hewlett-packard-entreprise-hpe-xefi-partenaire-informatique-tpe-pme-2048x1152.jpg 2048w\" sizes=\"auto, (max-width: 2560px) 100vw, 2560px\" \/><\/figure>\n<\/div>\n<\/div>\n<\/div>\n\n\n\n<div class=\"wp-block-group cut-border has-background-background-color has-background is-layout-constrained wp-container-core-group-is-layout-e04e6721 wp-block-group-is-layout-constrained\" style=\"margin-bottom:var(--wp--preset--spacing--70);padding-right:0;padding-left:0\">\n<div class=\"wp-block-columns is-layout-flex wp-container-core-columns-is-layout-e2f33555 wp-block-columns-is-layout-flex\" style=\"padding-top:var(--wp--preset--spacing--70);padding-right:var(--wp--preset--spacing--70);padding-bottom:var(--wp--preset--spacing--70);padding-left:var(--wp--preset--spacing--70)\">\n<div class=\"wp-block-column is-layout-flow wp-block-column-is-layout-flow\">\n<figure class=\"wp-block-image size-full cut-border\"><img loading=\"lazy\" decoding=\"async\" width=\"2560\" height=\"1440\" src=\"https:\/\/www.xefi.fr\/wp-content\/uploads\/sites\/2\/2025\/07\/hpe-aruba-entreprise-hpe-xefi-partenaire-informatique-tpe-pme-scaled.jpg\" alt=\"\" class=\"wp-image-10333\" style=\"aspect-ratio:4\/3;object-fit:cover\" srcset=\"https:\/\/www.xefi.es\/wp-content\/uploads\/sites\/12\/2025\/07\/hpe-aruba-entreprise-hpe-xefi-partenaire-informatique-tpe-pme-scaled.jpg 2560w, https:\/\/www.xefi.es\/wp-content\/uploads\/sites\/12\/2025\/07\/hpe-aruba-entreprise-hpe-xefi-partenaire-informatique-tpe-pme-300x169.jpg 300w, https:\/\/www.xefi.es\/wp-content\/uploads\/sites\/12\/2025\/07\/hpe-aruba-entreprise-hpe-xefi-partenaire-informatique-tpe-pme-1024x576.jpg 1024w, https:\/\/www.xefi.es\/wp-content\/uploads\/sites\/12\/2025\/07\/hpe-aruba-entreprise-hpe-xefi-partenaire-informatique-tpe-pme-768x432.jpg 768w, https:\/\/www.xefi.es\/wp-content\/uploads\/sites\/12\/2025\/07\/hpe-aruba-entreprise-hpe-xefi-partenaire-informatique-tpe-pme-1536x864.jpg 1536w, https:\/\/www.xefi.es\/wp-content\/uploads\/sites\/12\/2025\/07\/hpe-aruba-entreprise-hpe-xefi-partenaire-informatique-tpe-pme-2048x1152.jpg 2048w\" sizes=\"auto, (max-width: 2560px) 100vw, 2560px\" \/><\/figure>\n<\/div>\n\n\n\n<div class=\"wp-block-column is-layout-flow wp-block-column-is-layout-flow\" style=\"padding-right:0;padding-left:0\">\n<figure class=\"wp-block-image size-full is-resized\" style=\"margin-top:0;margin-bottom:var(--wp--preset--spacing--60)\"><img loading=\"lazy\" decoding=\"async\" width=\"198\" height=\"45\" src=\"https:\/\/www.xefi.fr\/wp-content\/uploads\/sites\/2\/2025\/07\/Group.png\" alt=\"\" class=\"wp-image-9857\" style=\"width:auto;height:30px\"\/><\/figure>\n\n\n\n<h3 class=\"wp-block-heading\"><strong>ARUBA<\/strong><\/h3>\n\n\n\n<p>Aruba, divisi\u00f3n de redes de Hewlett Packard Enterprise, est\u00e1 especializada en soluciones Wi-Fi, conmutadores, seguridad y gesti\u00f3n centralizada para infraestructuras inform\u00e1ticas.<\/p>\n\n\n\n<p>ARUBA es el socio de XEFI para Soluciones de Redes y WiFi<br\/><\/p>\n\n\n\n<p>En 2021, XEFI recibi\u00f3 el premio al mejor socio de MSP (Managed Service Provider) del a\u00f1o para la zona EMEA (Europa, Oriente Medio y \u00c1frica).<\/p>\n<\/div>\n<\/div>\n<\/div>\n\n\n\n<div class=\"wp-block-group cut-border has-background-background-color has-background is-layout-constrained wp-container-core-group-is-layout-e04e6721 wp-block-group-is-layout-constrained\" style=\"margin-bottom:var(--wp--preset--spacing--70);padding-right:0;padding-left:0\">\n<div class=\"wp-block-columns is-layout-flex wp-container-core-columns-is-layout-e2f33555 wp-block-columns-is-layout-flex\" style=\"padding-top:var(--wp--preset--spacing--70);padding-right:var(--wp--preset--spacing--70);padding-bottom:var(--wp--preset--spacing--70);padding-left:var(--wp--preset--spacing--70)\">\n<div class=\"wp-block-column is-layout-flow wp-block-column-is-layout-flow\" style=\"padding-right:0;padding-left:0\">\n<figure class=\"wp-block-image size-full is-resized\" style=\"margin-top:0;margin-bottom:var(--wp--preset--spacing--60)\"><img loading=\"lazy\" decoding=\"async\" width=\"167\" height=\"37\" src=\"https:\/\/www.xefi.fr\/wp-content\/uploads\/sites\/2\/2025\/07\/Group-1321314570.png\" alt=\"\" class=\"wp-image-9859\" style=\"width:auto;height:30px\"\/><\/figure>\n\n\n\n<h3 class=\"wp-block-heading\"><strong>MICROSOFT<\/strong><\/h3>\n\n\n\n<p>XEFI es uno de los socios m\u00e1s importantes de Microsoft en Francia en el mercado de las microempresas\/pymes.<\/p>\n<\/div>\n\n\n\n<div class=\"wp-block-column is-layout-flow wp-block-column-is-layout-flow\">\n<figure class=\"wp-block-image size-full cut-border\"><img loading=\"lazy\" decoding=\"async\" width=\"1366\" height=\"890\" src=\"https:\/\/www.xefi.fr\/wp-content\/uploads\/sites\/2\/2025\/07\/microsoft-entreprise-hpe-xefi-partenaire-informatique-tpe-pme.jpg\" alt=\"\" class=\"wp-image-10335\" style=\"aspect-ratio:4\/3;object-fit:cover\" srcset=\"https:\/\/www.xefi.es\/wp-content\/uploads\/sites\/12\/2025\/07\/microsoft-entreprise-hpe-xefi-partenaire-informatique-tpe-pme.jpg 1366w, https:\/\/www.xefi.es\/wp-content\/uploads\/sites\/12\/2025\/07\/microsoft-entreprise-hpe-xefi-partenaire-informatique-tpe-pme-300x195.jpg 300w, https:\/\/www.xefi.es\/wp-content\/uploads\/sites\/12\/2025\/07\/microsoft-entreprise-hpe-xefi-partenaire-informatique-tpe-pme-1024x667.jpg 1024w, https:\/\/www.xefi.es\/wp-content\/uploads\/sites\/12\/2025\/07\/microsoft-entreprise-hpe-xefi-partenaire-informatique-tpe-pme-768x500.jpg 768w\" sizes=\"auto, (max-width: 1366px) 100vw, 1366px\" \/><\/figure>\n<\/div>\n<\/div>\n<\/div>\n\n\n\n<div class=\"wp-block-group cut-border has-background-background-color has-background is-layout-constrained wp-container-core-group-is-layout-e04e6721 wp-block-group-is-layout-constrained\" style=\"margin-bottom:var(--wp--preset--spacing--70);padding-right:0;padding-left:0\">\n<div class=\"wp-block-columns is-layout-flex wp-container-core-columns-is-layout-e2f33555 wp-block-columns-is-layout-flex\" style=\"padding-top:var(--wp--preset--spacing--70);padding-right:var(--wp--preset--spacing--70);padding-bottom:var(--wp--preset--spacing--70);padding-left:var(--wp--preset--spacing--70)\">\n<div class=\"wp-block-column is-layout-flow wp-block-column-is-layout-flow\">\n<figure class=\"wp-block-image size-full cut-border\"><img loading=\"lazy\" decoding=\"async\" width=\"1216\" height=\"800\" src=\"https:\/\/www.xefi.fr\/wp-content\/uploads\/sites\/2\/2025\/07\/sophos-xefi-partenaire-informatique-des-tpe-et-pme.png\" alt=\"\" class=\"wp-image-10339\" style=\"aspect-ratio:4\/3;object-fit:cover\" srcset=\"https:\/\/www.xefi.es\/wp-content\/uploads\/sites\/12\/2025\/07\/sophos-xefi-partenaire-informatique-des-tpe-et-pme.png 1216w, https:\/\/www.xefi.es\/wp-content\/uploads\/sites\/12\/2025\/07\/sophos-xefi-partenaire-informatique-des-tpe-et-pme-300x197.png 300w, https:\/\/www.xefi.es\/wp-content\/uploads\/sites\/12\/2025\/07\/sophos-xefi-partenaire-informatique-des-tpe-et-pme-1024x674.png 1024w, https:\/\/www.xefi.es\/wp-content\/uploads\/sites\/12\/2025\/07\/sophos-xefi-partenaire-informatique-des-tpe-et-pme-768x505.png 768w\" sizes=\"auto, (max-width: 1216px) 100vw, 1216px\" \/><\/figure>\n<\/div>\n\n\n\n<div class=\"wp-block-column is-layout-flow wp-block-column-is-layout-flow\" style=\"padding-right:0;padding-left:0\">\n<figure class=\"wp-block-image size-full is-resized\" style=\"margin-top:0;margin-bottom:var(--wp--preset--spacing--60)\"><img loading=\"lazy\" decoding=\"async\" width=\"601\" height=\"66\" src=\"https:\/\/www.xefi.fr\/wp-content\/uploads\/sites\/2\/2025\/05\/sophos-xefi-partenaire-informatique-tpe-et-pme.png\" alt=\"\" class=\"wp-image-11956\" style=\"width:182px;height:auto\" srcset=\"https:\/\/www.xefi.es\/wp-content\/uploads\/sites\/12\/2025\/05\/sophos-xefi-partenaire-informatique-tpe-et-pme.png 601w, https:\/\/www.xefi.es\/wp-content\/uploads\/sites\/12\/2025\/05\/sophos-xefi-partenaire-informatique-tpe-et-pme-300x33.png 300w\" sizes=\"auto, (max-width: 601px) 100vw, 601px\" \/><\/figure>\n\n\n\n<h3 class=\"wp-block-heading\"><strong>SOPHOS<\/strong><\/h3>\n\n\n\n<p>XEFI ha elegido a SOPHOS como socio para sus soluciones de seguridad desde hace muchos a\u00f1os.<br\/><\/p>\n\n\n\n<p>XEFI ha recibido regularmente el trofeo al mejor socio del a\u00f1o a nivel europeo.<\/p>\n<\/div>\n<\/div>\n<\/div>\n\n\n\n<div class=\"wp-block-group cut-border has-background-background-color has-background is-layout-constrained wp-container-core-group-is-layout-09eead76 wp-block-group-is-layout-constrained\" style=\"margin-bottom:0;padding-right:0;padding-left:0\">\n<div class=\"wp-block-columns is-layout-flex wp-container-core-columns-is-layout-e2f33555 wp-block-columns-is-layout-flex\" style=\"padding-top:var(--wp--preset--spacing--70);padding-right:var(--wp--preset--spacing--70);padding-bottom:var(--wp--preset--spacing--70);padding-left:var(--wp--preset--spacing--70)\">\n<div class=\"wp-block-column is-layout-flow wp-block-column-is-layout-flow\" style=\"padding-right:0;padding-left:0\">\n<figure class=\"wp-block-image size-full is-resized\" style=\"margin-top:0;margin-bottom:var(--wp--preset--spacing--60)\"><img loading=\"lazy\" decoding=\"async\" width=\"111\" height=\"49\" src=\"https:\/\/www.xefi.fr\/wp-content\/uploads\/sites\/2\/2025\/07\/poly-1.png\" alt=\"\" class=\"wp-image-9855\" style=\"width:auto;height:40px\"\/><\/figure>\n\n\n\n<h3 class=\"wp-block-heading\"><strong>HP POLY<\/strong><\/h3>\n\n\n\n<p>Filial de HP INC desde 2022, POLY dise\u00f1a soluciones de audio y v\u00eddeo para la colaboraci\u00f3n profesional. <\/p>\n\n\n\n<p>Gracias a esta colaboraci\u00f3n, XEFI ofrece una amplia gama de equipos (auriculares, videoconferencia, tel\u00e9fonos) y un alto nivel de asistencia comercial y t\u00e9cnica para todos los entornos de trabajo h\u00edbridos.<\/p>\n<\/div>\n\n\n\n<div class=\"wp-block-column is-layout-flow wp-block-column-is-layout-flow\">\n<figure class=\"wp-block-image size-full cut-border\" style=\"margin-top:0\"><img loading=\"lazy\" decoding=\"async\" width=\"2560\" height=\"1707\" src=\"https:\/\/www.xefi.fr\/wp-content\/uploads\/sites\/2\/2025\/07\/poly-xefi-partenaire-informatique-tpe-pme-scaled.jpg\" alt=\"\" class=\"wp-image-10341\" style=\"aspect-ratio:4\/3;object-fit:cover\" srcset=\"https:\/\/www.xefi.es\/wp-content\/uploads\/sites\/12\/2025\/07\/poly-xefi-partenaire-informatique-tpe-pme-scaled.jpg 2560w, https:\/\/www.xefi.es\/wp-content\/uploads\/sites\/12\/2025\/07\/poly-xefi-partenaire-informatique-tpe-pme-300x200.jpg 300w, https:\/\/www.xefi.es\/wp-content\/uploads\/sites\/12\/2025\/07\/poly-xefi-partenaire-informatique-tpe-pme-1024x683.jpg 1024w, https:\/\/www.xefi.es\/wp-content\/uploads\/sites\/12\/2025\/07\/poly-xefi-partenaire-informatique-tpe-pme-768x512.jpg 768w, https:\/\/www.xefi.es\/wp-content\/uploads\/sites\/12\/2025\/07\/poly-xefi-partenaire-informatique-tpe-pme-1536x1024.jpg 1536w, https:\/\/www.xefi.es\/wp-content\/uploads\/sites\/12\/2025\/07\/poly-xefi-partenaire-informatique-tpe-pme-2048x1365.jpg 2048w\" sizes=\"auto, (max-width: 2560px) 100vw, 2560px\" \/><\/figure>\n<\/div>\n<\/div>\n<\/div>\n\n\n\n<div style=\"height:60px\" aria-hidden=\"true\" class=\"wp-block-spacer\"><\/div>\n<\/div>\n\n<div class=\"wp-block-group alignfull is-layout-constrained wp-container-core-group-is-layout-11c1ca01 wp-block-group-is-layout-constrained has-background\" style=\"padding-right:var(--wp--preset--spacing--50);padding-left:var(--wp--preset--spacing--50);background-image:url(&#039;https:\/\/www.xefi.fr\/wp-content\/uploads\/sites\/2\/2025\/06\/image_certifications_bandeau_contact-scaled.jpg&#039;);background-position:50% 50%;background-size:cover;background-attachment:scroll;\">\n<div class=\"wp-block-columns is-layout-flex wp-container-core-columns-is-layout-28f84493 wp-block-columns-is-layout-flex\">\n<div class=\"wp-block-column is-layout-flow wp-block-column-is-layout-flow\" style=\"padding-top:var(--wp--preset--spacing--50);padding-bottom:var(--wp--preset--spacing--50);flex-basis:33.33%\">\n<h3 class=\"wp-block-heading has-background-color has-text-color has-link-color wp-elements-20241a817ac92c9abb3a99d02fa3614e\">\u00bfDESEAS M\u00c1S INFORMACI\u00d3N SOBRE NUESTRAS CERTIFICACIONES?<\/h3>\n\n\n\n<div class=\"wp-block-buttons is-layout-flex wp-block-buttons-is-layout-flex\">\n<div class=\"wp-block-button\"><a class=\"wp-block-button__link has-background-background-color has-background wp-element-button\" href=\"https:\/\/www.xefi.es\/es\/descubrir-xefi\/acerca-de-nosotros\/contactar-con-el-grupo\/\">Ponte en contacto con nosotros<\/a><\/div>\n<\/div>\n<\/div>\n\n\n\n<div class=\"wp-block-column is-layout-flow wp-block-column-is-layout-flow\" style=\"flex-basis:66.66%\"><\/div>\n<\/div>\n<\/div>\n\n<div class=\"wp-block-group alignfull has-light-background-color has-background is-layout-constrained wp-container-core-group-is-layout-a47e864c wp-block-group-is-layout-constrained\" style=\"padding-top:var(--wp--preset--spacing--80);padding-right:var(--wp--preset--spacing--50);padding-bottom:var(--wp--preset--spacing--80);padding-left:var(--wp--preset--spacing--50)\">\n<h2 class=\"wp-block-heading has-text-align-center\" style=\"margin-bottom:var(--wp--preset--spacing--80)\">\u00bfPor qu\u00e9 elegir <mark class=\"has-inline-color has-primary-color\">XEFI<\/mark>?<\/h2>\n\n\n\n<div class=\"wp-block-columns is-layout-flex wp-container-core-columns-is-layout-f5a44f5b wp-block-columns-is-layout-flex\">\n<div class=\"wp-block-column is-vertically-aligned-top is-layout-flow wp-block-column-is-layout-flow\">\n<figure class=\"wp-block-image aligncenter size-full\" style=\"margin-bottom:var(--wp--preset--spacing--50)\"><img decoding=\"async\" src=\"https:\/\/www.xefi.fr\/wp-content\/uploads\/sites\/2\/2025\/05\/icon_proximite.svg\" alt=\"\" class=\"wp-image-675\"\/><\/figure>\n\n\n\n<p class=\"has-text-align-center has-custom-medium-font-size\"><strong>Proximidad<\/strong><\/p>\n\n\n\n<p class=\"has-text-align-center\"><mark class=\"has-inline-color has-foreground-color\">10<\/mark> agencias en Espa\u00f1a: ventanillas \u00fanicas situadas a menos de 30 minutos de nuestros clientes.<\/p>\n<\/div>\n\n\n\n<div class=\"wp-block-column is-layout-flow wp-block-column-is-layout-flow\">\n<figure class=\"wp-block-image aligncenter size-full\" style=\"margin-bottom:var(--wp--preset--spacing--50)\"><img decoding=\"async\" src=\"https:\/\/www.xefi.fr\/wp-content\/uploads\/sites\/2\/2025\/05\/icon_expertise.svg\" alt=\"\" class=\"wp-image-669\"\/><\/figure>\n\n\n\n<p class=\"has-text-align-center has-custom-medium-font-size\"><strong>Experiencia<\/strong><\/p>\n\n\n\n<p class=\"has-text-align-center\">Un equipo de expertos y servicios y soluciones inform\u00e1ticas dedicados a las PYMES.<\/p>\n<\/div>\n\n\n\n<div class=\"wp-block-column is-layout-flow wp-block-column-is-layout-flow\">\n<figure class=\"wp-block-image aligncenter size-full\" style=\"margin-bottom:var(--wp--preset--spacing--50)\"><img decoding=\"async\" src=\"https:\/\/www.xefi.fr\/wp-content\/uploads\/sites\/2\/2025\/05\/icon_transparence.svg\" alt=\"\" class=\"wp-image-681\"\/><\/figure>\n\n\n\n<p class=\"has-text-align-center has-custom-medium-font-size\"><strong>Transparencia<\/strong><\/p>\n\n\n\n<p class=\"has-text-align-center\">Soluciones \u00abllave en mano\u00bb y sin costos ocultos para una transparencia total hacia nuestros clientes.<\/p>\n<\/div>\n\n\n\n<div class=\"wp-block-column is-layout-flow wp-block-column-is-layout-flow\">\n<figure class=\"wp-block-image aligncenter size-full\" style=\"margin-bottom:var(--wp--preset--spacing--50)\"><img decoding=\"async\" src=\"https:\/\/www.xefi.fr\/wp-content\/uploads\/sites\/2\/2025\/05\/icon_serenite.svg\" alt=\"\" class=\"wp-image-679\"\/><\/figure>\n\n\n\n<p class=\"has-text-align-center has-custom-medium-font-size\"><strong>Serenidad<\/strong><\/p>\n\n\n\n<p class=\"has-text-align-center\">Un socio de confianza que gestiona su sistema inform\u00e1tico y asegura el buen funcionamiento de su empresa.<\/p>\n<\/div>\n<\/div>\n<\/div>\n","protected":false},"excerpt":{"rendered":"<p>UNOS SOCIOS DE ALTO NIVEL PARA GARANTIZARTE UN SERVICIO DE EXCELENCIA En XEFI, el rendimiento y la seguridad de sus infraestructuras inform\u00e1ticas se basan en unos cimientos s\u00f3lidos. Nuestras certificaciones t\u00e9cnicas y nuestras colaboraciones con los l\u00edderes mundiales del sector dan fe de nuestra exigencia de calidad. Estos reconocimientos oficiales nos permiten ofrecerte soluciones fiables, [&hellip;]<\/p>\n","protected":false},"author":1,"featured_media":13572,"parent":13519,"menu_order":51,"comment_status":"closed","ping_status":"closed","template":"","meta":{"_acf_changed":false,"footnotes":""},"class_list":["post-13567","page","type-page","status-publish","has-post-thumbnail","hentry","page_location-menu-movil","page_location-menu-secundario"],"acf":[],"_links":{"self":[{"href":"https:\/\/www.xefi.es\/es\/wp-json\/wp\/v2\/pages\/13567","targetHints":{"allow":["GET"]}}],"collection":[{"href":"https:\/\/www.xefi.es\/es\/wp-json\/wp\/v2\/pages"}],"about":[{"href":"https:\/\/www.xefi.es\/es\/wp-json\/wp\/v2\/types\/page"}],"author":[{"embeddable":true,"href":"https:\/\/www.xefi.es\/es\/wp-json\/wp\/v2\/users\/1"}],"replies":[{"embeddable":true,"href":"https:\/\/www.xefi.es\/es\/wp-json\/wp\/v2\/comments?post=13567"}],"version-history":[{"count":7,"href":"https:\/\/www.xefi.es\/es\/wp-json\/wp\/v2\/pages\/13567\/revisions"}],"predecessor-version":[{"id":15295,"href":"https:\/\/www.xefi.es\/es\/wp-json\/wp\/v2\/pages\/13567\/revisions\/15295"}],"up":[{"embeddable":true,"href":"https:\/\/www.xefi.es\/es\/wp-json\/wp\/v2\/pages\/13519"}],"wp:featuredmedia":[{"embeddable":true,"href":"https:\/\/www.xefi.es\/es\/wp-json\/wp\/v2\/media\/13572"}],"wp:attachment":[{"href":"https:\/\/www.xefi.es\/es\/wp-json\/wp\/v2\/media?parent=13567"}],"curies":[{"name":"wp","href":"https:\/\/api.w.org\/{rel}","templated":true}]}}