{"id":13199,"date":"2025-05-05T10:17:09","date_gmt":"2025-05-05T08:17:09","guid":{"rendered":"https:\/\/www.xefi.es\/seguridad\/"},"modified":"2025-11-06T10:44:35","modified_gmt":"2025-11-06T09:44:35","slug":"seguridad","status":"publish","type":"page","link":"https:\/\/www.xefi.es\/es\/seguridad\/","title":{"rendered":"Seguridad"},"content":{"rendered":"\n<div class=\"wp-block-group is-layout-constrained wp-container-core-group-is-layout-a47e864c wp-block-group-is-layout-constrained\" style=\"padding-top:var(--wp--preset--spacing--80);padding-right:var(--wp--preset--spacing--50);padding-bottom:var(--wp--preset--spacing--80);padding-left:var(--wp--preset--spacing--50)\">\n<div class=\"wp-block-columns is-layout-flex wp-container-core-columns-is-layout-7ee84d44 wp-block-columns-is-layout-flex\">\n<div class=\"wp-block-column is-layout-flow wp-container-core-column-is-layout-8a368f38 wp-block-column-is-layout-flow\"><div class=\"manitoba-chiffres-cle animated wp-block-manitoba-chiffres-chiffres-cle\" id=\"chiffre-1\">\n  <div class=\"manitoba-chiffres-number-wrapper\">\n    <p class=\"manitoba-chiffres-number-value\" data-number=\"71\"\n      data-animated=\"true\" style=\"\">\n      0    <\/p>\n        <p class=\"manitoba-chiffres-number-unit\" style=\"\">%<\/p>\n      <\/div>\n<\/div>\n\n\n\n\n<p class=\"has-text-align-center\" style=\"margin-bottom:var(--wp--preset--spacing--20)\">de las microempresas y pymes que son objeto de un ciberataque no se recupera<\/p>\n\n\n\n<p class=\"has-text-align-center has-grey-color has-text-color has-link-color has-custom-small-font-size wp-elements-20ca5597cd5cb1f429c2c86afe154991\">Fuente: Estudio Symantec<\/p>\n<\/div>\n\n\n\n<div class=\"wp-block-column is-layout-flow wp-block-column-is-layout-flow\"><div class=\"manitoba-chiffres-cle animated wp-block-manitoba-chiffres-chiffres-cle\" id=\"chiffre-2\">\n  <div class=\"manitoba-chiffres-number-wrapper\">\n    <p class=\"manitoba-chiffres-number-value\" data-number=\"105\"\n      data-animated=\"true\" style=\"\">\n      0    <\/p>\n        <p class=\"manitoba-chiffres-number-unit\" style=\"\">k\u20ac<\/p>\n      <\/div>\n<\/div>\n\n\n\n\n<p class=\"has-text-align-center\" style=\"margin-bottom:var(--wp--preset--spacing--20)\">coste medio de un ciberataque para una pyme en los pa\u00edses de la OCDE<\/p>\n\n\n\n<p class=\"has-text-align-center has-grey-color has-text-color has-link-color has-custom-small-font-size wp-elements-76cd1b75ca4ba49497dd22c128ea286c\">Fuente: WEF, Global Cybersecurity Outlook<\/p>\n<\/div>\n\n\n\n<div class=\"wp-block-column is-layout-flow wp-block-column-is-layout-flow\"><div class=\"manitoba-chiffres-cle animated wp-block-manitoba-chiffres-chiffres-cle\" id=\"chiffre-3\">\n  <div class=\"manitoba-chiffres-number-wrapper\">\n    <p class=\"manitoba-chiffres-number-value\" data-number=\"61\"\n      data-animated=\"true\" style=\"\">\n      0    <\/p>\n        <p class=\"manitoba-chiffres-number-unit\" style=\"\">%<\/p>\n      <\/div>\n<\/div>\n\n\n\n\n<p class=\"has-text-align-center\" style=\"margin-bottom:var(--wp--preset--spacing--20)\">de los ciberataques en Europa en 2025 tuvieron como objetivo directo a las pymes<\/p>\n\n\n\n<p class=\"has-text-align-center has-grey-color has-text-color has-link-color has-custom-small-font-size wp-elements-ed1dcf9d1af125aa75047d3753f8b39c\">Fuente : WEF<\/p>\n<\/div>\n<\/div>\n<\/div>\n\n<section class=\"wp-block-group is-layout-constrained wp-container-core-group-is-layout-656a57f4 wp-block-group-is-layout-constrained\" style=\"padding-top:var(--wp--preset--spacing--80);padding-right:var(--wp--preset--spacing--50);padding-bottom:var(--wp--preset--spacing--80);padding-left:var(--wp--preset--spacing--50)\">\n<h2 class=\"wp-block-heading has-text-align-center\" style=\"margin-bottom:var(--wp--preset--spacing--80)\">La <mark class=\"has-inline-color has-primary-color\">seguridad inform\u00e1tica<\/mark> ata\u00f1e a todo su ecosistema<\/h2>\n\n\n<nav class=\"manitoba-intern-menu manitoba-intern-menu-cols-4 manitoba-intern-menu--hover-width wp-block-manitoba-page-location-intern-menu\" aria-label=\"Menu interne\">\n  <ul class=\"manitoba-intern-menu-grid\">\n            <li class=\"manitoba-intern-menu-grid-item\">\n                  <a href=\"https:\/\/www.xefi.es\/fr\/securite\/securite-nos-solutions\/reseau-securise-avec-pare-feu\/\" class=\"manitoba-intern-menu-item has-description\"\n         aria-labelledby=\"menu-title-0\"\n         aria-describedby=\"menu-desc-0\">\n                  <div class=\"manitoba-intern-menu-item-background\" style=\"background-image: url(https:\/\/www.xefi.fr\/wp-content\/uploads\/sites\/2\/2025\/07\/securite-informatique-reseau-xefi-partenaire-informatique-des-tpe-pme-scaled.jpg);\" aria-hidden=\"true\"><\/div>\n          <div class=\"manitoba-intern-menu-item-overlay\">\n            <div class=\"manitoba-intern-menu-item-title-container\">\n              <h3 id=\"menu-title-0\" class=\"manitoba-intern-menu-item-title\">\n                Red<\/h3>\n            <\/div>\n                        <div class=\"manitoba-intern-menu-item-description-container\">\n              <p id=\"menu-desc-0\" class=\"manitoba-intern-menu-item-description\">\n                Una red mal protegida es una puerta abierta a los ataques. Proteja su infraestructura con soluciones eficaces.               <\/p>\n            <\/div>\n                      <\/div>\n                <\/a>\n          <\/li>\n        <li class=\"manitoba-intern-menu-grid-item\">\n                  <a href=\"https:\/\/www.xefi.es\/fr\/securite\/securite-vos-enjeux\/securiser-vos-serveurs-contre-les-virus-et-malwares\/\" class=\"manitoba-intern-menu-item has-description\"\n         aria-labelledby=\"menu-title-1\"\n         aria-describedby=\"menu-desc-1\">\n                  <div class=\"manitoba-intern-menu-item-background\" style=\"background-image: url(https:\/\/www.xefi.fr\/wp-content\/uploads\/sites\/2\/2025\/07\/serveurs-securite-it-xefi-partenaire-informatique-des-tpe-pme.jpg);\" aria-hidden=\"true\"><\/div>\n          <div class=\"manitoba-intern-menu-item-overlay\">\n            <div class=\"manitoba-intern-menu-item-title-container\">\n              <h3 id=\"menu-title-1\" class=\"manitoba-intern-menu-item-title\">\n                Servidores<\/h3>\n            <\/div>\n                        <div class=\"manitoba-intern-menu-item-description-container\">\n              <p id=\"menu-desc-1\" class=\"manitoba-intern-menu-item-description\">\n                Sus servidores almacenan datos cr\u00edticos. Implemente una protecci\u00f3n robusta para evitar cualquier intrusi\u00f3n.               <\/p>\n            <\/div>\n                      <\/div>\n                <\/a>\n          <\/li>\n        <li class=\"manitoba-intern-menu-grid-item\">\n                  <a href=\"https:\/\/www.xefi.es\/fr\/securite\/securite-nos-solutions\/protection-antivirus-et-anti-ransomwares\/\" class=\"manitoba-intern-menu-item has-description\"\n         aria-labelledby=\"menu-title-2\"\n         aria-describedby=\"menu-desc-2\">\n                  <div class=\"manitoba-intern-menu-item-background\" style=\"background-image: url(https:\/\/www.xefi.fr\/wp-content\/uploads\/sites\/2\/2025\/07\/contacter-le-groupe-demande-de-devis-xefi-partenaire-informatique-des-tpe-et-pme.png);\" aria-hidden=\"true\"><\/div>\n          <div class=\"manitoba-intern-menu-item-overlay\">\n            <div class=\"manitoba-intern-menu-item-title-container\">\n              <h3 id=\"menu-title-2\" class=\"manitoba-intern-menu-item-title\">\n                Estaciones de trabajo<\/h3>\n            <\/div>\n                        <div class=\"manitoba-intern-menu-item-description-container\">\n              <p id=\"menu-desc-2\" class=\"manitoba-intern-menu-item-description\">\n                Cada estaci\u00f3n de trabajo puede ser una puerta de entrada para los cibercriminales. Proteja todos sus equipos all\u00e1 donde est\u00e9.               <\/p>\n            <\/div>\n                      <\/div>\n                <\/a>\n          <\/li>\n        <li class=\"manitoba-intern-menu-grid-item\">\n                  <a href=\"https:\/\/www.xefi.es\/fr\/securite\/securite-nos-solutions\/protection-antispam\/\" class=\"manitoba-intern-menu-item has-description\"\n         aria-labelledby=\"menu-title-3\"\n         aria-describedby=\"menu-desc-3\">\n                  <div class=\"manitoba-intern-menu-item-background\" style=\"background-image: url(https:\/\/www.xefi.fr\/wp-content\/uploads\/sites\/2\/2025\/06\/image_emails-scaled.jpg);\" aria-hidden=\"true\"><\/div>\n          <div class=\"manitoba-intern-menu-item-overlay\">\n            <div class=\"manitoba-intern-menu-item-title-container\">\n              <h3 id=\"menu-title-3\" class=\"manitoba-intern-menu-item-title\">\n                E-mails<\/h3>\n            <\/div>\n                        <div class=\"manitoba-intern-menu-item-description-container\">\n              <p id=\"menu-desc-3\" class=\"manitoba-intern-menu-item-description\">\n                Los mensajes de correo electr\u00f3nico son el principal vector de ataques (phising, ransomwares, etc.). Proteja su mensajer\u00eda para disminuir el riesgo de intrusi\u00f3n.               <\/p>\n            <\/div>\n                      <\/div>\n                <\/a>\n          <\/li>\n          <\/ul>\n<\/nav>\n<\/section>\n\n<div class=\"wp-block-group alignfull is-layout-constrained wp-container-core-group-is-layout-11c1ca01 wp-block-group-is-layout-constrained has-background\" style=\"padding-right:var(--wp--preset--spacing--50);padding-left:var(--wp--preset--spacing--50);background-image:url(&#039;https:\/\/www.xefi.fr\/wp-content\/uploads\/sites\/2\/2025\/06\/image_securite_contact-scaled.png&#039;);background-position:50% 50%;background-size:cover;background-attachment:scroll;\">\n<div class=\"wp-block-columns is-layout-flex wp-container-core-columns-is-layout-28f84493 wp-block-columns-is-layout-flex\">\n<div class=\"wp-block-column is-layout-flow wp-block-column-is-layout-flow\" style=\"padding-top:var(--wp--preset--spacing--50);padding-bottom:var(--wp--preset--spacing--50);flex-basis:33.33%\">\n<h3 class=\"wp-block-heading has-background-color has-text-color has-link-color wp-elements-fa91b8f0780f4f59a96d3310d553cc4a\">\u00bfQuieres protegerte de forma eficaz contra un ciberataque?<\/h3>\n\n\n\n<p class=\"has-background-color has-text-color has-link-color wp-elements-05f0b5b1e4556b6ffa2d83be6754a532\">Habla con un experto en seguridad en menos de una hora<\/p>\n\n\n\n<div class=\"wp-block-buttons is-layout-flex wp-block-buttons-is-layout-flex\">\n<div class=\"wp-block-button alt\"><a class=\"wp-block-button__link has-background-background-color has-background wp-element-button\" href=\"#contact-store\">Ponte en contacto con nosotros<\/a><\/div>\n<\/div>\n<\/div>\n\n\n\n<div class=\"wp-block-column is-layout-flow wp-block-column-is-layout-flow\" style=\"flex-basis:66.66%\"><\/div>\n<\/div>\n<\/div>\n\n<div class=\"wp-block-group alignfull has-grey-background-color has-background is-layout-constrained wp-container-core-group-is-layout-a47e864c wp-block-group-is-layout-constrained\" style=\"padding-top:var(--wp--preset--spacing--80);padding-right:var(--wp--preset--spacing--50);padding-bottom:var(--wp--preset--spacing--80);padding-left:var(--wp--preset--spacing--50)\">\n<h2 class=\"wp-block-heading has-text-align-center has-dark-color has-text-color has-link-color wp-elements-0fd9e613af2f9f53ec020dbe616ec24f\" style=\"margin-bottom:var(--wp--preset--spacing--80)\">Nuestros <mark class=\"has-inline-color has-primary-color\">expertos opinan<\/mark><\/h2>\n\n\n<script type=\"application\/ld+json\">{\"@context\":\"https:\/\/schema.org\",\"@graph\":[{\"@type\":\"TechArticle\",\"headline\":\"Nuestra experta en IT, Lucile, nos habla de nuestras soluciones de seguridad\",\"dateCreated\":\"2025-06-13T17:32:16+02:00\",\"datePublished\":\"2025-06-13T17:32:16+02:00\",\"abstract\":\"En menos de 2 minutos, descubra en video el testimonio de nuestra experta en seguridad sobre las soluciones propuestas a las PYMES para protegerse de las amenazas inform\u00e1ticas. \u00bfCu\u00e1les son los riesgos de una brecha de seguridad para una empresa? \u00bfPor qu\u00e9 las PYMES son especialmente objetivo de los ciberataques? \u00bfC\u00f3mo protege XEFI a sus [\u2026]\",\"inLanguage\":\"es\",\"url\":\"https:\/\/www.xefi.es\/es\/nuestra-experta-en-ti-lucile-nos-habla-de-nuestras-soluciones-de-seguridad\/\",\"author\":{\"@type\":\"Person\",\"name\":\"master\"},\"image\":{\"@type\":\"ImageObject\",\"url\":\"https:\/\/www.xefi.es\/wp-content\/uploads\/sites\/12\/2025\/06\/lucille-experte-it-solution-securite-xefi-informatique-partenaire-des-tpe-pme.png\"}}]}<\/script><div class=\"manitoba-articles-carousel\" id=\"articles-carousel-4\"\n  data-max-items=\"5\" data-autoplay=\"false\" data-autoplay-delay=\"58000\">\n  <div class=\"swiper\">\n    <div class=\"swiper-wrapper\">\n            <div class=\"swiper-slide\">\n        <article class=\"article-card cut-border\">\n          <div class=\"article-media\">\n                        <div class=\"article-video\">\n              <iframe loading=\"lazy\" title=\"Nuestra experta en IT, Lucile, nos habla sobre las soluciones de seguridad inform\u00e1tica de XEFI\" width=\"500\" height=\"281\" src=\"https:\/\/www.youtube.com\/embed\/NFMKdwbtqJ0?feature=oembed\" frameborder=\"0\" allow=\"accelerometer; autoplay; clipboard-write; encrypted-media; gyroscope; picture-in-picture; web-share\" referrerpolicy=\"strict-origin-when-cross-origin\" allowfullscreen><\/iframe>            <\/div>\n                      <\/div>\n\n          <div class=\"article-content\">\n            <p class=\"article-meta\">\n                            <span class=\"article-category\">\n                Seguridad              <\/span>\n                          <\/p>\n\n                        <p class=\"article-tags\">\n                            <span class=\"article-tag\">\n                antivirus              <\/span>\n                            <span class=\"article-tag\">\n                ciberataque              <\/span>\n                            <span class=\"article-tag\">\n                ransomware              <\/span>\n                          <\/p>\n            \n            <h3 class=\"article-title\">\n              <a\n                href=\"https:\/\/www.xefi.es\/es\/nuestra-experta-en-ti-lucile-nos-habla-de-nuestras-soluciones-de-seguridad\/\">Nuestra experta en IT, Lucile, nos habla de nuestras soluciones de seguridad<\/a>\n            <\/h3>\n\n            <p class=\"article-excerpt\">\n              En menos de 2 minutos, descubra en video el testimonio de nuestra experta en seguridad sobre las soluciones propuestas a las PYMES para protegerse de las amenazas inform\u00e1ticas. \u00bfCu\u00e1les son los riesgos de una brecha de seguridad para una empresa? \u00bfPor qu\u00e9 las PYMES son especialmente objetivo de los ciberataques? \u00bfC\u00f3mo protege XEFI a sus&#8230;            <\/p>\n            <a class=\"article-btn\" aria-label=\"Nuestra experta en IT, Lucile, nos habla de nuestras soluciones de seguridad\"\n              href=\"https:\/\/www.xefi.es\/es\/nuestra-experta-en-ti-lucile-nos-habla-de-nuestras-soluciones-de-seguridad\/\">\n              M\u00e1s informaci\u00f3n            <\/a>\n          <\/div>\n        <\/article>\n      <\/div>\n          <\/div>\n\n      <\/div>\n  <\/div>\n\n\n\n\n<div class=\"wp-block-buttons is-content-justification-center is-layout-flex wp-container-core-buttons-is-layout-46a81f07 wp-block-buttons-is-layout-flex\" style=\"margin-top:var(--wp--preset--spacing--80)\">\n<div class=\"wp-block-button\"><a class=\"wp-block-button__link has-background-color has-dark-background-color has-text-color has-background has-link-color has-text-align-left wp-element-button\" href=\"https:\/\/www.xefi.es\/es\/descubrir-xefi\/acerca-de-nosotros\/consejos-de-expertos-y-actualidad\/\">Ver todos los consejos de nuestros expertos<\/a><\/div>\n<\/div>\n<\/div>\n\n<div class=\"wp-block-group alignfull has-background-color has-dark-background-color has-text-color has-background has-link-color wp-elements-57182861fb4a6cd4819248c967b3cd16 is-layout-constrained wp-container-core-group-is-layout-656a57f4 wp-block-group-is-layout-constrained\" style=\"padding-top:var(--wp--preset--spacing--80);padding-right:var(--wp--preset--spacing--50);padding-bottom:var(--wp--preset--spacing--80);padding-left:var(--wp--preset--spacing--50)\">\n<div class=\"wp-block-columns is-layout-flex wp-container-core-columns-is-layout-14cf5ab5 wp-block-columns-is-layout-flex\">\n<div class=\"wp-block-column is-layout-flow wp-block-column-is-layout-flow\">\n<figure class=\"wp-block-image size-full cut-border\"><img loading=\"lazy\" decoding=\"async\" width=\"1920\" height=\"1280\" src=\"https:\/\/www.xefi.fr\/wp-content\/uploads\/sites\/2\/2025\/05\/expertise-xefi-pour-tpe-pme-bd.jpg\" alt=\"\" class=\"wp-image-10628\" style=\"aspect-ratio:16\/9;object-fit:cover\" srcset=\"https:\/\/www.xefi.es\/wp-content\/uploads\/sites\/12\/2025\/05\/expertise-xefi-pour-tpe-pme-bd.jpg 1920w, https:\/\/www.xefi.es\/wp-content\/uploads\/sites\/12\/2025\/05\/expertise-xefi-pour-tpe-pme-bd-300x200.jpg 300w, https:\/\/www.xefi.es\/wp-content\/uploads\/sites\/12\/2025\/05\/expertise-xefi-pour-tpe-pme-bd-1024x683.jpg 1024w, https:\/\/www.xefi.es\/wp-content\/uploads\/sites\/12\/2025\/05\/expertise-xefi-pour-tpe-pme-bd-768x512.jpg 768w, https:\/\/www.xefi.es\/wp-content\/uploads\/sites\/12\/2025\/05\/expertise-xefi-pour-tpe-pme-bd-1536x1024.jpg 1536w\" sizes=\"auto, (max-width: 1920px) 100vw, 1920px\" \/><\/figure>\n<\/div>\n\n\n\n<div class=\"wp-block-column is-layout-flow wp-block-column-is-layout-flow\" style=\"padding-top:var(--wp--preset--spacing--60);padding-right:var(--wp--preset--spacing--50);padding-bottom:var(--wp--preset--spacing--60);padding-left:var(--wp--preset--spacing--50)\">\n<h3 class=\"wp-block-heading\" style=\"margin-bottom:var(--wp--preset--spacing--60)\">LA EXPERIENCIA XEFI PARA MICROEMPRESAS\/PYMES<\/h3>\n\n\n\n<ul class=\"wp-block-list\">\n<li><strong>Un enfoque llave en mano, desde la instalaci\u00f3n hasta el seguimiento<\/strong><\/li>\n\n\n\n<li><strong>Asistencia telef\u00f3nica r\u00e1pida<\/strong><\/li>\n\n\n\n<li><strong>Intervenci\u00f3n in situ en un plazo de 4 a 36 horas<\/strong><\/li>\n\n\n\n<li><strong>28 a\u00f1os de experiencia en el sector<\/strong><\/li>\n<\/ul>\n<\/div>\n<\/div>\n<\/div>\n\n<div style=\"height:100px\" aria-hidden=\"true\" class=\"wp-block-spacer\"><\/div>\n\n<div class=\"wp-block-group alignfull is-layout-constrained wp-container-core-group-is-layout-11c1ca01 wp-block-group-is-layout-constrained has-background\" style=\"padding-right:var(--wp--preset--spacing--50);padding-left:var(--wp--preset--spacing--50);background-image:url(&#039;https:\/\/www.xefi.fr\/wp-content\/uploads\/sites\/2\/2025\/06\/image_securite_livre_blanc-scaled.png&#039;);background-position:50% 50%;background-size:cover;background-attachment:scroll;\">\n<div class=\"wp-block-columns is-layout-flex wp-container-core-columns-is-layout-28f84493 wp-block-columns-is-layout-flex\">\n<div class=\"wp-block-column is-layout-flow wp-block-column-is-layout-flow\" style=\"padding-top:var(--wp--preset--spacing--50);padding-bottom:var(--wp--preset--spacing--50);flex-basis:33.33%\">\n<h3 class=\"wp-block-heading has-background-color has-text-color has-link-color wp-elements-37435f2e96f1da7e1fd3f25ec6e21e7d\" style=\"text-transform:uppercase\">La seguridad inform\u00e1tica de las microempresas\/pymes es un reto importante<\/h3>\n\n\n\n<div class=\"wp-block-buttons is-layout-flex wp-block-buttons-is-layout-flex\">\n<div class=\"wp-block-button\"><a class=\"wp-block-button__link has-background-background-color has-background wp-element-button\" href=\"#contact-store\">Ponte en contacto con nosotros<\/a><\/div>\n<\/div>\n<\/div>\n\n\n\n<div class=\"wp-block-column is-layout-flow wp-block-column-is-layout-flow\" style=\"flex-basis:66.66%\"><\/div>\n<\/div>\n<\/div>\n\n<div class=\"wp-block-group alignfull is-layout-constrained wp-container-core-group-is-layout-a47e864c wp-block-group-is-layout-constrained\" style=\"padding-top:var(--wp--preset--spacing--80);padding-right:var(--wp--preset--spacing--50);padding-bottom:var(--wp--preset--spacing--80);padding-left:var(--wp--preset--spacing--50)\">\n<h2 class=\"wp-block-heading has-text-align-center\" style=\"margin-bottom:var(--wp--preset--spacing--80)\"><mark class=\"has-inline-color has-primary-color\">Preguntas<\/mark> frecuentes<\/h2>\n\n\n\n<div class=\"wp-block-columns is-layout-flex wp-container-core-columns-is-layout-14cf5ab5 wp-block-columns-is-layout-flex\">\n<div class=\"wp-block-column is-layout-flow wp-container-core-column-is-layout-15ea44a4 wp-block-column-is-layout-flow\" style=\"flex-basis:60%\">\t\t<div class=\"manitoba-faq-entries wp-block-manitoba-faq-faq-entries\" data-accordion-role=\"group\"\n\t\t\tdata-accordion-behavior=\"single\">\n\t\t\t\t\t\t\t<div class=\"manitoba-faq-item\" data-accordion-role=\"item\">\n\t\t\t\t\t<p class=\"manitoba-faq-question\">\n\t\t\t\t\t\t<button type=\"button\" id=\"faq-question-13938\" class=\"manitoba-faq-question-trigger\"\n\t\t\t\t\t\t\taria-expanded=\"false\" aria-controls=\"faq-answer-13938\">\n\t\t\t\t\t\t\t<span class=\"manitoba-faq-question-trigger-label\">\u00bfC\u00f3mo implementar soluciones en mi empresa?<\/span>\n\t\t\t\t\t\t<\/button>\n\t\t\t\t\t<\/p>\n\t\t\t\t\t<div class=\"manitoba-faq-answer\" id=\"faq-answer-13938\"\n\t\t\t\t\t\taria-labelledby=\"faq-question-13938\" hidden>\n\t\t\t\t\t\t\n<p>Nuestros equipos se ocupan de todo: instalaci\u00f3n, configuraci\u00f3n y soporte para garantizar una protecci\u00f3n \u00f3ptima desde el primer d\u00eda.<\/p>\n\n<p><\/p>\n\n\t\t\t\t\t\t\t\t\t\t\t<\/div>\n\t\t\t\t<\/div>\n\t\t\t\t\t\t\t<div class=\"manitoba-faq-item\" data-accordion-role=\"item\">\n\t\t\t\t\t<p class=\"manitoba-faq-question\">\n\t\t\t\t\t\t<button type=\"button\" id=\"faq-question-13940\" class=\"manitoba-faq-question-trigger\"\n\t\t\t\t\t\t\taria-expanded=\"false\" aria-controls=\"faq-answer-13940\">\n\t\t\t\t\t\t\t<span class=\"manitoba-faq-question-trigger-label\">\u00bfEs realmente \u00fatil tener todas estas soluciones de seguridad?<\/span>\n\t\t\t\t\t\t<\/button>\n\t\t\t\t\t<\/p>\n\t\t\t\t\t<div class=\"manitoba-faq-answer\" id=\"faq-answer-13940\"\n\t\t\t\t\t\taria-labelledby=\"faq-question-13940\" hidden>\n\t\t\t\t\t\t\n<p>S\u00ed, cada perif\u00e9rico y herramienta aumenta la superficie de ataque. Con el fin de disminuir el riesgo m\u00e1ximo es importante proteger cada puerta de entrada. <\/p>\n\n<p><\/p>\n\n\t\t\t\t\t\t\t\t\t\t\t<\/div>\n\t\t\t\t<\/div>\n\t\t\t\t\t\t\t<div class=\"manitoba-faq-item\" data-accordion-role=\"item\">\n\t\t\t\t\t<p class=\"manitoba-faq-question\">\n\t\t\t\t\t\t<button type=\"button\" id=\"faq-question-13944\" class=\"manitoba-faq-question-trigger\"\n\t\t\t\t\t\t\taria-expanded=\"false\" aria-controls=\"faq-answer-13944\">\n\t\t\t\t\t\t\t<span class=\"manitoba-faq-question-trigger-label\">\u00bfPor qu\u00e9 deber\u00eda una pyme protegerse de los ciberataques?<\/span>\n\t\t\t\t\t\t<\/button>\n\t\t\t\t\t<\/p>\n\t\t\t\t\t<div class=\"manitoba-faq-answer\" id=\"faq-answer-13944\"\n\t\t\t\t\t\taria-labelledby=\"faq-question-13944\" hidden>\n\t\t\t\t\t\t\n<p>\u00a1Porque las empresas peque\u00f1as son objetivos privilegiados! Al estar menos protegidas que las estructuras grandes, suelen ser las primeras en sufrir ataques. <\/p>\n\n<p><\/p>\n\n\t\t\t\t\t\t\t\t\t\t\t<\/div>\n\t\t\t\t<\/div>\n\t\t\t\t\t<\/div>\n<\/div>\n\n\n\n<div class=\"wp-block-column cut-border is-layout-flow wp-block-column-is-layout-flow\" style=\"padding-top:var(--wp--preset--spacing--20);padding-right:var(--wp--preset--spacing--20);padding-bottom:var(--wp--preset--spacing--20);padding-left:var(--wp--preset--spacing--20);flex-basis:40%\">\n<div class=\"wp-block-group cut-border has-light-background-color has-background is-layout-constrained wp-container-core-group-is-layout-db32e940 wp-block-group-is-layout-constrained\" style=\"padding-top:var(--wp--preset--spacing--60);padding-right:var(--wp--preset--spacing--60);padding-bottom:var(--wp--preset--spacing--60);padding-left:var(--wp--preset--spacing--60)\">\n<figure class=\"wp-block-image aligncenter size-full\" style=\"margin-bottom:var(--wp--preset--spacing--50)\"><img decoding=\"async\" src=\"https:\/\/www.xefi.fr\/wp-content\/uploads\/sites\/2\/2025\/05\/icon_faq_bubbles.svg\" alt=\"\" class=\"wp-image-348\"\/><\/figure>\n\n\n\n<div class=\"wp-block-buttons is-content-justification-center is-layout-flex wp-container-core-buttons-is-layout-a89b3969 wp-block-buttons-is-layout-flex\">\n<div class=\"wp-block-button\"><a class=\"wp-block-button__link has-background-color has-dark-background-color has-text-color has-background has-link-color wp-element-button\" href=\"https:\/\/www.xefi.es\/es\/preguntas-frecuentes\/\">Ver las FAQ<\/a><\/div>\n<\/div>\n<\/div>\n<\/div>\n<\/div>\n<\/div>\n","protected":false},"excerpt":{"rendered":"<p>de las microempresas y pymes que son objeto de un ciberataque no se recupera Fuente: Estudio Symantec coste medio de un ciberataque para una pyme en los pa\u00edses de la OCDE Fuente: WEF, Global Cybersecurity Outlook de los ciberataques en Europa en 2025 tuvieron como objetivo directo a las pymes Fuente : WEF La seguridad [&hellip;]<\/p>\n","protected":false},"author":1,"featured_media":13303,"parent":0,"menu_order":13,"comment_status":"closed","ping_status":"closed","template":"","meta":{"_acf_changed":false,"footnotes":""},"class_list":["post-13199","page","type-page","status-publish","has-post-thumbnail","hentry","page_location-menu-movil","page_location-menu-principal-es","page_location-nuestras-soluciones"],"acf":[],"_links":{"self":[{"href":"https:\/\/www.xefi.es\/es\/wp-json\/wp\/v2\/pages\/13199","targetHints":{"allow":["GET"]}}],"collection":[{"href":"https:\/\/www.xefi.es\/es\/wp-json\/wp\/v2\/pages"}],"about":[{"href":"https:\/\/www.xefi.es\/es\/wp-json\/wp\/v2\/types\/page"}],"author":[{"embeddable":true,"href":"https:\/\/www.xefi.es\/es\/wp-json\/wp\/v2\/users\/1"}],"replies":[{"embeddable":true,"href":"https:\/\/www.xefi.es\/es\/wp-json\/wp\/v2\/comments?post=13199"}],"version-history":[{"count":15,"href":"https:\/\/www.xefi.es\/es\/wp-json\/wp\/v2\/pages\/13199\/revisions"}],"predecessor-version":[{"id":15265,"href":"https:\/\/www.xefi.es\/es\/wp-json\/wp\/v2\/pages\/13199\/revisions\/15265"}],"wp:featuredmedia":[{"embeddable":true,"href":"https:\/\/www.xefi.es\/es\/wp-json\/wp\/v2\/media\/13303"}],"wp:attachment":[{"href":"https:\/\/www.xefi.es\/es\/wp-json\/wp\/v2\/media?parent=13199"}],"curies":[{"name":"wp","href":"https:\/\/api.w.org\/{rel}","templated":true}]}}