{"id":12886,"date":"2025-04-10T17:20:13","date_gmt":"2025-04-10T15:20:13","guid":{"rendered":"https:\/\/www.xefi.es\/politica-de-privacitat-i-cookies\/"},"modified":"2025-11-06T17:01:38","modified_gmt":"2025-11-06T16:01:38","slug":"politica-de-privacitat-i-cookies","status":"publish","type":"page","link":"https:\/\/www.xefi.es\/ca\/politica-de-privacitat-i-cookies\/","title":{"rendered":"Pol\u00edtica de privacitat i cookies"},"content":{"rendered":"\n<div class=\"wp-block-group alignfull is-layout-constrained wp-container-core-group-is-layout-a47e864c wp-block-group-is-layout-constrained\" style=\"padding-top:var(--wp--preset--spacing--80);padding-right:var(--wp--preset--spacing--50);padding-bottom:var(--wp--preset--spacing--80);padding-left:var(--wp--preset--spacing--50)\">\n<div class=\"wp-block-group is-layout-constrained wp-container-core-group-is-layout-bea02a06 wp-block-group-is-layout-constrained\">\n<h2 class=\"wp-block-heading\"><strong>Les seves dades personals s\u00f3n importants per a XEFI<\/strong><\/h2>\n\n\n\n<p>S\u2019informa l\u2019usuari que dades personals que el concerneixen poden ser recollides per la societat HOLDING GALAXITY (d\u2019ara endavant, la \u00abCompanyia\u00bb) amb ocasi\u00f3 de la seva navegaci\u00f3 al lloc web www.xefi.es<\/p>\n\n\n\n<p>&nbsp;(d\u2019ara endavant, el \u00abLloc\u00bb).<\/p>\n\n\n\n<p>La present pol\u00edtica de privacitat defineix i informa els usuaris de la manera com la Companyia utilitza i protegeix la informaci\u00f3 transmesa, si escau, quan utilitzen el Lloc.<\/p>\n\n\n\n<p>L\u2019usuari \u00e9s informat que la Companyia atorga una vigil\u00e0ncia especial al respecte de la vida privada dels usuaris i de les seves dades personals.<\/p>\n\n\n\n<p>A aquest efecte, la Companyia es compromet a respectar escrupolosament les lleis i la normativa aplicables d\u2019acord amb els textos del Reglament (UE) 2016\/679 del Parlament Europeu i del Consell, de 27 d\u2019abril de 2016, relatiu a la protecci\u00f3 de les persones f\u00edsiques pel que fa al tractament de dades personals i a la lliure circulaci\u00f3 d\u2019aquestes dades (d\u2019ara endavant, el \u00abRGPD\u00bb), i de la Llei Org\u00e0nica 3\/2018, de 5 de desembre, de Protecci\u00f3 de Dades Personals i garantia dels drets digitals (d\u2019ara endavant, \u00abLOPDGDD\u00bb).<\/p>\n\n\n\n<p>En el marc de la seva activitat i per al seguiment del comportament dels usuaris al Lloc, la Companyia recull i tracta dades de car\u00e0cter personal.<\/p>\n\n\n\n<p>Transpar\u00e8ncia sobre l\u2019allotjament: les dades personals s\u2019allotgen exclusivament en servidors situats a Fran\u00e7a (Uni\u00f3 Europea).<\/p>\n\n\n\n<h3 class=\"wp-block-heading\"><strong>ARTICLE PRELIMINAR \u2013 DEFINICIONS<\/strong><\/h3>\n\n\n\n<p>Els termes presentats amb maj\u00fascula en aquesta pol\u00edtica de privacitat tenen la definici\u00f3 seg\u00fcent:<\/p>\n\n\n\n<p><strong>\u2013 Dades de car\u00e0cter personal:<\/strong> qualsevol informaci\u00f3 relativa a una persona f\u00edsica identificada o identificable; \u00e9s considerada \u00abpersona f\u00edsica identificable\u00bb aquella persona la identitat de la qual pot determinar-se, directa o indirectament, mitjan\u00e7ant un identificador com ara un nom, un n\u00famero d\u2019identificaci\u00f3, dades de localitzaci\u00f3, un identificador en l\u00ednia o un o diversos elements propis de la seva identitat f\u00edsica, fisiol\u00f2gica, gen\u00e8tica, ps\u00edquica, econ\u00f2mica, cultural o social (art. 4.1 RGPD).<\/p>\n\n\n\n<p><strong>\u2013 Tractament:<\/strong> qualsevol operaci\u00f3 o conjunt d\u2019operacions efectuades, amb o sense procediments automatitzats, aplicades a dades o conjunts de dades personals, com ara la recollida, el registre, l\u2019organitzaci\u00f3, la conservaci\u00f3, la modificaci\u00f3, la consulta, la utilitzaci\u00f3, la comunicaci\u00f3 per transmissi\u00f3, la difusi\u00f3 o la destrucci\u00f3 (art. 4.2 RGPD).<\/p>\n\n\n\n<p><strong>\u2013 Responsable del tractament:<\/strong> la persona f\u00edsica o jur\u00eddica, autoritat p\u00fablica o organisme que determina les finalitats i els mitjans del tractament.<\/p>\n\n\n\n<p><strong>\u2013 Subencarregat (encarregat del tractament):<\/strong> la persona f\u00edsica o jur\u00eddica, autoritat p\u00fablica o organisme que tracta dades personals per compte del responsable del tractament, d\u2019acord amb les instruccions d\u2019aquest i amb un contracte de confidencialitat.<\/p>\n\n\n\n<p><strong>\u2013 Cookies i rastrejadors:<\/strong> fitxers de text instal\u00b7lats al dispositiu de l\u2019usuari per registrar informaci\u00f3 relativa a la navegaci\u00f3 i permetre recon\u00e8ixer el navegador en visites posteriors. La seva durada de conservaci\u00f3 \u00e9s determinada per l\u2019explotador del lloc web.<\/p>\n\n\n\n<h3 class=\"wp-block-heading\"><strong>ARTICLE 1 \u2013 OBJECTE<\/strong><\/h3>\n\n\n\n<p>L\u2019usuari t\u00e9 la possibilitat de navegar pel Lloc sense revelar informaci\u00f3 personal.<\/p>\n\n\n\n<p>Si escau, la Companyia pot sol\u00b7licitar a l\u2019usuari que comuniqui Dades de car\u00e0cter personal que el concerneixen, a fi de permetre-li utilitzar els serveis proposats al Lloc.<\/p>\n\n\n\n<p>Les Dades de car\u00e0cter personal recollides en el marc de la prestaci\u00f3 de serveis corresponen a la informaci\u00f3 requerida per la Companyia i els seus eventuals socis comercials per a la correcta realitzaci\u00f3 de les prestacions o per permetre l\u2019acc\u00e9s de l\u2019usuari al conjunt de funcionalitats del Lloc.<\/p>\n\n\n\n<p>En el marc de l\u2019\u00fas de les plenes funcionalitats del Lloc, poden ser recollides, en particular, les informacions seg\u00fcents: Nom, Adre\u00e7a IP, Cognoms, G\u00e8nere, Data de naixement, Tel\u00e8fon, Empresa, C\u00e0rrec, Sector d\u2019activitat, Correu electr\u00f2nic personal, Correu electr\u00f2nic professional, Adre\u00e7a, Ciutat, Codi postal, CV i Carta de motivaci\u00f3.<\/p>\n\n\n\n<p>En facilitar aquestes informacions, l\u2019usuari accepta que les mateixes siguin recollides, tractades i conservades per la Companyia segons les diferents finalitats i per\u00edmetres enumerats tot seguit.<\/p>\n\n\n\n<p>La Companyia pot tractar les Dades de car\u00e0cter personal de l\u2019usuari amb les finalitats seg\u00fcents:<\/p>\n\n\n\n<p>\u2013 Proporcionar les informacions o els serveis que l\u2019usuari ha sol\u00b7licitat, com ara ser trucat pels equips de la Companyia, obtenir una resposta a una candidatura, emplenar el formulari de contacte, rebre el butllet\u00ed informatiu;<\/p>\n\n\n\n<p>\u2013 Crear i gestionar el perfil d\u2019usuari;<\/p>\n\n\n\n<p>\u2013 Crear i gestionar els accessos als nostres serveis en l\u00ednia;<\/p>\n\n\n\n<p>\u2013 Realitzar estudis estad\u00edstics;<\/p>\n\n\n\n<p>\u2013 Permetre a l\u2019usuari efectuar compres al Lloc;<\/p>\n\n\n\n<p>\u2013 Proporcionar les informacions o els serveis adequats a l\u2019usuari;<\/p>\n\n\n\n<p>\u2013 Recollir informacions de navegaci\u00f3 i de comportament al lloc web que permetin a la Companyia millorar els seus productes i la qualitat de la navegaci\u00f3 al Lloc, en particular gr\u00e0cies a les cookies;<\/p>\n\n\n\n<p>\u2013 Ajudar l\u2019usuari a trobar m\u00e9s r\u00e0pidament la resposta a les seves necessitats, en particular en la cerca localitzada d\u2019ag\u00e8ncia;<\/p>\n\n\n\n<p>\u2013 Permetre la detecci\u00f3 de comportaments malintencionats com ara frau, phishing o spam;<\/p>\n\n\n\n<p>\u2013 Permetre l\u2019autenticaci\u00f3 de l\u2019usuari al seu espai client segons els identificadors personals que hagi determinat a aquest efecte.<\/p>\n\n\n\n<h3 class=\"wp-block-heading\"><strong>ARTICLE 2 \u2013 RECOLLIDA I UTILITZACI\u00d3 ESPEC\u00cdFICA DE LES DADES<\/strong><\/h3>\n\n\n\n<p>A m\u00e9s de les finalitats indicades a l\u2019article 1 de la present pol\u00edtica de privacitat, l\u2019usuari \u00e9s informat de la possibilitat de deixar un comentari al Lloc.<\/p>\n\n\n\n<p>L\u2019usuari t\u00e9 la possibilitat de guardar les seves informacions de contacte, \u00e9s a dir, el nom i l\u2019adre\u00e7a de correu electr\u00f2nic utilitzats per a la publicaci\u00f3 del comentari, per a futures connexions mitjan\u00e7ant la utilitzaci\u00f3 d\u2019una cookie.<\/p>\n\n\n\n<p>La durada de conservaci\u00f3 d\u2019aquestes cookies \u00e9s d\u2019un (1) any.<\/p>\n\n\n\n<p>L\u2019usuari pot modificar la seva elecci\u00f3 en qualsevol moment i suprimir aquesta cookie.<\/p>\n\n\n\n<p>Per raons de seguretat, l\u2019adre\u00e7a IP de l\u2019usuari \u00e9s verificada per tal de prevenir l\u2019spam i ajudar a la detecci\u00f3 de comentaris no desitjats.<\/p>\n\n\n\n<p>L\u2019usuari t\u00e9 la possibilitat d\u2019utilitzar el formulari de contacte del Lloc per ser recontactat i\/o obtenir informacions comercials relatives als productes i serveis de la Companyia.<\/p>\n\n\n\n<p>A aquest efecte, l\u2019usuari comunica els seus noms, cognoms, adre\u00e7a de correu electr\u00f2nic de contacte i\/o n\u00famero de tel\u00e8fon i consenteix expressament que aquestes dades siguin utilitzades per la Companyia amb finalitats de prospectiva comercial.<\/p>\n\n\n\n<p>Les Dades de car\u00e0cter personal recollides a trav\u00e9s del formulari de contacte es conserven durant un termini raonable i conforme a la finalitat de la recollida.<\/p>\n\n\n\n<p>L\u2019usuari pot facilitar dades indicades com a \u201copcionales\u201d dins del formulari de contacte.<\/p>\n\n\n\n<p>Les modalitats de recollida i conservaci\u00f3 de les dades \u00abopcionales\u00bb s\u00f3n similars a les aplicades per la Companyia per al tractament de les dades necess\u00e0ries per a la presa de contacte.<\/p>\n\n\n\n<p>L\u2019usuari pot respondre a ofertes de feina publicades al Lloc.<\/p>\n\n\n\n<p>L\u2019usuari consenteix que aquestes dades siguin utilitzades per la Companyia per tramitar la seva candidatura a l\u2019oferta de feina per a la qual les dades han estat divulgades i\/o per comunicar-li una oferta de feina similar a aquella per a la qual les dades han estat divulgades.<\/p>\n\n\n\n<p>A aquest efecte, l\u2019usuari comunica a la Companyia tota informaci\u00f3 personal que el concerneixi \u00fatil per respondre a aquestes finalitats.<\/p>\n\n\n\n<p>Les Dades personals divulgades en aquest marc s\u00f3n objecte d\u2019una estricta obligaci\u00f3 de confidencialitat per part del personal que hi pugui accedir i s\u00f3n accessibles \u00fanicament pel personal qualificat de la Companyia.<\/p>\n\n\n\n<p>En el sup\u00f2sit que el perfil de l\u2019usuari candidat no sigui retingut, les dades recollides en aquest marc seran definitivament suprimides a la fi del proc\u00e9s de selecci\u00f3 i no seran objecte d\u2019arxiu, conforme a les disposicions del Codi del Treball.<\/p>\n\n\n\n<h3 class=\"wp-block-heading\"><strong>ARTICLE 3 \u2013 TRANSMISSI\u00d3 DE LES DADES<\/strong><\/h3>\n\n\n\n<p>Nom\u00e9s la Companyia \u00e9s destinat\u00e0ria de les Dades de car\u00e0cter personal.<\/p>\n\n\n\n<p>En cap cas la Companyia procedeix a la comercialitzaci\u00f3 de les dades personals dels visitants i usuaris del Lloc amb fins publicitaris o comercials.<\/p>\n\n\n\n<p>El subencarregat de la Companyia s\u2019obliga, en les mateixes condicions, a no comercialitzar les Dades de car\u00e0cter personal dels visitants i usuaris del Lloc per a cap fi.<\/p>\n\n\n\n<p>El subencarregat est\u00e0 sotm\u00e8s a una obligaci\u00f3 de confidencialitat i nom\u00e9s pot utilitzar les dades de l\u2019usuari conformement a la pol\u00edtica de la Companyia.<\/p>\n\n\n\n<p>Les Dades de car\u00e0cter personal de l\u2019usuari podran, en la mesura que resulti necessari i dins del l\u00edmit de les finalitats esmentades, ser transmeses al personal i al subencarregat de la Companyia per tal de respondre favorablement a les sol\u00b7licituds de l\u2019usuari.<\/p>\n\n\n\n<p>Tamb\u00e9 poden ser destinataris de les Dades de car\u00e0cter personal els organismes p\u00fablics, exclusivament per respondre a obligacions legals, els auxiliars de just\u00edcia, els oficials ministerials i els organismes encarregats del recobrament de cr\u00e8dits.<\/p>\n\n\n\n<p>Les Dades de car\u00e0cter personal no seran objecte de vendes, cessions, lloguers o intercanvis en benefici de tercers, sense l\u2019acord expr\u00e9s previ de l\u2019usuari, llevat que hi hagi un motiu leg\u00edtim com una obligaci\u00f3 legal, la lluita contra el frau o l\u2019ab\u00fas, o l\u2019exercici de drets de defensa, etc.<\/p>\n\n\n\n<p>L\u2019usuari \u00e9s informat que no es realitza cap transfer\u00e8ncia de dades personals de salut a un pa\u00eds tercer a l\u2019Espai Econ\u00f2mic Europeu.<\/p>\n\n\n\n<h3 class=\"wp-block-heading\"><strong>ARTICLE 4 \u2013 DURADA DE CONSERVACI\u00d3<\/strong><\/h3>\n\n\n\n<p>Les Dades de car\u00e0cter personal dels usuaris s\u00f3n conservades per la Companyia durant un termini que no excedeix la durada necess\u00e0ria per a les finalitats per a les quals s\u00f3n recollides i tractades i, en tot cas, per una durada m\u00e0xima de trenta-sis (36) mesos a partir de la recollida.<\/p>\n\n\n\n<p>L\u2019usuari \u00e9s informat que es pot aplicar una durada de conservaci\u00f3 de les seves Dades de car\u00e0cter personal en virtut d\u2019una disposici\u00f3 legal o reglament\u00e0ria.<\/p>\n\n\n\n<h3 class=\"wp-block-heading\"><strong>ARTICLE 5 \u2013 DRETS DELS USUARIS<\/strong><\/h3>\n\n\n\n<p>5.1 Exercici dels drets<\/p>\n\n\n\n<p>D\u2019acord amb les disposicions del RGPD i la LOPDGDD, l\u2019usuari \u00e9s informat que disposa de drets relatius a les seves dades personals.<\/p>\n\n\n\n<p>L\u2019usuari pot exercir els seus drets directament davant la Companyia, sempre que acrediti la seva identitat. L\u2019usuari tamb\u00e9 pot exercir els seus drets davant el DPO de la Companyia, les dades de contacte del qual figuren a l\u2019article 9 infra.<\/p>\n\n\n\n<p>Els diferents drets de l\u2019usuari s\u00f3n:<\/p>\n\n\n\n<p>5.1.1 \u2013 Dret d\u2019acc\u00e9s<\/p>\n\n\n\n<p>L\u2019usuari pot demanar al responsable del tractament si t\u00e9 informacions sobre l\u2019usuari i demanar que se li comuniqui la totalitat d\u2019aquestes dades.<\/p>\n\n\n\n<p>L\u2019exercici del dret d\u2019acc\u00e9s permet controlar l\u2019exactitud de les dades i, si escau, rectificar-les o suprimir-les.<\/p>\n\n\n\n<p>5.1.2 \u2013 Dret de rectificaci\u00f3<\/p>\n\n\n\n<p>L\u2019usuari pot demanar al responsable del tractament la rectificaci\u00f3, actualitzaci\u00f3, bloqueig o supressi\u00f3 de les informacions que el concerneixen.<\/p>\n\n\n\n<p>5.1.3 \u2013 Dret de supressi\u00f3<\/p>\n\n\n\n<p>L\u2019usuari pot demanar al responsable del tractament la supressi\u00f3 total o parcial de les seves Dades de car\u00e0cter personal, sempre que motivi la seva sol\u00b7licitud amb algun dels sup\u00f2sits de l\u2019article 17 del RGPD.<\/p>\n\n\n\n<p>5.1.4 \u2013 Dret a la limitaci\u00f3 del tractament<\/p>\n\n\n\n<p>L\u2019usuari pot demanar al responsable del tractament congelar temporalment la utilitzaci\u00f3 de totes o algunes de les seves dades.<\/p>\n\n\n\n<p>5.1.5 \u2013 Dret a la portabilitat<\/p>\n\n\n\n<p>L\u2019usuari pot demanar al responsable del tractament que li proporcioni una c\u00f2pia de les dades personals que el concerneixen en un format estructurat i llegible per m\u00e0quina a fi que siguin transmeses a un altre responsable del tractament.<\/p>\n\n\n\n<p>5.1.6 \u2013 Dret d\u2019oposici\u00f3<\/p>\n\n\n\n<p>L\u2019usuari pot oposar-se, llevat per motius leg\u00edtims i imperiosos invocats pel responsable del tractament, al tractament de les seves dades personals.<\/p>\n\n\n\n<p>La Companyia es compromet a respondre a la sol\u00b7licitud de l\u2019usuari relativa a l\u2019exercici dels seus drets en un termini raonable.<\/p>\n\n\n\n<p>5.2 Oposici\u00f3 a la prospecci\u00f3 comercial<\/p>\n\n\n\n<p>L\u2019usuari que no desitgi ser objecte de prospecci\u00f3 comercial telef\u00f2nica \u00e9s informat que es pot inscriure gratu\u00eftament a la Llista Robinson: https:\/\/www.listarobinson.es\/<\/p>\n\n\n\n<p>L\u2019usuari que vulgui no rebre o deixar de rebre les nostres novetats i sol\u00b7licituds t\u00e9 la facultat d\u2019indicar-ho a la Companyia mitjan\u00e7ant l\u2019adre\u00e7a de correu electr\u00f2nic de contacte indicada en les comunicacions o a trav\u00e9s d\u2019un enlla\u00e7 situat en aquestes comunicacions. L\u2019usuari pot modificar els par\u00e0metres del seu perfil en l\u00ednia.<\/p>\n\n\n\n<h3 class=\"wp-block-heading\"><strong>ARTICLE 6 \u2013 SEGURETAT<\/strong><\/h3>\n\n\n\n<p>D\u2019acord amb l\u2019<strong>article 32 del RGPD<\/strong> i la <strong>Llei Org\u00e0nica 3\/2018 (LOPDGDD)<\/strong>, la Companyia aplica mesures t\u00e8cniques i organitzatives adequades per garantir un nivell de seguretat adaptat al risc.<\/p>\n\n\n\n<p>A aquest efecte, la Companyia pren totes les mesures necess\u00e0ries per preservar <strong>la integritat, la disponibilitat i la confidencialitat<\/strong> de les Dades de car\u00e0cter personal, evitant qualsevol acc\u00e9s no autoritzat, p\u00e8rdua o destrucci\u00f3.<\/p>\n\n\n\n<h3 class=\"wp-block-heading\"><strong>ARTICLE 7 \u2013 POL\u00cdTICA RELATIVA A COOKIES<\/strong><\/h3>\n\n\n\n<p>La Companyia, com a editora del Lloc, pot instal\u00b7lar cookies al dispositiu de l\u2019usuari per millorar la seva experi\u00e8ncia de navegaci\u00f3.<\/p>\n\n\n\n<p>En la primera visita, un b\u00e0ner informatiu permet <strong>acceptar o rebutjar<\/strong> les cookies.<br>L\u2019usuari pot modificar la seva elecci\u00f3 en qualsevol moment als par\u00e0metres del seu navegador.<\/p>\n\n\n\n<p>El Lloc pot contenir contingut integrat (v\u00eddeos, imatges, articles, etc.) procedent de llocs de tercers que poden dipositar cookies externes.<br>La Companyia <strong>no \u00e9s responsable<\/strong> de la instal\u00b7laci\u00f3 ni de la gesti\u00f3 d\u2019aquests cookies per part de tercers (xarxes socials, plataformes de v\u00eddeo, etc.).<\/p>\n\n\n\n<p><strong>7.1 Tipologia de cookies<\/strong><\/p>\n\n\n\n<p><strong>7.1.1 Cookies necess\u00e0ries per a la navegaci\u00f3<\/strong><br>Indispensables per al correcte funcionament del Lloc.<\/p>\n\n\n\n<p><strong>7.1.2 Cookies anal\u00edtiques i funcionals<\/strong><br>Permeten mesurar la freq\u00fc\u00e8ncia, el nombre de visites i l\u2019activitat dels usuaris per millorar el rendiment del Lloc.<br>Les dades recollides s\u00f3n <strong>an\u00f2nimes i no identificatives<\/strong>.<\/p>\n\n\n\n<p><strong>7.1.3 Cookies de compartici\u00f3 (xarxes socials)<\/strong><br>Permeten compartir continguts del Lloc a les xarxes socials (Facebook, LinkedIn, Twitter\/X, YouTube, Instagram).<br>Aquestes cookies estan subjectes a les seves pr\u00f2pies pol\u00edtiques de privacitat:<\/p>\n\n\n\n<ul class=\"wp-block-list\">\n<li><a href=\"https:\/\/www.facebook.com\/policies\/cookies\" target=\"_blank\" rel=\"noopener\">Facebook<\/a><\/li>\n\n\n\n<li><a href=\"https:\/\/www.facebook.com\/help\/instagram\/155833707900388\" target=\"_blank\" rel=\"noopener\">Instagram<\/a><\/li>\n\n\n\n<li><a href=\"https:\/\/www.linkedin.com\/legal\/cookie-policy\" target=\"_blank\" rel=\"noopener\">LinkedIn<\/a><\/li>\n\n\n\n<li><a href=\"https:\/\/support.twitter.com\/articles\/20170518\" target=\"_blank\" rel=\"noopener\">Twitter\/X<\/a><\/li>\n\n\n\n<li><a href=\"https:\/\/www.google.fr\/intl\/fr\/policies\/technologies\/cookies\" target=\"_blank\" rel=\"noopener\">YouTube \/ Google<\/a><\/li>\n<\/ul>\n\n\n\n<p><strong>7.2 Par\u00e0metres de les cookies<\/strong><\/p>\n\n\n\n<p>La majoria de navegadors estan configurats per defecte per acceptar les cookies.<br>L\u2019usuari pot modificar aquests par\u00e0metres per <strong>rebutjar sistem\u00e0ticament<\/strong> totes les cookies o <strong>acceptar-ne nom\u00e9s algunes<\/strong>.<\/p>\n\n\n\n<p>El rebuig o eliminaci\u00f3 de cookies pot alterar la navegaci\u00f3 del Lloc.<br>La Companyia declina qualsevol responsabilitat pels efectes derivats del bloqueig de cookies necess\u00e0ries per al funcionament del Lloc.<\/p>\n\n\n\n<p><strong>7.3 Configuraci\u00f3 del navegador<\/strong><\/p>\n\n\n\n<p>Cada navegador ofereix les seves pr\u00f2pies opcions de gesti\u00f3 de cookies:<\/p>\n\n\n\n<ul class=\"wp-block-list\">\n<li><strong>Google Chrome:<\/strong> Configuraci\u00f3 \u2192 Privadesa i seguretat \u2192 Cookies \u2192 Veure totes les cookies \u2192 Suprimir<\/li>\n\n\n\n<li><strong>Mozilla Firefox:<\/strong> Opcions \u2192 Privadesa i seguretat \u2192 Cookies \u2192 Suprimir<\/li>\n\n\n\n<li><strong>Safari:<\/strong> Prefer\u00e8ncies \u2192 Privadesa \u2192 Mostra les cookies \u2192 Suprimir<\/li>\n\n\n\n<li><strong>Microsoft Edge:<\/strong> Configuraci\u00f3 \u2192 Cookies i permisos del lloc \u2192 Gestiona i suprimeix cookies<\/li>\n<\/ul>\n\n\n\n<p>Per a m\u00e9s informaci\u00f3, l\u2019usuari pot consultar l\u2019<strong>Ag\u00e8ncia Espanyola de Protecci\u00f3 de Dades (AEPD)<\/strong>: <a href=\"https:\/\/www.aepd.es\" target=\"_blank\" rel=\"noopener\">www.aepd.es<\/a><\/p>\n\n\n\n<h3 class=\"wp-block-heading\"><strong>ARTICLE 8 \u2013 RECLAMACI\u00d3 DAVANT L\u2019AUTORITAT ADMINISTRATIVA<\/strong><\/h3>\n\n\n\n<p>En cas d\u2019incompliment de la present pol\u00edtica de privacitat, l\u2019usuari pot, en cas de controv\u00e8rsia, formular una reclamaci\u00f3 davant l\u2019Ag\u00e8ncia Espanyola de Protecci\u00f3 de Dades (AEPD).<\/p>\n\n\n\n<p>Per a aix\u00f2, l\u2019usuari pot adre\u00e7ar una sol\u00b7licitud per via electr\u00f2nica a: <a href=\"https:\/\/www.aepd.es\" target=\"_blank\" rel=\"noopener\">https:\/\/www.aepd.es<\/a><\/p>\n\n\n\n<h3 class=\"wp-block-heading\"><strong>ARTICLE 9 \u2013 RESPONSABILITATS<\/strong><\/h3>\n\n\n\n<p>La Companyia contracta com a subencarregat la societat NEXEREN (RCS 753 351 709), el domicili social de la qual es troba a 2507, Avenue de l\u2019Europe, 69140 RILLIEUX-LA-PAPE (Fran\u00e7a) per a l\u2019allotjament de les dades de l\u2019usuari.<\/p>\n\n\n\n<p>Les dades de salut que tractem s\u2019allotgen exclusivament en infraestructures conformes a les exig\u00e8ncies de seguretat previstes pel referencial HDS i situades dins de la Uni\u00f3 Europea.<\/p>\n\n\n\n<p>La Companyia s\u2019ha assegurat pr\u00e8viament de la implementaci\u00f3 per part dels seus subencarregats de garanties similars a les que posa en marxa i del respecte de condicions estrictes en mat\u00e8ria de confidencialitat, \u00fas i protecci\u00f3 de dades.<\/p>\n\n\n\n<p>La Delegada de Protecci\u00f3 de Dades \u00e9s la Sra. Amandine ROUSSEY.<\/p>\n\n\n\n<p>Tel.: +33 4 72 01 04 11<\/p>\n\n\n\n<p>Correu electr\u00f2nic: dpo@xefi.fr<\/p>\n\n\n\n<h3 class=\"wp-block-heading\"><strong>ARTICLE 10 \u2013 MODIFICACIONS<\/strong><\/h3>\n\n\n\n<p>Aquesta pol\u00edtica de privacitat pot ser modificada o completada, totalment o parcialment, en qualsevol moment per adaptar-se a les evolucions legislatives, reglament\u00e0ries, jurisprudencials o tecnol\u00f2giques.<\/p>\n\n\n\n<p>Excepte modificaci\u00f3 substancial que requereixi el consentiment expr\u00e9s de l\u2019usuari, l\u2019\u00fas del Lloc, un cop entrin en vigor aquestes modificacions, suposar\u00e0 el reconeixement i l\u2019acceptaci\u00f3 de la nova pol\u00edtica de privacitat.<\/p>\n\n\n\n<p>En abs\u00e8ncia de consentiment, l\u2019usuari pot exercir els seus drets en les condicions definides a l\u2019article 5 anterior.<\/p>\n\n\n\n<p>La data de les darreres actualitzacions s\u2019indicar\u00e0 expl\u00edcitament en el par\u00e0graf seg\u00fcent del present article.<\/p>\n\n\n\n<p>Aix\u00f2 implica, per tant, que l\u2019usuari consulti regularment i de manera aut\u00f2noma la present pol\u00edtica.<\/p>\n\n\n\n<p><strong>L\u2019\u00faltima actualitzaci\u00f3 de la present pol\u00edtica de privacitat \u00e9s del 2 de gener de 2024.<\/strong><\/p>\n<\/div>\n<\/div>\n","protected":false},"excerpt":{"rendered":"<p>Les seves dades personals s\u00f3n importants per a XEFI S\u2019informa l\u2019usuari que dades personals que el concerneixen poden ser recollides per la societat HOLDING GALAXITY (d\u2019ara endavant, la \u00abCompanyia\u00bb) amb ocasi\u00f3 de la seva navegaci\u00f3 al lloc web www.xefi.es &nbsp;(d\u2019ara endavant, el \u00abLloc\u00bb). La present pol\u00edtica de privacitat defineix i informa els usuaris de la [&hellip;]<\/p>\n","protected":false},"author":1,"featured_media":12887,"parent":0,"menu_order":67,"comment_status":"closed","ping_status":"closed","template":"","meta":{"_acf_changed":false,"footnotes":""},"class_list":["post-12886","page","type-page","status-publish","has-post-thumbnail","hentry","page_location-enllacos-de-peu-de-pagina"],"acf":[],"_links":{"self":[{"href":"https:\/\/www.xefi.es\/ca\/wp-json\/wp\/v2\/pages\/12886","targetHints":{"allow":["GET"]}}],"collection":[{"href":"https:\/\/www.xefi.es\/ca\/wp-json\/wp\/v2\/pages"}],"about":[{"href":"https:\/\/www.xefi.es\/ca\/wp-json\/wp\/v2\/types\/page"}],"author":[{"embeddable":true,"href":"https:\/\/www.xefi.es\/ca\/wp-json\/wp\/v2\/users\/1"}],"replies":[{"embeddable":true,"href":"https:\/\/www.xefi.es\/ca\/wp-json\/wp\/v2\/comments?post=12886"}],"version-history":[{"count":7,"href":"https:\/\/www.xefi.es\/ca\/wp-json\/wp\/v2\/pages\/12886\/revisions"}],"predecessor-version":[{"id":15331,"href":"https:\/\/www.xefi.es\/ca\/wp-json\/wp\/v2\/pages\/12886\/revisions\/15331"}],"wp:featuredmedia":[{"embeddable":true,"href":"https:\/\/www.xefi.es\/ca\/wp-json\/wp\/v2\/media\/12887"}],"wp:attachment":[{"href":"https:\/\/www.xefi.es\/ca\/wp-json\/wp\/v2\/media?parent=12886"}],"curies":[{"name":"wp","href":"https:\/\/api.w.org\/{rel}","templated":true}]}}