{"id":12880,"date":"2025-05-07T11:48:01","date_gmt":"2025-05-07T09:48:01","guid":{"rendered":"https:\/\/www.xefi.es\/mencions-legals\/"},"modified":"2025-10-10T16:56:16","modified_gmt":"2025-10-10T14:56:16","slug":"mencions-legals","status":"publish","type":"page","link":"https:\/\/www.xefi.es\/ca\/mencions-legals\/","title":{"rendered":"Mencions legals"},"content":{"rendered":"\n<div class=\"wp-block-group alignfull is-layout-constrained wp-container-core-group-is-layout-a47e864c wp-block-group-is-layout-constrained\" style=\"padding-top:var(--wp--preset--spacing--80);padding-right:var(--wp--preset--spacing--50);padding-bottom:var(--wp--preset--spacing--80);padding-left:var(--wp--preset--spacing--50)\">\n<div class=\"wp-block-group is-layout-constrained wp-container-core-group-is-layout-bea02a06 wp-block-group-is-layout-constrained\">\n<h2 class=\"wp-block-heading\"><strong>Editor<\/strong><strong> :<\/strong><\/h2>\n\n\n\n<p>El lloc web www.xefi.com (d&#8217;ara endavant, el &#8220;<strong>Lloc Web<\/strong>&#8220;) que consulteu actualment \u00e9s propietat de:<br\/>La societat per accions simplificada HOLDING GALAXITY;<br\/>Amb un capital de 736.340 euros;<br\/>Situada al 2507 Avenue de l&#8217;Europe, 69140 Rillieux-la-Pape;<br\/>Inscrita al RCS de Li\u00f3 sota el n\u00famero RCS 433 902 640<br\/>IVA intracomunitari: FR FR39433902640<br\/>Tel.: 04 72 83 75 75<br\/>Adre\u00e7a electr\u00f2nica: contact@xefi.fr<br\/>(D&#8217;ara endavant, la &#8220;<strong>Societat<\/strong>&#8220;)<\/p>\n\n\n\n<h2 class=\"wp-block-heading\"><strong>Director de la publicaci\u00f3:<\/strong><\/h2>\n\n\n\n<p>&#8220;Senyor Pierre GUILLERMET<\/p>\n\n\n\n<h2 class=\"wp-block-heading\"><strong>Allotjament:<\/strong><\/h2>\n\n\n\n<p>El Lloc Web \u00e9s allotjat per:<br\/>La societat per accions simplificada <strong>NEXEREN <\/strong>(RCS 753 351 709);<br\/>El domicili social de la qual est\u00e0 situat al 2507, Avenue de l&#8217;Europe, 69140 RILLIEUX-LA-PAPE;<br\/>Lloc web: Tel.: 04 72 83 75 75<\/p>\n\n\n\n<h2 class=\"wp-block-heading\"><strong>Dret de propietat intel\u00b7lectual<\/strong><\/h2>\n\n\n\n<p>L&#8217;usuari \u00e9s informat que les fotografies presents al Lloc Web no s\u00f3n contractuals.<\/p>\n\n\n\n<p>Els textos, logotips, fotografies, imatges i il\u00b7lustracions reprodu\u00efdes al Lloc Web s\u00f3n propietat exclusiva de la Societat i\/o s\u00f3n lliures de drets.<\/p>\n\n\n\n<p>Per conseg\u00fcent, la navegaci\u00f3 de l&#8217;usuari pel Lloc Web no li confereix cap dret de propietat sobre aquests elements.<\/p>\n\n\n\n<p>En conseq\u00fc\u00e8ncia, qualsevol reproducci\u00f3, representaci\u00f3, utilitzaci\u00f3 o adaptaci\u00f3 parcial o total, sota qualsevol forma, de tot o part d&#8217;un o diversos d&#8217;aquests elements constitueix un acte de falsificaci\u00f3 sancionat pel codi de la propietat intel\u00b7lectual.<\/p>\n\n\n\n<p>Totes les marques verbals o figuratives i qualsevol altre signe distintiu de la Societat que figuren al Lloc Web, tant si estan registrats com si no, s\u00f3n i continuaran sent propietat exclusiva de la Societat.<\/p>\n\n\n\n<p>Qualsevol reproducci\u00f3 total o parcial, modificaci\u00f3 o utilitzaci\u00f3 d&#8217;aquestes marques i\/o d&#8217;aquests signes distintius per qualsevol motiu i sobre qualsevol suport, sense l&#8217;acord expr\u00e9s i previ de la Societat est\u00e0 estrictament prohibit.<\/p>\n\n\n\n<p>El mateix succeeix amb qualsevol combinaci\u00f3 o conjunci\u00f3 amb qualsevol altra marca, s\u00edmbol, logotip i m\u00e9s generalment qualsevol signe distintiu destinat a formar un logotip compost.<\/p>\n\n\n\n<h2 class=\"wp-block-heading\"><strong>Enlla\u00e7os hipertext<\/strong><\/h2>\n\n\n\n<p>Qualsevol creaci\u00f3 d&#8217;enlla\u00e7 hipertext que apunti al Lloc Web \u00e9s lliure.<\/p>\n\n\n\n<p>L&#8217;exist\u00e8ncia d&#8217;un enlla\u00e7 hipertext del Lloc Web que redirigeixi a un altre lloc web no constitueix una validaci\u00f3 d&#8217;aquest lloc web o del seu contingut, la Societat no pot exercir control sobre el contingut d&#8217;aquests llocs web i la seva responsabilitat no pot ser compromesa pel que fa a les informacions, opinions i recomanacions formulades per tercers en aquests llocs web.<\/p>\n<\/div>\n<\/div>\n","protected":false},"excerpt":{"rendered":"<p>Editor : El lloc web www.xefi.com (d&#8217;ara endavant, el &#8220;Lloc Web&#8220;) que consulteu actualment \u00e9s propietat de:La societat per accions simplificada HOLDING GALAXITY;Amb un capital de 736.340 euros;Situada al 2507 Avenue de l&#8217;Europe, 69140 Rillieux-la-Pape;Inscrita al RCS de Li\u00f3 sota el n\u00famero RCS 433 902 640IVA intracomunitari: FR FR39433902640Tel.: 04 72 83 75 75Adre\u00e7a electr\u00f2nica: [&hellip;]<\/p>\n","protected":false},"author":1,"featured_media":12881,"parent":0,"menu_order":66,"comment_status":"closed","ping_status":"closed","template":"","meta":{"_acf_changed":false,"footnotes":""},"class_list":["post-12880","page","type-page","status-publish","has-post-thumbnail","hentry","page_location-enllacos-de-peu-de-pagina"],"acf":[],"_links":{"self":[{"href":"https:\/\/www.xefi.es\/ca\/wp-json\/wp\/v2\/pages\/12880","targetHints":{"allow":["GET"]}}],"collection":[{"href":"https:\/\/www.xefi.es\/ca\/wp-json\/wp\/v2\/pages"}],"about":[{"href":"https:\/\/www.xefi.es\/ca\/wp-json\/wp\/v2\/types\/page"}],"author":[{"embeddable":true,"href":"https:\/\/www.xefi.es\/ca\/wp-json\/wp\/v2\/users\/1"}],"replies":[{"embeddable":true,"href":"https:\/\/www.xefi.es\/ca\/wp-json\/wp\/v2\/comments?post=12880"}],"version-history":[{"count":1,"href":"https:\/\/www.xefi.es\/ca\/wp-json\/wp\/v2\/pages\/12880\/revisions"}],"predecessor-version":[{"id":12882,"href":"https:\/\/www.xefi.es\/ca\/wp-json\/wp\/v2\/pages\/12880\/revisions\/12882"}],"wp:featuredmedia":[{"embeddable":true,"href":"https:\/\/www.xefi.es\/ca\/wp-json\/wp\/v2\/media\/12881"}],"wp:attachment":[{"href":"https:\/\/www.xefi.es\/ca\/wp-json\/wp\/v2\/media?parent=12880"}],"curies":[{"name":"wp","href":"https:\/\/api.w.org\/{rel}","templated":true}]}}