{"id":12862,"date":"2025-05-05T11:21:41","date_gmt":"2025-05-05T09:21:41","guid":{"rendered":"https:\/\/www.xefi.es\/trobar-la-seva-agencia-xefi\/"},"modified":"2025-10-10T16:31:23","modified_gmt":"2025-10-10T14:31:23","slug":"trobar-la-seva-agencia-xefi","status":"publish","type":"page","link":"https:\/\/www.xefi.es\/ca\/trobar-la-seva-agencia-xefi\/","title":{"rendered":"Trobar la seva ag\u00e8ncia XEFI"},"content":{"rendered":"\n<div class=\"wp-block-group alignfull is-layout-constrained wp-container-core-group-is-layout-a47e864c wp-block-group-is-layout-constrained\" style=\"padding-top:var(--wp--preset--spacing--80);padding-right:var(--wp--preset--spacing--50);padding-bottom:var(--wp--preset--spacing--80);padding-left:var(--wp--preset--spacing--50)\">\n<h2 class=\"wp-block-heading has-text-align-center\">La seva <mark class=\"has-inline-color has-primary-color\">ag\u00e8ncia XEFI<\/mark> de proximitat<\/h2>\n\n\n\n<p class=\"has-text-align-center has-custom-medium-font-size\" style=\"margin-bottom:var(--wp--preset--spacing--80)\"><strong>Trobeu r\u00e0pidament l&#8217;ag\u00e8ncia XEFI m\u00e9s propera a vosaltres fent clic al bot\u00f3 de localitzaci\u00f3 o introduint el vostre codi postal o la vostra ciutat!<\/strong><\/p>\n\n\n    <script>\n        window.__ACTIVE_STORE__ = null;\n        window.__DEFAULT_STORES_LIST__ = [{\"id\":15804,\"name\":\"XEFI Barcelona Ciutadella\",\"distance\":\"\",\"currentHours\":[\"08:00-14:00\",\"15:00-18:30\"],\"isOpen\":false,\"street\":\"Carrer de Salvador Espriu 45\",\"postalcode\":\"08005\",\"city\":\"Barcelona\",\"phones\":[\"+34 934 457 000\",\"934 457 000\"],\"url\":\"https:\\\/\\\/www.xefi.es\\\/ca\\\/ag\\u00e8ncia\\\/xefi-barcelona-ciutadella\\\/\",\"latLng\":{\"lat\":41.3897068,\"lng\":2.197623}},{\"id\":15660,\"name\":\"XEFI Leganes\",\"distance\":\"\",\"currentHours\":[\"09:00-12:30\",\"13:30-18:00\"],\"isOpen\":false,\"street\":\"C. Qu\\u00edmicas 2\",\"postalcode\":\"28923\",\"city\":\"Alcorc\\u00f3n\",\"phones\":[\"+34 910 867 603\",\"910 867 603\"],\"url\":\"https:\\\/\\\/www.xefi.es\\\/ca\\\/ag\\u00e8ncia\\\/xefi-leganes\\\/\",\"latLng\":{\"lat\":40.3368188,\"lng\":-3.8175047}},{\"id\":15654,\"name\":\"XEFI Madrid Simancas\",\"distance\":\"\",\"currentHours\":[\"09:00-18:00\"],\"isOpen\":false,\"street\":\"Calle de Albasanz 36\",\"postalcode\":\"28037\",\"city\":\"Madrid\",\"phones\":[\"+34 910 382 013\",\"910 382 013\"],\"url\":\"https:\\\/\\\/www.xefi.es\\\/ca\\\/ag\\u00e8ncia\\\/xefi-madrid-simancas\\\/\",\"latLng\":{\"lat\":40.4372162,\"lng\":-3.6273369}},{\"id\":15657,\"name\":\"XEFI Madrid Vallecas\",\"distance\":\"\",\"currentHours\":[\"09:00-14:00\",\"15:00-18:00\"],\"isOpen\":false,\"street\":\"Calle de Puentelarra 64\",\"postalcode\":\"28031\",\"city\":\"Madrid\",\"phones\":[\"+34 913 329 287\",\"913 329 287\"],\"url\":\"https:\\\/\\\/www.xefi.es\\\/ca\\\/ag\\u00e8ncia\\\/xefi-madrid-vallecas\\\/\",\"latLng\":{\"lat\":40.3795843,\"lng\":-3.6099492}},{\"id\":15651,\"name\":\"XEFI Madrid Ventas\",\"distance\":\"\",\"currentHours\":[\"09:00-18:00\"],\"isOpen\":false,\"street\":\"Calle del Ap\\u00f3stol Santiago 3\",\"postalcode\":\"28017\",\"city\":\"Madrid\",\"phones\":[\"+34 910 312 421\",\"910 312 421\"],\"url\":\"https:\\\/\\\/www.xefi.es\\\/ca\\\/ag\\u00e8ncia\\\/xefi-madrid-ventas\\\/\",\"latLng\":{\"lat\":40.4249046,\"lng\":-3.6541921}},{\"id\":15809,\"name\":\"XEFI Pozuelo\",\"distance\":\"\",\"currentHours\":[\"08:30-14:30\",\"15:30-19:00\"],\"isOpen\":false,\"street\":\"Calle de las Flores 9\",\"postalcode\":\"28223\",\"city\":\"Pozuelo de Alarc\\u00f3n\",\"phones\":[\"+34 913 513 677\",\"+34 913 513 677\"],\"url\":\"https:\\\/\\\/www.xefi.es\\\/ca\\\/ag\\u00e8ncia\\\/xefi-pozuelo\\\/\",\"latLng\":{\"lat\":40.4358671,\"lng\":-3.81393763}},{\"id\":15648,\"name\":\"XEFI Sabadell\",\"distance\":\"\",\"currentHours\":[\"09:00-14:00\",\"15:00-18:00\"],\"isOpen\":false,\"street\":\"Carrer del Pintor Fortuny 66\",\"postalcode\":\"08210\",\"city\":\"Barber\\u00e0 del Vall\\u00e8s\",\"phones\":[\"+34 937 190 145\",\"937 190 145\"],\"url\":\"https:\\\/\\\/www.xefi.es\\\/ca\\\/ag\\u00e8ncia\\\/xefi-sabadell\\\/\",\"latLng\":{\"lat\":41.5170824,\"lng\":2.120743}},{\"id\":15642,\"name\":\"XEFI Salamanca\",\"distance\":\"\",\"currentHours\":[\"09:00-20:00\"],\"isOpen\":false,\"street\":\"Avenida de Par\\u00eds 4\",\"postalcode\":\"37004\",\"city\":\"Salamanca\",\"phones\":[\"+34 923 282 152\",\"923 282 152\"],\"url\":\"https:\\\/\\\/www.xefi.es\\\/ca\\\/ag\\u00e8ncia\\\/xefi-salamanca\\\/\",\"latLng\":{\"lat\":40.97280293,\"lng\":-5.64896826}},{\"id\":15639,\"name\":\"XEFI Villalba\",\"distance\":\"\",\"currentHours\":[\"09:00-18:00\"],\"isOpen\":false,\"street\":\"Calle Playa Frexeira 4\\nLocal 6\",\"postalcode\":\"28400\",\"city\":\"Collado Villalba\",\"phones\":[\"+34 911 093 210\",\"911 093 210\"],\"url\":\"https:\\\/\\\/www.xefi.es\\\/ca\\\/ag\\u00e8ncia\\\/xefi-villalba\\\/\",\"latLng\":{\"lat\":40.62242859,\"lng\":-4.00960472}}];\n    <\/script>\n    <div class=\"manitoba-stores-map wp-block-manitoba-stores-stores-map\"        data-googlemaps-apikey=\"AIzaSyDsaYpxvzCYXCWrBnqT08gCH-zSx9JcPIo\"\n        data-default-latlng=\"40.4167,-3.7033\"\n        data-default-zoom=\"7\"\n        data-marker-url=\"\/wp-content\/themes\/xefi-theme\/medias\/icon_marker.svg\"\n        data-active-marker-url=\"\/wp-content\/themes\/xefi-theme\/medias\/icon_active_marker.svg\"\n        data-countries=\"ES\">\n        <div class=\"map-container\">\n            <iframe loading=\"lazy\" class=\"map-frame\" width=\"100%\" height=\"600\" frameborder=\"0\" scrolling=\"no\" marginheight=\"0\" marginwidth=\"0\" src=\"https:\/\/maps.google.com\/maps?width=100%25&amp;height=600&amp;hl=en&amp;q=manitoba%20montrouge+(My%20Business%20Name)&amp;t=&amp;z=14&amp;ie=UTF8&amp;iwloc=B&amp;output=embed\"><\/iframe>\n        <\/div>\n    <\/div>\n<\/div>\n\n\n\n<div class=\"wp-block-group alignfull is-layout-constrained wp-container-core-group-is-layout-a47e864c wp-block-group-is-layout-constrained\" style=\"padding-top:var(--wp--preset--spacing--80);padding-right:var(--wp--preset--spacing--50);padding-bottom:var(--wp--preset--spacing--80);padding-left:var(--wp--preset--spacing--50)\">\n<h2 class=\"wp-block-heading has-text-align-center\" style=\"margin-bottom:var(--wp--preset--spacing--80)\">Trobi les <mark class=\"has-inline-color has-primary-color\">nostres ag\u00e8ncies<\/mark> per regi\u00f3<\/h2>\n\n\n\n<div class=\"wp-block-columns is-layout-flex wp-container-core-columns-is-layout-643ced6b wp-block-columns-is-layout-flex\">\n<div class=\"wp-block-column is-layout-flow wp-block-column-is-layout-flow\" style=\"flex-basis:33.33%\">\n<div class=\"wp-block-group has-light-background-color has-background is-layout-constrained wp-container-core-group-is-layout-ae744a23 wp-block-group-is-layout-constrained\" style=\"padding-top:var(--wp--preset--spacing--70);padding-right:var(--wp--preset--spacing--70);padding-bottom:var(--wp--preset--spacing--70);padding-left:var(--wp--preset--spacing--70)\">\n<p><strong>Les nostres ag\u00e8ncies de proximitat XEFI estan presents arreu de Espa\u00f1a, per ser el m\u00e9s a prop possible.<\/strong><\/p>\n\n\n\n<p>Seleccioni la seva regi\u00f3 per descobrir les nostres ag\u00e8ncies locals, les seves dades de contacte i horaris d\u2019obertura. <\/p>\n<\/div>\n<\/div>\n\n\n\n<div class=\"wp-block-column is-layout-flow wp-block-column-is-layout-flow\" style=\"flex-basis:66.66%\">    <div class=\"manitoba-stores-list wp-block-manitoba-stores-stores-list\">\n                    <div class=\"stores-country\">\n                                                                            <section class=\"region\">\n                            <div class=\"region-stores\">\n                                <ul class=\"stores\">\n                                                                            <li class=\"stores-item\">\n                                            <a href=\"https:\/\/www.xefi.es\/ca\/ag\u00e8ncia\/xefi-barcelona-ciutadella\/\" class=\"store\">XEFI Barcelona Ciutadella<\/a>\n                                        <\/li>\n                                                                            <li class=\"stores-item\">\n                                            <a href=\"https:\/\/www.xefi.es\/ca\/ag\u00e8ncia\/xefi-leganes\/\" class=\"store\">XEFI Leganes<\/a>\n                                        <\/li>\n                                                                            <li class=\"stores-item\">\n                                            <a href=\"https:\/\/www.xefi.es\/ca\/ag\u00e8ncia\/xefi-madrid-simancas\/\" class=\"store\">XEFI Madrid Simancas<\/a>\n                                        <\/li>\n                                                                            <li class=\"stores-item\">\n                                            <a href=\"https:\/\/www.xefi.es\/ca\/ag\u00e8ncia\/xefi-madrid-vallecas\/\" class=\"store\">XEFI Madrid Vallecas<\/a>\n                                        <\/li>\n                                                                            <li class=\"stores-item\">\n                                            <a href=\"https:\/\/www.xefi.es\/ca\/ag\u00e8ncia\/xefi-madrid-ventas\/\" class=\"store\">XEFI Madrid Ventas<\/a>\n                                        <\/li>\n                                                                            <li class=\"stores-item\">\n                                            <a href=\"https:\/\/www.xefi.es\/ca\/ag\u00e8ncia\/xefi-pozuelo\/\" class=\"store\">XEFI Pozuelo<\/a>\n                                        <\/li>\n                                                                            <li class=\"stores-item\">\n                                            <a href=\"https:\/\/www.xefi.es\/ca\/ag\u00e8ncia\/xefi-sabadell\/\" class=\"store\">XEFI Sabadell<\/a>\n                                        <\/li>\n                                                                            <li class=\"stores-item\">\n                                            <a href=\"https:\/\/www.xefi.es\/ca\/ag\u00e8ncia\/xefi-salamanca\/\" class=\"store\">XEFI Salamanca<\/a>\n                                        <\/li>\n                                                                            <li class=\"stores-item\">\n                                            <a href=\"https:\/\/www.xefi.es\/ca\/ag\u00e8ncia\/xefi-villalba\/\" class=\"store\">XEFI Villalba<\/a>\n                                        <\/li>\n                                                                    <\/ul>\n                            <\/div>\n                        <\/section>\n                                                <\/div>\n            <\/div>\n<\/div>\n<\/div>\n<\/div>\n\n\n\n<div class=\"wp-block-group alignfull has-light-background-color has-background is-layout-constrained wp-container-core-group-is-layout-a47e864c wp-block-group-is-layout-constrained\" style=\"padding-top:var(--wp--preset--spacing--80);padding-right:var(--wp--preset--spacing--50);padding-bottom:var(--wp--preset--spacing--80);padding-left:var(--wp--preset--spacing--50)\">\n<h2 class=\"wp-block-heading has-text-align-center\" style=\"margin-bottom:var(--wp--preset--spacing--80)\">Per qu\u00e8 escollir <mark class=\"has-inline-color has-primary-color\">XEFI?<\/mark><\/h2>\n\n\n\n<div class=\"wp-block-columns is-layout-flex wp-container-core-columns-is-layout-f5a44f5b wp-block-columns-is-layout-flex\">\n<div class=\"wp-block-column is-vertically-aligned-top is-layout-flow wp-block-column-is-layout-flow\">\n<figure class=\"wp-block-image aligncenter size-full\" style=\"margin-bottom:var(--wp--preset--spacing--50)\"><img decoding=\"async\" src=\"https:\/\/www.xefi.fr\/wp-content\/uploads\/sites\/2\/2025\/05\/icon_proximite.svg\" alt=\"\" class=\"wp-image-431\"\/><\/figure>\n\n\n\n<p class=\"has-text-align-center has-custom-medium-font-size\"><strong>Proximitat<\/strong><\/p>\n\n\n\n<p class=\"has-text-align-center\">9 ag\u00e8ncies a Espa\u00f1a: taquilles \u00faniques situades a menys de 30 min dels nostres clients<\/p>\n<\/div>\n\n\n\n<div class=\"wp-block-column is-layout-flow wp-block-column-is-layout-flow\">\n<figure class=\"wp-block-image aligncenter size-full\" style=\"margin-bottom:var(--wp--preset--spacing--50)\"><img decoding=\"async\" src=\"https:\/\/www.xefi.fr\/wp-content\/uploads\/sites\/2\/2025\/05\/icon_expertise.svg\" alt=\"\" class=\"wp-image-429\"\/><\/figure>\n\n\n\n<p class=\"has-text-align-center has-custom-medium-font-size\"><strong>Expertesa<\/strong><\/p>\n\n\n\n<p class=\"has-text-align-center\">Un equip d&#8217;experts i serveis i solucions inform\u00e0tiques especialitzats en PIMES i microempreses<\/p>\n<\/div>\n\n\n\n<div class=\"wp-block-column is-layout-flow wp-block-column-is-layout-flow\">\n<figure class=\"wp-block-image aligncenter size-full\" style=\"margin-bottom:var(--wp--preset--spacing--50)\"><img decoding=\"async\" src=\"https:\/\/www.xefi.fr\/wp-content\/uploads\/sites\/2\/2025\/05\/icon_transparence.svg\" alt=\"\" class=\"wp-image-435\"\/><\/figure>\n\n\n\n<p class=\"has-text-align-center has-custom-medium-font-size\"><strong>Transpar\u00e8ncia<\/strong><\/p>\n\n\n\n<p class=\"has-text-align-center\">Solucions \u201cclaus en m\u00e0\u201d i sense costs amagats, transpar\u00e8ncia total cap als nostres clients<\/p>\n<\/div>\n\n\n\n<div class=\"wp-block-column is-layout-flow wp-block-column-is-layout-flow\">\n<figure class=\"wp-block-image aligncenter size-full\" style=\"margin-bottom:var(--wp--preset--spacing--50)\"><img decoding=\"async\" src=\"https:\/\/www.xefi.fr\/wp-content\/uploads\/sites\/2\/2025\/05\/icon_serenite.svg\" alt=\"\" class=\"wp-image-433\"\/><\/figure>\n\n\n\n<p class=\"has-text-align-center has-custom-medium-font-size\"><strong>Tranquil\u00b7litat<\/strong><\/p>\n\n\n\n<p class=\"has-text-align-center\">Un col\u00b7laborador de confian\u00e7a que guia el seu sistema inform\u00e0tic i garanteix el bon funcionament de la seva empresa<\/p>\n<\/div>\n<\/div>\n<\/div>\n","protected":false},"excerpt":{"rendered":"<p>La seva ag\u00e8ncia XEFI de proximitat Trobeu r\u00e0pidament l&#8217;ag\u00e8ncia XEFI m\u00e9s propera a vosaltres fent clic al bot\u00f3 de localitzaci\u00f3 o introduint el vostre codi postal o la vostra ciutat! Trobi les nostres ag\u00e8ncies per regi\u00f3 Les nostres ag\u00e8ncies de proximitat XEFI estan presents arreu de Espa\u00f1a, per ser el m\u00e9s a prop possible. Seleccioni [&hellip;]<\/p>\n","protected":false},"author":1,"featured_media":15223,"parent":0,"menu_order":57,"comment_status":"closed","ping_status":"closed","template":"","meta":{"_acf_changed":false,"footnotes":""},"class_list":["post-12862","page","type-page","status-publish","has-post-thumbnail","hentry"],"acf":[],"_links":{"self":[{"href":"https:\/\/www.xefi.es\/ca\/wp-json\/wp\/v2\/pages\/12862","targetHints":{"allow":["GET"]}}],"collection":[{"href":"https:\/\/www.xefi.es\/ca\/wp-json\/wp\/v2\/pages"}],"about":[{"href":"https:\/\/www.xefi.es\/ca\/wp-json\/wp\/v2\/types\/page"}],"author":[{"embeddable":true,"href":"https:\/\/www.xefi.es\/ca\/wp-json\/wp\/v2\/users\/1"}],"replies":[{"embeddable":true,"href":"https:\/\/www.xefi.es\/ca\/wp-json\/wp\/v2\/comments?post=12862"}],"version-history":[{"count":3,"href":"https:\/\/www.xefi.es\/ca\/wp-json\/wp\/v2\/pages\/12862\/revisions"}],"predecessor-version":[{"id":14875,"href":"https:\/\/www.xefi.es\/ca\/wp-json\/wp\/v2\/pages\/12862\/revisions\/14875"}],"wp:featuredmedia":[{"embeddable":true,"href":"https:\/\/www.xefi.es\/ca\/wp-json\/wp\/v2\/media\/15223"}],"wp:attachment":[{"href":"https:\/\/www.xefi.es\/ca\/wp-json\/wp\/v2\/media?parent=12862"}],"curies":[{"name":"wp","href":"https:\/\/api.w.org\/{rel}","templated":true}]}}