{"id":12852,"date":"2025-06-24T11:22:11","date_gmt":"2025-06-24T09:22:11","guid":{"rendered":"https:\/\/www.xefi.es\/descobriu-xefi\/sobre-nosaltres\/contactar-amb-el-grup\/"},"modified":"2025-10-06T12:40:41","modified_gmt":"2025-10-06T10:40:41","slug":"contactar-amb-el-grup","status":"publish","type":"page","link":"https:\/\/www.xefi.es\/ca\/descobriu-xefi\/sobre-nosaltres\/contactar-amb-el-grup\/","title":{"rendered":"Contactar amb el grup"},"content":{"rendered":"\n<div class=\"wp-block-group alignfull is-layout-constrained wp-container-core-group-is-layout-a47e864c wp-block-group-is-layout-constrained\" style=\"padding-top:var(--wp--preset--spacing--80);padding-right:var(--wp--preset--spacing--50);padding-bottom:var(--wp--preset--spacing--80);padding-left:var(--wp--preset--spacing--50)\"><nav class=\"manitoba-intern-menu manitoba-intern-menu-cols-3 manitoba-intern-menu--hover-width wp-block-manitoba-page-location-intern-menu\" aria-label=\"Menu interne\">\n  <ul class=\"manitoba-intern-menu-grid\">\n            <li class=\"manitoba-intern-menu-grid-item\">\n                  <a href=\"https:\/\/www.xefi.es\/fr\/decouvrir-xefi\/a-propos-de-nous\/ouvrir-une-franchise-xefi\/\" class=\"manitoba-intern-menu-item has-description\"\n         aria-labelledby=\"menu-title-0\"\n         aria-describedby=\"menu-desc-0\">\n                  <div class=\"manitoba-intern-menu-item-background\" style=\"background-image: url(https:\/\/www.xefi.fr\/wp-content\/uploads\/sites\/2\/2025\/07\/contacter-le-groupe-ouvrir-franchise-xefi-partenaire-informatique-des-tpe-pme-scaled.jpg);\" aria-hidden=\"true\"><\/div>\n          <div class=\"manitoba-intern-menu-item-overlay\">\n            <div class=\"manitoba-intern-menu-item-title-container\">\n              <h3 id=\"menu-title-0\" class=\"manitoba-intern-menu-item-title\">\n                <strong>Voleu fer-vos franquiciat de XEFI<\/strong><\/h3>\n            <\/div>\n                        <div class=\"manitoba-intern-menu-item-description-container\">\n              <p id=\"menu-desc-0\" class=\"manitoba-intern-menu-item-description\">\n                Feu l\u2019elecci\u00f3 del rendiment i uniu-vos a la nostra xarxa !               <\/p>\n            <\/div>\n                      <\/div>\n                <\/a>\n          <\/li>\n        <li class=\"manitoba-intern-menu-grid-item\">\n                  <a href=\"https:\/\/carriere.xefi.fr\/\" class=\"manitoba-intern-menu-item has-description\" target=\"_blank\" rel=\"noopener noreferrer\" aria-labelledby=\"menu-title-1\" aria-describedby=\"menu-desc-1\">\n                  <div class=\"manitoba-intern-menu-item-background\" style=\"background-image: url(https:\/\/www.xefi.es\/wp-content\/uploads\/sites\/12\/2025\/07\/contacter-le-groupe-carriere-travailler-chez-xefi-partenaire-informatique-des-tpe-pme.jpg);\" aria-hidden=\"true\"><\/div>\n          <div class=\"manitoba-intern-menu-item-overlay\">\n            <div class=\"manitoba-intern-menu-item-title-container\">\n              <h3 id=\"menu-title-1\" class=\"manitoba-intern-menu-item-title\">\n                <strong><strong>Voleu treballar a XEFI<\/strong><\/strong><\/h3>\n            <\/div>\n                        <div class=\"manitoba-intern-menu-item-description-container\">\n              <p id=\"menu-desc-1\" class=\"manitoba-intern-menu-item-description\">\n                Integreu-vos a una empresa ambiciosa, impulsada per l&#8217;esperit d&#8217;equip!              <\/p>\n            <\/div>\n                      <\/div>\n                <\/a>\n          <\/li>\n        <li class=\"manitoba-intern-menu-grid-item\">\n                  <a href=\"#contact-store\" class=\"manitoba-intern-menu-item has-description\"\n         aria-labelledby=\"menu-title-2\"\n         aria-describedby=\"menu-desc-2\">\n                  <div class=\"manitoba-intern-menu-item-background\" style=\"background-image: url(https:\/\/www.xefi.es\/wp-content\/uploads\/sites\/12\/2025\/07\/contacter-le-groupe-demande-de-devis-xefi-partenaire-informatique-des-tpe-pme-vf.png);\" aria-hidden=\"true\"><\/div>\n          <div class=\"manitoba-intern-menu-item-overlay\">\n            <div class=\"manitoba-intern-menu-item-title-container\">\n              <h3 id=\"menu-title-2\" class=\"manitoba-intern-menu-item-title\">\n                <strong><strong>Voleu fer una sol\u00b7licitud de pressupost<\/strong><\/strong><\/h3>\n            <\/div>\n                        <div class=\"manitoba-intern-menu-item-description-container\">\n              <p id=\"menu-desc-2\" class=\"manitoba-intern-menu-item-description\">\n                Poseu-vos en contacte amb nosaltres, us respondrem el m\u00e9s aviat possible.              <\/p>\n            <\/div>\n                      <\/div>\n                <\/a>\n          <\/li>\n          <\/ul>\n<\/nav>\n<\/div>\n\n<div class=\"wp-block-group has-light-background-color has-background is-layout-constrained wp-container-core-group-is-layout-a47e864c wp-block-group-is-layout-constrained\" style=\"padding-top:var(--wp--preset--spacing--80);padding-right:var(--wp--preset--spacing--50);padding-bottom:var(--wp--preset--spacing--80);padding-left:var(--wp--preset--spacing--50)\">\n<h2 class=\"wp-block-heading has-text-align-center\">UNA ALTRA PREGUNTA?<mark class=\"has-inline-color has-primary-color\"> CONTACTEU AMB NOSALTRES!<\/mark><\/h2>\n\n\n\n<p class=\"has-text-align-center\" style=\"margin-bottom:var(--wp--preset--spacing--80)\">El nostre equip est\u00e0 a la vostra disposici\u00f3 per respondre totes les vostres sol\u00b7licituds. <strong>Ompliu el formulari de m\u00e9s avall, us contactarem r\u00e0pidament.<\/strong><\/p>\n\n\n\n<div class=\"wp-block-group is-layout-constrained wp-container-core-group-is-layout-bea02a06 wp-block-group-is-layout-constrained\">\n<div class=\"wp-block-contact-form-7-contact-form-selector\">\n<div class=\"wpcf7 no-js\" id=\"wpcf7-f14893-o1\" lang=\"ca-ES\" dir=\"ltr\" data-wpcf7-id=\"14893\">\n<div class=\"screen-reader-response\"><p role=\"status\" aria-live=\"polite\" aria-atomic=\"true\"><\/p> <ul><\/ul><\/div>\n<form action=\"\/ca\/wp-json\/wp\/v2\/pages\/12852#wpcf7-f14893-o1\" method=\"post\" class=\"wpcf7-form init\" aria-label=\"Contact form\" novalidate=\"novalidate\" data-status=\"init\">\n<div style=\"display: none;\">\n<input type=\"hidden\" name=\"_wpcf7\" value=\"14893\" \/>\n<input type=\"hidden\" name=\"_wpcf7_version\" value=\"6.0.6\" \/>\n<input type=\"hidden\" name=\"_wpcf7_locale\" value=\"ca_ES\" \/>\n<input type=\"hidden\" name=\"_wpcf7_unit_tag\" value=\"wpcf7-f14893-o1\" \/>\n<input type=\"hidden\" name=\"_wpcf7_container_post\" value=\"0\" \/>\n<input type=\"hidden\" name=\"_wpcf7_posted_data_hash\" value=\"\" \/>\n<input type=\"hidden\" name=\"_wpcf7_recaptcha_response\" value=\"\" \/>\n<\/div>\n<div class=\"form-wrapper\">\n\t<div class=\"form-field field-w70\">\n\t\t<p><label>La seva sol\u00b7licitud afecta*<\/label><br \/>\n<span class=\"wpcf7-form-control-wrap\" data-name=\"select-request\"><select class=\"wpcf7-form-control wpcf7-select wpcf7-validates-as-required\" aria-required=\"true\" aria-invalid=\"false\" name=\"select-request\"><option value=\"\">Seleccioni una opci\u00f3<\/option><option value=\"Mecenatge\/Patrocini\">Mecenatge\/Patrocini<\/option><option value=\"Oferta de servei\/Col\u00b7laboraci\u00f3\">Oferta de servei\/Col\u00b7laboraci\u00f3<\/option><option value=\"Premsa\">Premsa<\/option><option value=\"Sol\u00b7licitud de pr\u00e0ctiques\">Sol\u00b7licitud de pr\u00e0ctiques<\/option><\/select><\/span>\n\t\t<\/p>\n\t<\/div>\n\t<div class=\"form-field field-w50\">\n\t\t<p><label>Nom de l'empresa<\/label><br \/>\n<span class=\"wpcf7-form-control-wrap\" data-name=\"input-company\"><input size=\"40\" maxlength=\"400\" class=\"wpcf7-form-control wpcf7-text\" aria-invalid=\"false\" placeholder=\"Ex : XEFI\" value=\"\" type=\"text\" name=\"input-company\" \/><\/span>\n\t\t<\/p>\n\t<\/div>\n\t<div class=\"form-field field-w30\">\n\t\t<p><label>Codi postal*<\/label><br \/>\n<span class=\"wpcf7-form-control-wrap\" data-name=\"input-postalcode\"><input size=\"40\" maxlength=\"400\" class=\"wpcf7-form-control wpcf7-text wpcf7-validates-as-required\" aria-required=\"true\" aria-invalid=\"false\" placeholder=\"Ex : 28000\" value=\"\" type=\"text\" name=\"input-postalcode\" \/><\/span>\n\t\t<\/p>\n\t<\/div>\n\t<div class=\"form-field field-w30\">\n\t\t<p><label>Cognoms *<\/label><br \/>\n<span class=\"wpcf7-form-control-wrap\" data-name=\"input-lastname\"><input size=\"40\" maxlength=\"400\" class=\"wpcf7-form-control wpcf7-text wpcf7-validates-as-required\" aria-required=\"true\" aria-invalid=\"false\" placeholder=\"Ex : Dupont\" value=\"\" type=\"text\" name=\"input-lastname\" \/><\/span>\n\t\t<\/p>\n\t<\/div>\n\t<div class=\"form-field field-w30\">\n\t\t<p><label>Nom*<\/label><br \/>\n<span class=\"wpcf7-form-control-wrap\" data-name=\"input-firstname\"><input size=\"40\" maxlength=\"400\" class=\"wpcf7-form-control wpcf7-text wpcf7-validates-as-required\" aria-required=\"true\" aria-invalid=\"false\" placeholder=\"Ex : Nicolas\" value=\"\" type=\"text\" name=\"input-firstname\" \/><\/span>\n\t\t<\/p>\n\t<\/div>\n\t<div class=\"form-field field-w50\">\n\t\t<p><label>Correu electr\u00f2nic*<\/label><br \/>\n<span class=\"wpcf7-form-control-wrap\" data-name=\"input-email\"><input size=\"40\" maxlength=\"400\" class=\"wpcf7-form-control wpcf7-email wpcf7-validates-as-required wpcf7-text wpcf7-validates-as-email\" aria-required=\"true\" aria-invalid=\"false\" placeholder=\"Ex : example@email.es\" value=\"\" type=\"email\" name=\"input-email\" \/><\/span>\n\t\t<\/p>\n\t<\/div>\n\t<div class=\"form-field field-w30\">\n\t\t<p><label>N\u00fam. de tel\u00e8fon*<\/label><br \/>\n<span class=\"wpcf7-form-control-wrap\" data-name=\"input-phone\"><input size=\"40\" maxlength=\"400\" class=\"wpcf7-form-control wpcf7-tel wpcf7-validates-as-required wpcf7-text wpcf7-validates-as-tel\" aria-required=\"true\" aria-invalid=\"false\" placeholder=\"Ex : 600 00 00 00\" value=\"\" type=\"tel\" name=\"input-phone\" \/><\/span>\n\t\t<\/p>\n\t<\/div>\n\t<div class=\"form-field field-w100\">\n\t\t<p><label>El meu missatge*<\/label><br \/>\n<span class=\"wpcf7-form-control-wrap\" data-name=\"textarea-message\"><textarea cols=\"40\" rows=\"10\" maxlength=\"2000\" class=\"wpcf7-form-control wpcf7-textarea wpcf7-validates-as-required\" aria-required=\"true\" aria-invalid=\"false\" placeholder=\"Ex : Busco consell sobre...\" name=\"textarea-message\"><\/textarea><\/span>\n\t\t<\/p>\n\t<\/div>\n<\/div>\n<p><span class=\"wpcf7-form-control-wrap\" data-name=\"input-acceptance\"><span class=\"wpcf7-form-control wpcf7-acceptance\"><span class=\"wpcf7-list-item\"><label><input type=\"checkbox\" name=\"input-acceptance\" value=\"1\" aria-invalid=\"false\" \/><span class=\"wpcf7-list-item-label\">En enviar aquest formulari, accepto que XEFI Espa\u00f1a tracti les meves dades personals (nom, correu electr\u00f2nic, tel\u00e8fon...) amb la finalitat de contactar-me en relaci\u00f3 amb la meva sol\u00b7licitud i d\u2019oferir-me els seus productes i serveis. D\u2019acord amb el Reglament General de Protecci\u00f3 de Dades (RGPD) i amb la Llei Org\u00e0nica de Protecci\u00f3 de Dades i Garantia dels Drets Digitals (LOPDGDD), disposo del dret d\u2019acc\u00e9s, rectificaci\u00f3, supressi\u00f3, portabilitat, oposici\u00f3, limitaci\u00f3 i retirada del meu consentiment, que puc exercir escrivint a dpo.espagne@xefi.fr o adre\u00e7ant-me a l\u2019Agencia Espa\u00f1ola de Protecci\u00f3n de Datos (www.aepd.es)<\/span><\/label><\/span><\/span><\/span>\n<\/p>\n<p><small>Per saber m\u00e9s sobre la gesti\u00f3 de les seves dades i els seus drets, consulti la nostra <a href=\"\/fr\/politique-de-confidentialite\">pol\u00edtica de privacitat i cookies<\/a>.<\/small>\n<\/p>\n<p><small>*camps obligatoris<\/small>\n<\/p>\n<p><button type=\"submit\">Enviar la meva petici\u00f3<\/button>\n<\/p><div class=\"wpcf7-response-output\" aria-hidden=\"true\"><\/div>\n<\/form>\n<\/div>\n<\/div>\n<\/div>\n<\/div>\n\n<p><\/p>\n","protected":false},"excerpt":{"rendered":"<p>UNA ALTRA PREGUNTA? CONTACTEU AMB NOSALTRES! El nostre equip est\u00e0 a la vostra disposici\u00f3 per respondre totes les vostres sol\u00b7licituds. Ompliu el formulari de m\u00e9s avall, us contactarem r\u00e0pidament.<\/p>\n","protected":false},"author":1,"featured_media":0,"parent":12718,"menu_order":56,"comment_status":"closed","ping_status":"closed","template":"","meta":{"_acf_changed":false,"footnotes":""},"class_list":["post-12852","page","type-page","status-publish","hentry","page_location-menu-mobil","page_location-menu-secundari","page_location-pagina-de-contacte"],"acf":[],"_links":{"self":[{"href":"https:\/\/www.xefi.es\/ca\/wp-json\/wp\/v2\/pages\/12852","targetHints":{"allow":["GET"]}}],"collection":[{"href":"https:\/\/www.xefi.es\/ca\/wp-json\/wp\/v2\/pages"}],"about":[{"href":"https:\/\/www.xefi.es\/ca\/wp-json\/wp\/v2\/types\/page"}],"author":[{"embeddable":true,"href":"https:\/\/www.xefi.es\/ca\/wp-json\/wp\/v2\/users\/1"}],"replies":[{"embeddable":true,"href":"https:\/\/www.xefi.es\/ca\/wp-json\/wp\/v2\/comments?post=12852"}],"version-history":[{"count":2,"href":"https:\/\/www.xefi.es\/ca\/wp-json\/wp\/v2\/pages\/12852\/revisions"}],"predecessor-version":[{"id":14497,"href":"https:\/\/www.xefi.es\/ca\/wp-json\/wp\/v2\/pages\/12852\/revisions\/14497"}],"up":[{"embeddable":true,"href":"https:\/\/www.xefi.es\/ca\/wp-json\/wp\/v2\/pages\/12718"}],"wp:attachment":[{"href":"https:\/\/www.xefi.es\/ca\/wp-json\/wp\/v2\/media?parent=12852"}],"curies":[{"name":"wp","href":"https:\/\/api.w.org\/{rel}","templated":true}]}}