{"id":12756,"date":"2025-05-05T11:22:09","date_gmt":"2025-05-05T09:22:09","guid":{"rendered":"https:\/\/www.xefi.es\/descobriu-xefi\/sobre-nosaltres\/els-nostres-collaboradors-i-les-nostres-certificacions\/"},"modified":"2025-10-10T16:27:09","modified_gmt":"2025-10-10T14:27:09","slug":"els-nostres-collaboradors-i-les-nostres-certificacions","status":"publish","type":"page","link":"https:\/\/www.xefi.es\/ca\/descobriu-xefi\/sobre-nosaltres\/els-nostres-collaboradors-i-les-nostres-certificacions\/","title":{"rendered":"Els nostres col\u00b7laboradors i les nostres certificacions"},"content":{"rendered":"\n<div class=\"wp-block-group alignfull is-layout-constrained wp-container-core-group-is-layout-e283d89d wp-block-group-is-layout-constrained\" style=\"margin-bottom:var(--wp--preset--spacing--70);padding-top:var(--wp--preset--spacing--80);padding-right:var(--wp--preset--spacing--50);padding-bottom:var(--wp--preset--spacing--80);padding-left:var(--wp--preset--spacing--50)\">\n<h2 class=\"wp-block-heading has-text-align-center\" style=\"margin-bottom:var(--wp--preset--spacing--50)\">COL\u00b7LABORACIONS D&#8217;ALT NIVELL PER <mark class=\"has-inline-color has-primary-color\">GARANTIR-LI L\u2019EXCEL\u00b7L\u00c8NCIA DEL SERVEI<\/mark> <\/h2>\n\n\n\n<p class=\"has-text-align-center\">A XEFI, l\u2019efic\u00e0cia i la seguretat de les seves infraestructures inform\u00e0tiques recauen sobre fonaments s\u00f2lids.<br\/>Les nostres certificacions t\u00e8cniques i les nostres col\u00b7laboracions amb els l\u00edders mundials del sector s\u00f3n testimonis de la nostra exig\u00e8ncia en qualitat.<\/p>\n\n\n\n<p class=\"has-text-align-center\" style=\"margin-bottom:0\"><strong>Aquests reconeixements oficials ens permeten oferir-li solucions fiables, evolutives i sempre al cim de la innovaci\u00f3.<\/strong><\/p>\n<\/div>\n\n<div class=\"wp-block-group alignfull has-grey-2-background-color has-background is-layout-constrained wp-container-core-group-is-layout-19e250f3 wp-block-group-is-layout-constrained\">\n<div style=\"height:60px\" aria-hidden=\"true\" class=\"wp-block-spacer\"><\/div>\n\n\n\n<div class=\"wp-block-group cut-border has-background-background-color has-background is-layout-constrained wp-container-core-group-is-layout-01050bb4 wp-block-group-is-layout-constrained\" style=\"margin-top:0;margin-bottom:var(--wp--preset--spacing--70);padding-right:0;padding-left:0\">\n<div class=\"wp-block-columns is-layout-flex wp-container-core-columns-is-layout-e2f33555 wp-block-columns-is-layout-flex\" style=\"padding-top:var(--wp--preset--spacing--70);padding-right:var(--wp--preset--spacing--70);padding-bottom:var(--wp--preset--spacing--70);padding-left:var(--wp--preset--spacing--70)\">\n<div class=\"wp-block-column is-layout-flow wp-block-column-is-layout-flow\">\n<figure class=\"wp-block-image size-full cut-border\" style=\"margin-top:0\"><img loading=\"lazy\" decoding=\"async\" width=\"2560\" height=\"1707\" src=\"https:\/\/www.xefi.fr\/wp-content\/uploads\/sites\/2\/2025\/07\/hpi-xefi-partenaire-informatique-tpe-pme-scaled.jpg\" alt=\"\" class=\"wp-image-10328\" style=\"aspect-ratio:4\/3;object-fit:cover\" srcset=\"https:\/\/www.xefi.es\/wp-content\/uploads\/sites\/12\/2025\/07\/hpi-xefi-partenaire-informatique-tpe-pme-scaled.jpg 2560w, https:\/\/www.xefi.es\/wp-content\/uploads\/sites\/12\/2025\/07\/hpi-xefi-partenaire-informatique-tpe-pme-300x200.jpg 300w, https:\/\/www.xefi.es\/wp-content\/uploads\/sites\/12\/2025\/07\/hpi-xefi-partenaire-informatique-tpe-pme-1024x683.jpg 1024w, https:\/\/www.xefi.es\/wp-content\/uploads\/sites\/12\/2025\/07\/hpi-xefi-partenaire-informatique-tpe-pme-768x512.jpg 768w, https:\/\/www.xefi.es\/wp-content\/uploads\/sites\/12\/2025\/07\/hpi-xefi-partenaire-informatique-tpe-pme-1536x1024.jpg 1536w, https:\/\/www.xefi.es\/wp-content\/uploads\/sites\/12\/2025\/07\/hpi-xefi-partenaire-informatique-tpe-pme-2048x1365.jpg 2048w\" sizes=\"auto, (max-width: 2560px) 100vw, 2560px\" \/><\/figure>\n<\/div>\n\n\n\n<div class=\"wp-block-column is-layout-flow wp-block-column-is-layout-flow\" style=\"padding-right:0;padding-left:0\">\n<figure class=\"wp-block-image size-full is-resized\" style=\"margin-top:0;margin-bottom:var(--wp--preset--spacing--60)\"><img loading=\"lazy\" decoding=\"async\" width=\"50\" height=\"50\" src=\"https:\/\/www.xefi.fr\/wp-content\/uploads\/sites\/2\/2025\/05\/HP_logo_2025.svg-e1751965539763.png\" alt=\"\" class=\"wp-image-9534\" style=\"width:50px;height:auto\"\/><\/figure>\n\n\n\n<h3 class=\"wp-block-heading\"><strong>HP AMPLIFY POWER<\/strong><\/h3>\n\n\n\n<p>XEFI t\u00e9 avui l\u2019estatus d\u2019HP Amplify Power. <\/p>\n\n\n\n<p>Aquest estatus correspon al nivell m\u00e9s alt de certificaci\u00f3 HP Inc. i permet d&#8217;atorgar als clients XEFI les millors tarifes per a tots els productes de la marca (PC, port\u00e0tils, impressores, copiadores), la millor assist\u00e8ncia comercial i t\u00e8cnica i un acc\u00e9s privilegiat a les peces de recanvi. <\/p>\n\n\n\n<p>Gr\u00e0cies a aquesta relaci\u00f3 privilegiada entre XEFI i el fabricant, tots els nostres clients gaudeixen immediatament i directa de tots aquests avantatges.<\/p>\n<\/div>\n<\/div>\n<\/div>\n\n\n\n<div class=\"wp-block-group cut-border has-background-background-color has-background is-layout-constrained wp-container-core-group-is-layout-e04e6721 wp-block-group-is-layout-constrained\" style=\"margin-bottom:var(--wp--preset--spacing--70);padding-right:0;padding-left:0\">\n<div class=\"wp-block-columns is-layout-flex wp-container-core-columns-is-layout-e2f33555 wp-block-columns-is-layout-flex\" style=\"padding-top:var(--wp--preset--spacing--70);padding-right:var(--wp--preset--spacing--70);padding-bottom:var(--wp--preset--spacing--70);padding-left:var(--wp--preset--spacing--70)\">\n<div class=\"wp-block-column is-layout-flow wp-block-column-is-layout-flow\" style=\"padding-right:0;padding-left:0\">\n<figure class=\"wp-block-image size-full is-resized\" style=\"margin-top:0;margin-bottom:var(--wp--preset--spacing--60)\"><img decoding=\"async\" src=\"https:\/\/www.xefi.fr\/wp-content\/uploads\/sites\/2\/2025\/07\/Hewlett_Packard_Enterprise_logo_2025.svg-1-1-scaled.png\" alt=\"\" class=\"wp-image-10675\" style=\"width:auto;height:30px\"\/><\/figure>\n\n\n\n<h3 class=\"wp-block-heading\"><strong>HEWLETT PACKARD ENTERPRISE<\/strong><\/h3>\n\n\n\n<p>XEFI \u00e9s un soci exclusiu de Hewlett Packard Enterprise. XEFI \u00e9s regularment reconegut com a &#8220;Soci de l&#8217;any&#8221; per Hewlett Packard Enterprise a nivell europeu!  <\/p>\n\n\n\n<p>Aquest nivell d&#8217;acompanyament atorga als clients de XEFI les millors tarifes a Hewlett Packard Enterprise en tots els productes, Servidors, Emmagatzematge i Xarxes del fabricant.<\/p>\n<\/div>\n\n\n\n<div class=\"wp-block-column is-layout-flow wp-block-column-is-layout-flow\">\n<figure class=\"wp-block-image size-full cut-border\"><img loading=\"lazy\" decoding=\"async\" width=\"2560\" height=\"1440\" src=\"https:\/\/www.xefi.fr\/wp-content\/uploads\/sites\/2\/2025\/07\/hewlett-packard-entreprise-hpe-xefi-partenaire-informatique-tpe-pme-scaled.jpg\" alt=\"\" class=\"wp-image-10331\" style=\"aspect-ratio:4\/3;object-fit:cover\" srcset=\"https:\/\/www.xefi.es\/wp-content\/uploads\/sites\/12\/2025\/07\/hewlett-packard-entreprise-hpe-xefi-partenaire-informatique-tpe-pme-scaled.jpg 2560w, https:\/\/www.xefi.es\/wp-content\/uploads\/sites\/12\/2025\/07\/hewlett-packard-entreprise-hpe-xefi-partenaire-informatique-tpe-pme-300x169.jpg 300w, https:\/\/www.xefi.es\/wp-content\/uploads\/sites\/12\/2025\/07\/hewlett-packard-entreprise-hpe-xefi-partenaire-informatique-tpe-pme-1024x576.jpg 1024w, https:\/\/www.xefi.es\/wp-content\/uploads\/sites\/12\/2025\/07\/hewlett-packard-entreprise-hpe-xefi-partenaire-informatique-tpe-pme-768x432.jpg 768w, https:\/\/www.xefi.es\/wp-content\/uploads\/sites\/12\/2025\/07\/hewlett-packard-entreprise-hpe-xefi-partenaire-informatique-tpe-pme-1536x864.jpg 1536w, https:\/\/www.xefi.es\/wp-content\/uploads\/sites\/12\/2025\/07\/hewlett-packard-entreprise-hpe-xefi-partenaire-informatique-tpe-pme-2048x1152.jpg 2048w\" sizes=\"auto, (max-width: 2560px) 100vw, 2560px\" \/><\/figure>\n<\/div>\n<\/div>\n<\/div>\n\n\n\n<div class=\"wp-block-group cut-border has-background-background-color has-background is-layout-constrained wp-container-core-group-is-layout-e04e6721 wp-block-group-is-layout-constrained\" style=\"margin-bottom:var(--wp--preset--spacing--70);padding-right:0;padding-left:0\">\n<div class=\"wp-block-columns is-layout-flex wp-container-core-columns-is-layout-e2f33555 wp-block-columns-is-layout-flex\" style=\"padding-top:var(--wp--preset--spacing--70);padding-right:var(--wp--preset--spacing--70);padding-bottom:var(--wp--preset--spacing--70);padding-left:var(--wp--preset--spacing--70)\">\n<div class=\"wp-block-column is-layout-flow wp-block-column-is-layout-flow\">\n<figure class=\"wp-block-image size-full cut-border\"><img loading=\"lazy\" decoding=\"async\" width=\"2560\" height=\"1440\" src=\"https:\/\/www.xefi.fr\/wp-content\/uploads\/sites\/2\/2025\/07\/hpe-aruba-entreprise-hpe-xefi-partenaire-informatique-tpe-pme-scaled.jpg\" alt=\"\" class=\"wp-image-10333\" style=\"aspect-ratio:4\/3;object-fit:cover\" srcset=\"https:\/\/www.xefi.es\/wp-content\/uploads\/sites\/12\/2025\/07\/hpe-aruba-entreprise-hpe-xefi-partenaire-informatique-tpe-pme-scaled.jpg 2560w, https:\/\/www.xefi.es\/wp-content\/uploads\/sites\/12\/2025\/07\/hpe-aruba-entreprise-hpe-xefi-partenaire-informatique-tpe-pme-300x169.jpg 300w, https:\/\/www.xefi.es\/wp-content\/uploads\/sites\/12\/2025\/07\/hpe-aruba-entreprise-hpe-xefi-partenaire-informatique-tpe-pme-1024x576.jpg 1024w, https:\/\/www.xefi.es\/wp-content\/uploads\/sites\/12\/2025\/07\/hpe-aruba-entreprise-hpe-xefi-partenaire-informatique-tpe-pme-768x432.jpg 768w, https:\/\/www.xefi.es\/wp-content\/uploads\/sites\/12\/2025\/07\/hpe-aruba-entreprise-hpe-xefi-partenaire-informatique-tpe-pme-1536x864.jpg 1536w, https:\/\/www.xefi.es\/wp-content\/uploads\/sites\/12\/2025\/07\/hpe-aruba-entreprise-hpe-xefi-partenaire-informatique-tpe-pme-2048x1152.jpg 2048w\" sizes=\"auto, (max-width: 2560px) 100vw, 2560px\" \/><\/figure>\n<\/div>\n\n\n\n<div class=\"wp-block-column is-layout-flow wp-block-column-is-layout-flow\" style=\"padding-right:0;padding-left:0\">\n<figure class=\"wp-block-image size-full is-resized\" style=\"margin-top:0;margin-bottom:var(--wp--preset--spacing--60)\"><img loading=\"lazy\" decoding=\"async\" width=\"198\" height=\"45\" src=\"https:\/\/www.xefi.fr\/wp-content\/uploads\/sites\/2\/2025\/07\/Group.png\" alt=\"\" class=\"wp-image-9857\" style=\"width:auto;height:30px\"\/><\/figure>\n\n\n\n<h3 class=\"wp-block-heading\"><strong>ARUBA<\/strong><\/h3>\n\n\n\n<p>Aruba, divisi\u00f3 de xarxes de Hewlett Packard Enterprise, est\u00e0 especialitzada en solucions Wi-Fi, switch, seguretat i gesti\u00f3 centralitzada per a les infraestructures inform\u00e0tiques.<\/p>\n\n\n\n<p>ARUBA \u00e9s el col\u00b7laborador de Solucions de XARXES i Wi-Fi de XEFI.<\/p>\n\n\n\n<p>El 2021, XEFI va rebre el premi al millor col\u00b7laborador MSP (Managed Service Provider) de l\u2019any per a la zona EMEA (Europa, Orient Mitj\u00e0 i \u00c0frica).<\/p>\n<\/div>\n<\/div>\n<\/div>\n\n\n\n<div class=\"wp-block-group cut-border has-background-background-color has-background is-layout-constrained wp-container-core-group-is-layout-e04e6721 wp-block-group-is-layout-constrained\" style=\"margin-bottom:var(--wp--preset--spacing--70);padding-right:0;padding-left:0\">\n<div class=\"wp-block-columns is-layout-flex wp-container-core-columns-is-layout-e2f33555 wp-block-columns-is-layout-flex\" style=\"padding-top:var(--wp--preset--spacing--70);padding-right:var(--wp--preset--spacing--70);padding-bottom:var(--wp--preset--spacing--70);padding-left:var(--wp--preset--spacing--70)\">\n<div class=\"wp-block-column is-layout-flow wp-block-column-is-layout-flow\" style=\"padding-right:0;padding-left:0\">\n<figure class=\"wp-block-image size-full is-resized\" style=\"margin-top:0;margin-bottom:var(--wp--preset--spacing--60)\"><img loading=\"lazy\" decoding=\"async\" width=\"167\" height=\"37\" src=\"https:\/\/www.xefi.fr\/wp-content\/uploads\/sites\/2\/2025\/07\/Group-1321314570.png\" alt=\"\" class=\"wp-image-9859\" style=\"width:auto;height:30px\"\/><\/figure>\n\n\n\n<h3 class=\"wp-block-heading\"><strong>MICROSOFT<\/strong><\/h3>\n\n\n\n<p>XEFI \u00e9s un dels principals col\u00b7laboradors de Microsoft a Fran\u00e7a, al mercat de les PIMES i microempreses.<\/p>\n<\/div>\n\n\n\n<div class=\"wp-block-column is-layout-flow wp-block-column-is-layout-flow\">\n<figure class=\"wp-block-image size-full cut-border\"><img loading=\"lazy\" decoding=\"async\" width=\"1366\" height=\"890\" src=\"https:\/\/www.xefi.fr\/wp-content\/uploads\/sites\/2\/2025\/07\/microsoft-entreprise-hpe-xefi-partenaire-informatique-tpe-pme.jpg\" alt=\"\" class=\"wp-image-10335\" style=\"aspect-ratio:4\/3;object-fit:cover\" srcset=\"https:\/\/www.xefi.es\/wp-content\/uploads\/sites\/12\/2025\/07\/microsoft-entreprise-hpe-xefi-partenaire-informatique-tpe-pme.jpg 1366w, https:\/\/www.xefi.es\/wp-content\/uploads\/sites\/12\/2025\/07\/microsoft-entreprise-hpe-xefi-partenaire-informatique-tpe-pme-300x195.jpg 300w, https:\/\/www.xefi.es\/wp-content\/uploads\/sites\/12\/2025\/07\/microsoft-entreprise-hpe-xefi-partenaire-informatique-tpe-pme-1024x667.jpg 1024w, https:\/\/www.xefi.es\/wp-content\/uploads\/sites\/12\/2025\/07\/microsoft-entreprise-hpe-xefi-partenaire-informatique-tpe-pme-768x500.jpg 768w\" sizes=\"auto, (max-width: 1366px) 100vw, 1366px\" \/><\/figure>\n<\/div>\n<\/div>\n<\/div>\n\n\n\n<div class=\"wp-block-group cut-border has-background-background-color has-background is-layout-constrained wp-container-core-group-is-layout-e04e6721 wp-block-group-is-layout-constrained\" style=\"margin-bottom:var(--wp--preset--spacing--70);padding-right:0;padding-left:0\">\n<div class=\"wp-block-columns is-layout-flex wp-container-core-columns-is-layout-e2f33555 wp-block-columns-is-layout-flex\" style=\"padding-top:var(--wp--preset--spacing--70);padding-right:var(--wp--preset--spacing--70);padding-bottom:var(--wp--preset--spacing--70);padding-left:var(--wp--preset--spacing--70)\">\n<div class=\"wp-block-column is-layout-flow wp-block-column-is-layout-flow\">\n<figure class=\"wp-block-image size-full cut-border\"><img loading=\"lazy\" decoding=\"async\" width=\"1216\" height=\"800\" src=\"https:\/\/www.xefi.fr\/wp-content\/uploads\/sites\/2\/2025\/07\/sophos-xefi-partenaire-informatique-des-tpe-et-pme.png\" alt=\"\" class=\"wp-image-10339\" style=\"aspect-ratio:4\/3;object-fit:cover\" srcset=\"https:\/\/www.xefi.es\/wp-content\/uploads\/sites\/12\/2025\/07\/sophos-xefi-partenaire-informatique-des-tpe-et-pme.png 1216w, https:\/\/www.xefi.es\/wp-content\/uploads\/sites\/12\/2025\/07\/sophos-xefi-partenaire-informatique-des-tpe-et-pme-300x197.png 300w, https:\/\/www.xefi.es\/wp-content\/uploads\/sites\/12\/2025\/07\/sophos-xefi-partenaire-informatique-des-tpe-et-pme-1024x674.png 1024w, https:\/\/www.xefi.es\/wp-content\/uploads\/sites\/12\/2025\/07\/sophos-xefi-partenaire-informatique-des-tpe-et-pme-768x505.png 768w\" sizes=\"auto, (max-width: 1216px) 100vw, 1216px\" \/><\/figure>\n<\/div>\n\n\n\n<div class=\"wp-block-column is-layout-flow wp-block-column-is-layout-flow\" style=\"padding-right:0;padding-left:0\">\n<figure class=\"wp-block-image size-full is-resized\" style=\"margin-top:0;margin-bottom:var(--wp--preset--spacing--60)\"><img loading=\"lazy\" decoding=\"async\" width=\"601\" height=\"66\" src=\"https:\/\/www.xefi.fr\/wp-content\/uploads\/sites\/2\/2025\/05\/sophos-xefi-partenaire-informatique-tpe-et-pme.png\" alt=\"\" class=\"wp-image-11956\" style=\"width:182px;height:auto\" srcset=\"https:\/\/www.xefi.es\/wp-content\/uploads\/sites\/12\/2025\/05\/sophos-xefi-partenaire-informatique-tpe-et-pme.png 601w, https:\/\/www.xefi.es\/wp-content\/uploads\/sites\/12\/2025\/05\/sophos-xefi-partenaire-informatique-tpe-et-pme-300x33.png 300w\" sizes=\"auto, (max-width: 601px) 100vw, 601px\" \/><\/figure>\n\n\n\n<h3 class=\"wp-block-heading\"><strong>SOPHOS<\/strong><\/h3>\n\n\n\n<p>Des de fa molts anys, XEFI ha escollit SOPHOS com col\u00b7laborador de les seves solucions de seguretat.<br\/><\/p>\n\n\n\n<p>XEFI ha rebut regularment el trofeu al millor soci de l&#8217;any a nivell europeu.<\/p>\n<\/div>\n<\/div>\n<\/div>\n\n\n\n<div class=\"wp-block-group cut-border has-background-background-color has-background is-layout-constrained wp-container-core-group-is-layout-09eead76 wp-block-group-is-layout-constrained\" style=\"margin-bottom:0;padding-right:0;padding-left:0\">\n<div class=\"wp-block-columns is-layout-flex wp-container-core-columns-is-layout-e2f33555 wp-block-columns-is-layout-flex\" style=\"padding-top:var(--wp--preset--spacing--70);padding-right:var(--wp--preset--spacing--70);padding-bottom:var(--wp--preset--spacing--70);padding-left:var(--wp--preset--spacing--70)\">\n<div class=\"wp-block-column is-layout-flow wp-block-column-is-layout-flow\" style=\"padding-right:0;padding-left:0\">\n<figure class=\"wp-block-image size-full is-resized\" style=\"margin-top:0;margin-bottom:var(--wp--preset--spacing--60)\"><img loading=\"lazy\" decoding=\"async\" width=\"111\" height=\"49\" src=\"https:\/\/www.xefi.fr\/wp-content\/uploads\/sites\/2\/2025\/07\/poly-1.png\" alt=\"\" class=\"wp-image-9855\" style=\"width:auto;height:40px\"\/><\/figure>\n\n\n\n<h3 class=\"wp-block-heading\"><strong>HP POLY<\/strong><\/h3>\n\n\n\n<p>Filial de HP INC des del 2022, POLY dissenya solucions d\u2019\u00e0udio i v\u00eddeo per a la col\u00b7laboraci\u00f3 professional. <\/p>\n\n\n\n<p>Gr\u00e0cies a aquest partenariat, XEFI ofereix una \u00e0mplia gamma d\u2019equipaments (microauriculars, videoconfer\u00e8ncia, tel\u00e8fons) i un acompanyament comercial i t\u00e8cnic d\u2019alt nivell per a tots els entorns de treball h\u00edbrids.<\/p>\n<\/div>\n\n\n\n<div class=\"wp-block-column is-layout-flow wp-block-column-is-layout-flow\">\n<figure class=\"wp-block-image size-full cut-border\" style=\"margin-top:0\"><img loading=\"lazy\" decoding=\"async\" width=\"2560\" height=\"1707\" src=\"https:\/\/www.xefi.fr\/wp-content\/uploads\/sites\/2\/2025\/07\/poly-xefi-partenaire-informatique-tpe-pme-scaled.jpg\" alt=\"\" class=\"wp-image-10341\" style=\"aspect-ratio:4\/3;object-fit:cover\" srcset=\"https:\/\/www.xefi.es\/wp-content\/uploads\/sites\/12\/2025\/07\/poly-xefi-partenaire-informatique-tpe-pme-scaled.jpg 2560w, https:\/\/www.xefi.es\/wp-content\/uploads\/sites\/12\/2025\/07\/poly-xefi-partenaire-informatique-tpe-pme-300x200.jpg 300w, https:\/\/www.xefi.es\/wp-content\/uploads\/sites\/12\/2025\/07\/poly-xefi-partenaire-informatique-tpe-pme-1024x683.jpg 1024w, https:\/\/www.xefi.es\/wp-content\/uploads\/sites\/12\/2025\/07\/poly-xefi-partenaire-informatique-tpe-pme-768x512.jpg 768w, https:\/\/www.xefi.es\/wp-content\/uploads\/sites\/12\/2025\/07\/poly-xefi-partenaire-informatique-tpe-pme-1536x1024.jpg 1536w, https:\/\/www.xefi.es\/wp-content\/uploads\/sites\/12\/2025\/07\/poly-xefi-partenaire-informatique-tpe-pme-2048x1365.jpg 2048w\" sizes=\"auto, (max-width: 2560px) 100vw, 2560px\" \/><\/figure>\n<\/div>\n<\/div>\n<\/div>\n\n\n\n<div style=\"height:60px\" aria-hidden=\"true\" class=\"wp-block-spacer\"><\/div>\n<\/div>\n\n<div class=\"wp-block-group alignfull is-layout-constrained wp-container-core-group-is-layout-11c1ca01 wp-block-group-is-layout-constrained has-background\" style=\"padding-right:var(--wp--preset--spacing--50);padding-left:var(--wp--preset--spacing--50);background-image:url(&#039;https:\/\/www.xefi.fr\/wp-content\/uploads\/sites\/2\/2025\/06\/image_certifications_bandeau_contact-scaled.jpg&#039;);background-position:50% 50%;background-size:cover;background-attachment:scroll;\">\n<div class=\"wp-block-columns is-layout-flex wp-container-core-columns-is-layout-28f84493 wp-block-columns-is-layout-flex\">\n<div class=\"wp-block-column is-layout-flow wp-block-column-is-layout-flow\" style=\"padding-top:var(--wp--preset--spacing--50);padding-bottom:var(--wp--preset--spacing--50);flex-basis:33.33%\">\n<h3 class=\"wp-block-heading has-background-color has-text-color has-link-color wp-elements-885c7c9b1876461b3a2fb8b6dc1683ef\">VOL SABER M\u00c9S DE LES NOSTRES CERTIFICACIONS?<\/h3>\n\n\n\n<div class=\"wp-block-buttons is-layout-flex wp-block-buttons-is-layout-flex\">\n<div class=\"wp-block-button\"><a class=\"wp-block-button__link has-background-background-color has-background wp-element-button\" href=\"https:\/\/www.xefi.es\/ca\/descobriu-xefi\/sobre-nosaltres\/contactar-amb-el-grup\/\">Contacti amb nosaltres<\/a><\/div>\n<\/div>\n<\/div>\n\n\n\n<div class=\"wp-block-column is-layout-flow wp-block-column-is-layout-flow\" style=\"flex-basis:66.66%\"><\/div>\n<\/div>\n<\/div>\n\n<div class=\"wp-block-group alignfull has-light-background-color has-background is-layout-constrained wp-container-core-group-is-layout-a47e864c wp-block-group-is-layout-constrained\" style=\"padding-top:var(--wp--preset--spacing--80);padding-right:var(--wp--preset--spacing--50);padding-bottom:var(--wp--preset--spacing--80);padding-left:var(--wp--preset--spacing--50)\">\n<h2 class=\"wp-block-heading has-text-align-center\" style=\"margin-bottom:var(--wp--preset--spacing--80)\">CAPourquoi choisir <mark class=\"has-inline-color has-primary-color\">XEFI ?<\/mark><\/h2>\n\n\n\n<div class=\"wp-block-columns is-layout-flex wp-container-core-columns-is-layout-f5a44f5b wp-block-columns-is-layout-flex\">\n<div class=\"wp-block-column is-vertically-aligned-top is-layout-flow wp-block-column-is-layout-flow\">\n<figure class=\"wp-block-image aligncenter size-full\" style=\"margin-bottom:var(--wp--preset--spacing--50)\"><img decoding=\"async\" src=\"https:\/\/www.xefi.fr\/wp-content\/uploads\/sites\/2\/2025\/05\/icon_proximite.svg\" alt=\"\" class=\"wp-image-675\"\/><\/figure>\n\n\n\n<p class=\"has-text-align-center has-custom-medium-font-size\"><strong>CAProximit\u00e9<\/strong><\/p>\n\n\n\n<p class=\"has-text-align-center\"><mark class=\"has-inline-color has-foreground-color\">9<\/mark> ag\u00e8ncies a Espanya: finestretes \u00faniques situades a menys de 30 minuts dels nostres clients<\/p>\n<\/div>\n\n\n\n<div class=\"wp-block-column is-layout-flow wp-block-column-is-layout-flow\">\n<figure class=\"wp-block-image aligncenter size-full\" style=\"margin-bottom:var(--wp--preset--spacing--50)\"><img decoding=\"async\" src=\"https:\/\/www.xefi.fr\/wp-content\/uploads\/sites\/2\/2025\/05\/icon_expertise.svg\" alt=\"\" class=\"wp-image-669\"\/><\/figure>\n\n\n\n<p class=\"has-text-align-center has-custom-medium-font-size\"><strong>CAExpertise<\/strong><\/p>\n\n\n\n<p class=\"has-text-align-center\">CAUne \u00e9quipe d\u2019experts et des services et solutions informatiques d\u00e9di\u00e9s aux TPE\/PME.<\/p>\n<\/div>\n\n\n\n<div class=\"wp-block-column is-layout-flow wp-block-column-is-layout-flow\">\n<figure class=\"wp-block-image aligncenter size-full\" style=\"margin-bottom:var(--wp--preset--spacing--50)\"><img decoding=\"async\" src=\"https:\/\/www.xefi.fr\/wp-content\/uploads\/sites\/2\/2025\/05\/icon_transparence.svg\" alt=\"\" class=\"wp-image-681\"\/><\/figure>\n\n\n\n<p class=\"has-text-align-center has-custom-medium-font-size\"><strong>CATransparence<\/strong><\/p>\n\n\n\n<p class=\"has-text-align-center\">CADes solutions \u00ab cl\u00e9s en mains \u00bb et sans co\u00fbts cach\u00e9s pour une transparence totale envers nos clients.<\/p>\n<\/div>\n\n\n\n<div class=\"wp-block-column is-layout-flow wp-block-column-is-layout-flow\">\n<figure class=\"wp-block-image aligncenter size-full\" style=\"margin-bottom:var(--wp--preset--spacing--50)\"><img decoding=\"async\" src=\"https:\/\/www.xefi.fr\/wp-content\/uploads\/sites\/2\/2025\/05\/icon_serenite.svg\" alt=\"\" class=\"wp-image-679\"\/><\/figure>\n\n\n\n<p class=\"has-text-align-center has-custom-medium-font-size\"><strong>CAS\u00e9r\u00e9nit\u00e9<\/strong><\/p>\n\n\n\n<p class=\"has-text-align-center\">CAUn partenaire de confiance qui pilote votre syst\u00e8me informatique et assure la bonne marche de votre entreprise.<\/p>\n<\/div>\n<\/div>\n<\/div>\n","protected":false},"excerpt":{"rendered":"<p>COL\u00b7LABORACIONS D&#8217;ALT NIVELL PER GARANTIR-LI L\u2019EXCEL\u00b7L\u00c8NCIA DEL SERVEI A XEFI, l\u2019efic\u00e0cia i la seguretat de les seves infraestructures inform\u00e0tiques recauen sobre fonaments s\u00f2lids.Les nostres certificacions t\u00e8cniques i les nostres col\u00b7laboracions amb els l\u00edders mundials del sector s\u00f3n testimonis de la nostra exig\u00e8ncia en qualitat. Aquests reconeixements oficials ens permeten oferir-li solucions fiables, evolutives i sempre [&hellip;]<\/p>\n","protected":false},"author":1,"featured_media":12761,"parent":12718,"menu_order":51,"comment_status":"closed","ping_status":"closed","template":"","meta":{"_acf_changed":false,"footnotes":""},"class_list":["post-12756","page","type-page","status-publish","has-post-thumbnail","hentry","page_location-menu-mobil","page_location-menu-secundari"],"acf":[],"_links":{"self":[{"href":"https:\/\/www.xefi.es\/ca\/wp-json\/wp\/v2\/pages\/12756","targetHints":{"allow":["GET"]}}],"collection":[{"href":"https:\/\/www.xefi.es\/ca\/wp-json\/wp\/v2\/pages"}],"about":[{"href":"https:\/\/www.xefi.es\/ca\/wp-json\/wp\/v2\/types\/page"}],"author":[{"embeddable":true,"href":"https:\/\/www.xefi.es\/ca\/wp-json\/wp\/v2\/users\/1"}],"replies":[{"embeddable":true,"href":"https:\/\/www.xefi.es\/ca\/wp-json\/wp\/v2\/comments?post=12756"}],"version-history":[{"count":4,"href":"https:\/\/www.xefi.es\/ca\/wp-json\/wp\/v2\/pages\/12756\/revisions"}],"predecessor-version":[{"id":14873,"href":"https:\/\/www.xefi.es\/ca\/wp-json\/wp\/v2\/pages\/12756\/revisions\/14873"}],"up":[{"embeddable":true,"href":"https:\/\/www.xefi.es\/ca\/wp-json\/wp\/v2\/pages\/12718"}],"wp:featuredmedia":[{"embeddable":true,"href":"https:\/\/www.xefi.es\/ca\/wp-json\/wp\/v2\/media\/12761"}],"wp:attachment":[{"href":"https:\/\/www.xefi.es\/ca\/wp-json\/wp\/v2\/media?parent=12756"}],"curies":[{"name":"wp","href":"https:\/\/api.w.org\/{rel}","templated":true}]}}