{"id":12465,"date":"2025-05-05T10:17:09","date_gmt":"2025-05-05T08:17:09","guid":{"rendered":"https:\/\/www.xefi.es\/seguretat\/"},"modified":"2025-10-13T12:56:30","modified_gmt":"2025-10-13T10:56:30","slug":"seguretat","status":"publish","type":"page","link":"https:\/\/www.xefi.es\/ca\/seguretat\/","title":{"rendered":"Seguretat"},"content":{"rendered":"\n<div class=\"wp-block-group is-layout-constrained wp-container-core-group-is-layout-a47e864c wp-block-group-is-layout-constrained\" style=\"padding-top:var(--wp--preset--spacing--80);padding-right:var(--wp--preset--spacing--50);padding-bottom:var(--wp--preset--spacing--80);padding-left:var(--wp--preset--spacing--50)\">\n<div class=\"wp-block-columns is-layout-flex wp-container-core-columns-is-layout-7ee84d44 wp-block-columns-is-layout-flex\">\n<div class=\"wp-block-column is-layout-flow wp-container-core-column-is-layout-8a368f38 wp-block-column-is-layout-flow\"><div class=\"manitoba-chiffres-cle animated wp-block-manitoba-chiffres-chiffres-cle\" id=\"chiffre-1\">\n  <div class=\"manitoba-chiffres-number-wrapper\">\n    <p class=\"manitoba-chiffres-number-value\" data-number=\"71\"\n      data-animated=\"true\" style=\"\">\n      0    <\/p>\n        <p class=\"manitoba-chiffres-number-unit\" style=\"\">%<\/p>\n      <\/div>\n<\/div>\n\n\n\n\n<p class=\"has-text-align-center\" style=\"margin-bottom:var(--wp--preset--spacing--20)\">de les \/ PIME i microempreses que han patit un ciberatac no ho superen<\/p>\n\n\n\n<p class=\"has-text-align-center has-grey-color has-text-color has-link-color has-custom-small-font-size wp-elements-67873846cc01b494cef87eb74b06efc2\">Font: Etude Symantec<\/p>\n<\/div>\n\n\n\n<div class=\"wp-block-column is-layout-flow wp-block-column-is-layout-flow\"><div class=\"manitoba-chiffres-cle animated wp-block-manitoba-chiffres-chiffres-cle\" id=\"chiffre-2\">\n  <div class=\"manitoba-chiffres-number-wrapper\">\n    <p class=\"manitoba-chiffres-number-value\" data-number=\"105\"\n      data-animated=\"true\" style=\"\">\n      0    <\/p>\n        <p class=\"manitoba-chiffres-number-unit\" style=\"\">k\u20ac<\/p>\n      <\/div>\n<\/div>\n\n\n\n\n<p class=\"has-text-align-center\" style=\"margin-bottom:var(--wp--preset--spacing--20)\">cost mitj\u00e0 d\u2019un ciberatac per a una PIME o microempresa als pa\u00efsos de l\u2019OCDE<\/p>\n\n\n\n<p class=\"has-text-align-center has-grey-color has-text-color has-link-color has-custom-small-font-size wp-elements-c6bf89b0673a8040eb438658ae7a72fe\">Font: WEF, Global Cybersecurity Outlook<\/p>\n<\/div>\n\n\n\n<div class=\"wp-block-column is-layout-flow wp-block-column-is-layout-flow\"><div class=\"manitoba-chiffres-cle animated wp-block-manitoba-chiffres-chiffres-cle\" id=\"chiffre-3\">\n  <div class=\"manitoba-chiffres-number-wrapper\">\n    <p class=\"manitoba-chiffres-number-value\" data-number=\"61\"\n      data-animated=\"true\" style=\"\">\n      0    <\/p>\n        <p class=\"manitoba-chiffres-number-unit\" style=\"\">%<\/p>\n      <\/div>\n<\/div>\n\n\n\n\n<p class=\"has-text-align-center\" style=\"margin-bottom:var(--wp--preset--spacing--20)\">dels ciberatacs a Europa el 2025 van tenir com a objectiu directe les pimes<\/p>\n\n\n\n<p class=\"has-text-align-center has-grey-color has-text-color has-link-color has-custom-small-font-size wp-elements-8e3f3ccc3088aa47cede2e90ca981474\">Font : WEF<\/p>\n<\/div>\n<\/div>\n<\/div>\n\n<section class=\"wp-block-group is-layout-constrained wp-container-core-group-is-layout-656a57f4 wp-block-group-is-layout-constrained\" style=\"padding-top:var(--wp--preset--spacing--80);padding-right:var(--wp--preset--spacing--50);padding-bottom:var(--wp--preset--spacing--80);padding-left:var(--wp--preset--spacing--50)\">\n<h2 class=\"wp-block-heading has-text-align-center\" style=\"margin-bottom:var(--wp--preset--spacing--80)\">Tot el seu ecosistema est\u00e0 implicat per la <mark class=\"has-inline-color has-primary-color\">seguretat inform\u00e0tica<\/mark><\/h2>\n\n\n<nav class=\"manitoba-intern-menu manitoba-intern-menu-cols-4 manitoba-intern-menu--hover-width wp-block-manitoba-page-location-intern-menu\" aria-label=\"Menu interne\">\n  <ul class=\"manitoba-intern-menu-grid\">\n            <li class=\"manitoba-intern-menu-grid-item\">\n                  <a href=\"https:\/\/www.xefi.es\/fr\/securite\/securite-nos-solutions\/reseau-securise-avec-pare-feu\/\" class=\"manitoba-intern-menu-item has-description\" aria-labelledby=\"menu-title-0\" aria-describedby=\"menu-desc-0\">\n                  <div class=\"manitoba-intern-menu-item-background\" style=\"background-image: url(https:\/\/www.xefi.fr\/wp-content\/uploads\/sites\/2\/2025\/07\/securite-informatique-reseau-xefi-partenaire-informatique-des-tpe-pme-scaled.jpg);\" aria-hidden=\"true\"><\/div>\n          <div class=\"manitoba-intern-menu-item-overlay\">\n            <div class=\"manitoba-intern-menu-item-title-container\">\n              <h3 id=\"menu-title-0\" class=\"manitoba-intern-menu-item-title\">\n                Xarxa<\/h3>\n            <\/div>\n                        <div class=\"manitoba-intern-menu-item-description-container\">\n              <p id=\"menu-desc-0\" class=\"manitoba-intern-menu-item-description\">\n                Una xarxa mal protegida \u00e9s una porta oberta als atacs. Protegeixi la seva infraestructura amb solucions eficaces.               <\/p>\n            <\/div>\n                      <\/div>\n                <\/a>\n          <\/li>\n        <li class=\"manitoba-intern-menu-grid-item\">\n                  <a href=\"https:\/\/www.xefi.es\/fr\/securite\/securite-vos-enjeux\/securiser-vos-serveurs-contre-les-virus-et-malwares\/\" class=\"manitoba-intern-menu-item has-description\" aria-labelledby=\"menu-title-1\" aria-describedby=\"menu-desc-1\">\n                  <div class=\"manitoba-intern-menu-item-background\" style=\"background-image: url(https:\/\/www.xefi.fr\/wp-content\/uploads\/sites\/2\/2025\/07\/serveurs-securite-it-xefi-partenaire-informatique-des-tpe-pme.jpg);\" aria-hidden=\"true\"><\/div>\n          <div class=\"manitoba-intern-menu-item-overlay\">\n            <div class=\"manitoba-intern-menu-item-title-container\">\n              <h3 id=\"menu-title-1\" class=\"manitoba-intern-menu-item-title\">\n                Servidors<\/h3>\n            <\/div>\n                        <div class=\"manitoba-intern-menu-item-description-container\">\n              <p id=\"menu-desc-1\" class=\"manitoba-intern-menu-item-description\">\n                Els seus servidors emmagatzemen dades cr\u00edtiques. Implementi una protecci\u00f3 robusta per evitar qualsevol comprom\u00eds               <\/p>\n            <\/div>\n                      <\/div>\n                <\/a>\n          <\/li>\n        <li class=\"manitoba-intern-menu-grid-item\">\n                  <a href=\"https:\/\/www.xefi.es\/fr\/securite\/securite-nos-solutions\/protection-antivirus-et-anti-ransomwares\/\" class=\"manitoba-intern-menu-item has-description\" aria-labelledby=\"menu-title-2\" aria-describedby=\"menu-desc-2\">\n                  <div class=\"manitoba-intern-menu-item-background\" style=\"background-image: url(https:\/\/www.xefi.fr\/wp-content\/uploads\/sites\/2\/2025\/07\/contacter-le-groupe-demande-de-devis-xefi-partenaire-informatique-des-tpe-et-pme.png);\" aria-hidden=\"true\"><\/div>\n          <div class=\"manitoba-intern-menu-item-overlay\">\n            <div class=\"manitoba-intern-menu-item-title-container\">\n              <h3 id=\"menu-title-2\" class=\"manitoba-intern-menu-item-title\">\n                Estacions de treball<\/h3>\n            <\/div>\n                        <div class=\"manitoba-intern-menu-item-description-container\">\n              <p id=\"menu-desc-2\" class=\"manitoba-intern-menu-item-description\">\n                Cada estaci\u00f3 de treball pot ser la porta d\u2019entrada per als ciberdelinq\u00fcents Protegeixi els seus equipaments, estigui on estigui.               <\/p>\n            <\/div>\n                      <\/div>\n                <\/a>\n          <\/li>\n        <li class=\"manitoba-intern-menu-grid-item\">\n                  <a href=\"https:\/\/www.xefi.es\/fr\/securite\/securite-nos-solutions\/protection-antispam\/\" class=\"manitoba-intern-menu-item has-description\" aria-labelledby=\"menu-title-3\" aria-describedby=\"menu-desc-3\">\n                  <div class=\"manitoba-intern-menu-item-background\" style=\"background-image: url(https:\/\/www.xefi.fr\/wp-content\/uploads\/sites\/2\/2025\/06\/image_emails-scaled.jpg);\" aria-hidden=\"true\"><\/div>\n          <div class=\"manitoba-intern-menu-item-overlay\">\n            <div class=\"manitoba-intern-menu-item-title-container\">\n              <h3 id=\"menu-title-3\" class=\"manitoba-intern-menu-item-title\">\n                Correus electr\u00f2nics<\/h3>\n            <\/div>\n                        <div class=\"manitoba-intern-menu-item-description-container\">\n              <p id=\"menu-desc-3\" class=\"manitoba-intern-menu-item-description\">\n                Els correus electr\u00f2nics s\u00f3n el principal vector d&#8217;atacs inform\u00e0tics (pesca, programari de segrest&#8230;). Protegeixi el seu correu electr\u00f2nic per disminuir el risc d\u2019intrusi\u00f3.               <\/p>\n            <\/div>\n                      <\/div>\n                <\/a>\n          <\/li>\n          <\/ul>\n<\/nav>\n<\/section>\n\n<div class=\"wp-block-group alignfull is-layout-constrained wp-container-core-group-is-layout-11c1ca01 wp-block-group-is-layout-constrained has-background\" style=\"padding-right:var(--wp--preset--spacing--50);padding-left:var(--wp--preset--spacing--50);background-image:url(&#039;https:\/\/www.xefi.fr\/wp-content\/uploads\/sites\/2\/2025\/06\/image_securite_contact-scaled.png&#039;);background-position:50% 50%;background-size:cover;background-attachment:scroll;\">\n<div class=\"wp-block-columns is-layout-flex wp-container-core-columns-is-layout-28f84493 wp-block-columns-is-layout-flex\">\n<div class=\"wp-block-column is-layout-flow wp-block-column-is-layout-flow\" style=\"padding-top:var(--wp--preset--spacing--50);padding-bottom:var(--wp--preset--spacing--50);flex-basis:33.33%\">\n<h3 class=\"wp-block-heading has-background-color has-text-color has-link-color wp-elements-b6452bf2982a217201b3b0e4eb898707\">Vol protegir-se efica\u00e7ment d\u2019un ciberatac?<\/h3>\n\n\n\n<p class=\"has-background-color has-text-color has-link-color wp-elements-c6af934b6fc60ac0490dc411e18edc95\">Parli\u2019n amb un expert en seguretat en una hora<\/p>\n\n\n\n<div class=\"wp-block-buttons is-layout-flex wp-block-buttons-is-layout-flex\">\n<div class=\"wp-block-button alt\"><a class=\"wp-block-button__link has-background-background-color has-background wp-element-button\" href=\"#contact-store\">Contacti amb nosaltres<\/a><\/div>\n<\/div>\n<\/div>\n\n\n\n<div class=\"wp-block-column is-layout-flow wp-block-column-is-layout-flow\" style=\"flex-basis:66.66%\"><\/div>\n<\/div>\n<\/div>\n\n<div class=\"wp-block-group alignfull has-grey-background-color has-background is-layout-constrained wp-container-core-group-is-layout-a47e864c wp-block-group-is-layout-constrained\" style=\"padding-top:var(--wp--preset--spacing--80);padding-right:var(--wp--preset--spacing--50);padding-bottom:var(--wp--preset--spacing--80);padding-left:var(--wp--preset--spacing--50)\">\n<h2 class=\"wp-block-heading has-text-align-center has-dark-color has-text-color has-link-color wp-elements-f307bc46973c0438304a66df45dbc0cb\" style=\"margin-bottom:var(--wp--preset--spacing--80)\">Els <mark class=\"has-inline-color has-primary-color\">nostres experts<\/mark> tenen la paraula<\/h2>\n\n\n<script type=\"application\/ld+json\">{\"@context\":\"https:\/\/schema.org\",\"@graph\":[{\"@type\":\"TechArticle\",\"headline\":\"La nostra experta en TI, Lucile ens parla de les nostres solucions de seguretat\",\"dateCreated\":\"2025-06-13T17:32:16+02:00\",\"datePublished\":\"2025-06-13T17:32:16+02:00\",\"abstract\":\"En menys de 2 minuts, descobreix en v\u00eddeo el testimoni de la nostra experta en seguretat sobre les solucions proposades a les microempreses i les pimes per protegir-se de les amenaces inform\u00e0tiques! Quins s\u00f3n els riscos d\u2019una vulnerabilitat de seguretat per a una empresa? Per qu\u00e8 les microempreses i les pimes s\u00f3n especialment objectiu dels [\u2026]\",\"inLanguage\":\"ca-ES\",\"url\":\"https:\/\/www.xefi.es\/ca\/la-nostra-experta-en-ti-lucile-ens-parla-de-les-nostres-solucions-de-seguretat\/\",\"author\":{\"@type\":\"Person\",\"name\":\"master\"},\"image\":{\"@type\":\"ImageObject\",\"url\":\"https:\/\/www.xefi.es\/wp-content\/uploads\/sites\/12\/2025\/06\/lucille-experte-it-solution-securite-xefi-informatique-partenaire-des-tpe-pme.png\"}}]}<\/script><div class=\"manitoba-articles-carousel\" id=\"articles-carousel-4\"\n  data-max-items=\"5\" data-autoplay=\"false\" data-autoplay-delay=\"58000\">\n  <div class=\"swiper\">\n    <div class=\"swiper-wrapper\">\n            <div class=\"swiper-slide\">\n        <article class=\"article-card cut-border\">\n          <div class=\"article-media\">\n                        <div class=\"article-video\">\n              <iframe loading=\"lazy\" title=\"El nostre expert en TI, Lucile ens parla de les nostres solucions en seguretat inform\u00e0tica de XEFI\" width=\"500\" height=\"281\" src=\"https:\/\/www.youtube.com\/embed\/LbA5d7WqjlE?feature=oembed\" frameborder=\"0\" allow=\"accelerometer; autoplay; clipboard-write; encrypted-media; gyroscope; picture-in-picture; web-share\" referrerpolicy=\"strict-origin-when-cross-origin\" allowfullscreen><\/iframe>            <\/div>\n                      <\/div>\n\n          <div class=\"article-content\">\n            <p class=\"article-meta\">\n                            <span class=\"article-category\">\n                Seguretat              <\/span>\n                          <\/p>\n\n                        <p class=\"article-tags\">\n                            <span class=\"article-tag\">\n                antivirus              <\/span>\n                            <span class=\"article-tag\">\n                ciberatac              <\/span>\n                            <span class=\"article-tag\">\n                programari de rescat              <\/span>\n                          <\/p>\n            \n            <h3 class=\"article-title\">\n              <a href=\"https:\/\/www.xefi.es\/ca\/la-nostra-experta-en-ti-lucile-ens-parla-de-les-nostres-solucions-de-seguretat\/\">La nostra experta en TI, Lucile ens parla de les nostres solucions de seguretat<\/a>\n            <\/h3>\n\n            <p class=\"article-excerpt\">\n              En menys de 2 minuts, descobreix en v\u00eddeo el testimoni de la nostra experta en seguretat sobre les solucions proposades a les microempreses i les pimes per protegir-se de les amenaces inform\u00e0tiques! Quins s\u00f3n els riscos d&#8217;una vulnerabilitat de seguretat per a una empresa? Per qu\u00e8 les microempreses i les pimes s\u00f3n especialment objectiu dels&#8230;            <\/p>\n            <a class=\"article-btn\" aria-label=\"La nostra experta en TI, Lucile ens parla de les nostres solucions de seguretat\" href=\"https:\/\/www.xefi.es\/ca\/la-nostra-experta-en-ti-lucile-ens-parla-de-les-nostres-solucions-de-seguretat\/\">\n              Veure m\u00e9s            <\/a>\n          <\/div>\n        <\/article>\n      <\/div>\n          <\/div>\n\n      <\/div>\n  <\/div>\n\n\n\n\n<div class=\"wp-block-buttons is-content-justification-center is-layout-flex wp-container-core-buttons-is-layout-46a81f07 wp-block-buttons-is-layout-flex\" style=\"margin-top:var(--wp--preset--spacing--80)\">\n<div class=\"wp-block-button\"><a class=\"wp-block-button__link has-background-color has-dark-background-color has-text-color has-background has-link-color has-text-align-left wp-element-button\" href=\"https:\/\/www.xefi.es\/ca\/descobriu-xefi\/sobre-nosaltres\/consells-dexperts-i-actualitat\/\">Veure tots els nostres consells d&#8217;experts<\/a><\/div>\n<\/div>\n<\/div>\n\n<div class=\"wp-block-group alignfull has-background-color has-dark-background-color has-text-color has-background has-link-color wp-elements-4d0d9f1a75db992529802ee8ed8b79e5 is-layout-constrained wp-container-core-group-is-layout-656a57f4 wp-block-group-is-layout-constrained\" style=\"padding-top:var(--wp--preset--spacing--80);padding-right:var(--wp--preset--spacing--50);padding-bottom:var(--wp--preset--spacing--80);padding-left:var(--wp--preset--spacing--50)\">\n<div class=\"wp-block-columns is-layout-flex wp-container-core-columns-is-layout-14cf5ab5 wp-block-columns-is-layout-flex\">\n<div class=\"wp-block-column is-layout-flow wp-block-column-is-layout-flow\">\n<figure class=\"wp-block-image size-full cut-border\"><img loading=\"lazy\" decoding=\"async\" width=\"1920\" height=\"1280\" src=\"https:\/\/www.xefi.fr\/wp-content\/uploads\/sites\/2\/2025\/05\/expertise-xefi-pour-tpe-pme-bd.jpg\" alt=\"\" class=\"wp-image-10628\" style=\"aspect-ratio:16\/9;object-fit:cover\" srcset=\"https:\/\/www.xefi.es\/wp-content\/uploads\/sites\/12\/2025\/05\/expertise-xefi-pour-tpe-pme-bd.jpg 1920w, https:\/\/www.xefi.es\/wp-content\/uploads\/sites\/12\/2025\/05\/expertise-xefi-pour-tpe-pme-bd-300x200.jpg 300w, https:\/\/www.xefi.es\/wp-content\/uploads\/sites\/12\/2025\/05\/expertise-xefi-pour-tpe-pme-bd-1024x683.jpg 1024w, https:\/\/www.xefi.es\/wp-content\/uploads\/sites\/12\/2025\/05\/expertise-xefi-pour-tpe-pme-bd-768x512.jpg 768w, https:\/\/www.xefi.es\/wp-content\/uploads\/sites\/12\/2025\/05\/expertise-xefi-pour-tpe-pme-bd-1536x1024.jpg 1536w\" sizes=\"auto, (max-width: 1920px) 100vw, 1920px\" \/><\/figure>\n<\/div>\n\n\n\n<div class=\"wp-block-column is-layout-flow wp-block-column-is-layout-flow\" style=\"padding-top:var(--wp--preset--spacing--60);padding-right:var(--wp--preset--spacing--50);padding-bottom:var(--wp--preset--spacing--60);padding-left:var(--wp--preset--spacing--50)\">\n<h3 class=\"wp-block-heading\" style=\"margin-bottom:var(--wp--preset--spacing--60)\">L&#8217;EXPERTESA XEFI PER A LES PIME I MICROEMPRESES<\/h3>\n\n\n\n<ul class=\"wp-block-list\">\n<li><strong>Una gesti\u00f3 clau en m\u00e0, des de la instal\u00b7laci\u00f3 fins al seguiment<\/strong><\/li>\n\n\n\n<li><strong>Assist\u00e8ncia telef\u00f2nica r\u00e0pida<\/strong><\/li>\n\n\n\n<li><strong>Intervenci\u00f3 in situ en 4-36 h<\/strong><\/li>\n\n\n\n<li><strong>28 anys d&#8217;expertesa professional<\/strong><\/li>\n<\/ul>\n<\/div>\n<\/div>\n<\/div>\n\n<div style=\"height:100px\" aria-hidden=\"true\" class=\"wp-block-spacer\"><\/div>\n\n<div class=\"wp-block-group alignfull is-layout-constrained wp-container-core-group-is-layout-11c1ca01 wp-block-group-is-layout-constrained has-background\" style=\"padding-right:var(--wp--preset--spacing--50);padding-left:var(--wp--preset--spacing--50);background-image:url(&#039;https:\/\/www.xefi.fr\/wp-content\/uploads\/sites\/2\/2025\/06\/image_securite_livre_blanc-scaled.png&#039;);background-position:50% 50%;background-size:cover;background-attachment:scroll;\">\n<div class=\"wp-block-columns is-layout-flex wp-container-core-columns-is-layout-28f84493 wp-block-columns-is-layout-flex\">\n<div class=\"wp-block-column is-layout-flow wp-block-column-is-layout-flow\" style=\"padding-top:var(--wp--preset--spacing--50);padding-bottom:var(--wp--preset--spacing--50);flex-basis:33.33%\">\n<h3 class=\"wp-block-heading has-background-color has-text-color has-link-color wp-elements-9454f0321bbc390ebaae41af06c48df5\" style=\"text-transform:uppercase\">La seguretat inform\u00e0tica de les PIME i microempreses \u00e9s un repte important<\/h3>\n\n\n\n<div class=\"wp-block-buttons is-layout-flex wp-block-buttons-is-layout-flex\">\n<div class=\"wp-block-button\"><a class=\"wp-block-button__link has-background-background-color has-background wp-element-button\" href=\"#contact-store\">Contacti amb nosaltres<\/a><\/div>\n<\/div>\n<\/div>\n\n\n\n<div class=\"wp-block-column is-layout-flow wp-block-column-is-layout-flow\" style=\"flex-basis:66.66%\"><\/div>\n<\/div>\n<\/div>\n\n<div class=\"wp-block-group alignfull is-layout-constrained wp-container-core-group-is-layout-a47e864c wp-block-group-is-layout-constrained\" style=\"padding-top:var(--wp--preset--spacing--80);padding-right:var(--wp--preset--spacing--50);padding-bottom:var(--wp--preset--spacing--80);padding-left:var(--wp--preset--spacing--50)\">\n<h2 class=\"wp-block-heading has-text-align-center\" style=\"margin-bottom:var(--wp--preset--spacing--80)\">Miscel\u00b7l\u00e0nia de <mark class=\"has-inline-color has-primary-color\">preguntes<\/mark><\/h2>\n\n\n\n<div class=\"wp-block-columns is-layout-flex wp-container-core-columns-is-layout-14cf5ab5 wp-block-columns-is-layout-flex\">\n<div class=\"wp-block-column is-layout-flow wp-container-core-column-is-layout-15ea44a4 wp-block-column-is-layout-flow\" style=\"flex-basis:60%\">\t\t<div class=\"manitoba-faq-entries wp-block-manitoba-faq-faq-entries\" data-accordion-role=\"group\"\n\t\t\tdata-accordion-behavior=\"single\">\n\t\t\t\t\t\t\t<div class=\"manitoba-faq-item\" data-accordion-role=\"item\">\n\t\t\t\t\t<p class=\"manitoba-faq-question\">\n\t\t\t\t\t\t<button type=\"button\" id=\"faq-question-13808\" class=\"manitoba-faq-question-trigger\"\n\t\t\t\t\t\t\taria-expanded=\"false\" aria-controls=\"faq-answer-13808\">\n\t\t\t\t\t\t\t<span class=\"manitoba-faq-question-trigger-label\">Com implementar aquestes solucions a la meva empresa?<\/span>\n\t\t\t\t\t\t<\/button>\n\t\t\t\t\t<\/p>\n\t\t\t\t\t<div class=\"manitoba-faq-answer\" id=\"faq-answer-13808\"\n\t\t\t\t\t\taria-labelledby=\"faq-question-13808\" hidden>\n\t\t\t\t\t\t\n<p>Els nostres equips s&#8217;encarreguen de tot: la instal\u00b7laci\u00f3, el parametratge i l&#8217;assist\u00e8ncia, per garantir una protecci\u00f3 \u00f2ptima des del primer dia.<\/p>\n\n<p><\/p>\n\n\t\t\t\t\t\t\t\t\t\t\t<\/div>\n\t\t\t\t<\/div>\n\t\t\t\t\t\t\t<div class=\"manitoba-faq-item\" data-accordion-role=\"item\">\n\t\t\t\t\t<p class=\"manitoba-faq-question\">\n\t\t\t\t\t\t<button type=\"button\" id=\"faq-question-13810\" class=\"manitoba-faq-question-trigger\"\n\t\t\t\t\t\t\taria-expanded=\"false\" aria-controls=\"faq-answer-13810\">\n\t\t\t\t\t\t\t<span class=\"manitoba-faq-question-trigger-label\">Realment \u00e9s \u00fatil tenir totes aquestes solucions de seguretat?<\/span>\n\t\t\t\t\t\t<\/button>\n\t\t\t\t\t<\/p>\n\t\t\t\t\t<div class=\"manitoba-faq-answer\" id=\"faq-answer-13810\"\n\t\t\t\t\t\taria-labelledby=\"faq-question-13810\" hidden>\n\t\t\t\t\t\t\n<p>S\u00ed, cada perif\u00e8ric i eina que s\u2019utilitza augmenta la superf\u00edcie d&#8217;atac. Per disminuir el risc al m\u00e0xim, \u00e9s important que cada porta d&#8217;entrada sigui segura. <\/p>\n\n<p><\/p>\n\n\t\t\t\t\t\t\t\t\t\t\t<\/div>\n\t\t\t\t<\/div>\n\t\t\t\t\t\t\t<div class=\"manitoba-faq-item\" data-accordion-role=\"item\">\n\t\t\t\t\t<p class=\"manitoba-faq-question\">\n\t\t\t\t\t\t<button type=\"button\" id=\"faq-question-13812\" class=\"manitoba-faq-question-trigger\"\n\t\t\t\t\t\t\taria-expanded=\"false\" aria-controls=\"faq-answer-13812\">\n\t\t\t\t\t\t\t<span class=\"manitoba-faq-question-trigger-label\">Per qu\u00e8 una PIME s\u2019hauria de protegir dels ciberatacs?<\/span>\n\t\t\t\t\t\t<\/button>\n\t\t\t\t\t<\/p>\n\t\t\t\t\t<div class=\"manitoba-faq-answer\" id=\"faq-answer-13812\"\n\t\t\t\t\t\taria-labelledby=\"faq-question-13812\" hidden>\n\t\t\t\t\t\t\n<p>Per qu\u00e8 les petites empreses en s\u00f3n els millors objectius! Menys protegides que les grans estructures, sovint s\u00f3n les primeres a ser atacades. <\/p>\n\n<p><\/p>\n\n\t\t\t\t\t\t\t\t\t\t\t<\/div>\n\t\t\t\t<\/div>\n\t\t\t\t\t<\/div>\n<\/div>\n\n\n\n<div class=\"wp-block-column cut-border is-layout-flow wp-block-column-is-layout-flow\" style=\"padding-top:var(--wp--preset--spacing--20);padding-right:var(--wp--preset--spacing--20);padding-bottom:var(--wp--preset--spacing--20);padding-left:var(--wp--preset--spacing--20);flex-basis:40%\">\n<div class=\"wp-block-group cut-border has-light-background-color has-background is-layout-constrained wp-container-core-group-is-layout-db32e940 wp-block-group-is-layout-constrained\" style=\"padding-top:var(--wp--preset--spacing--60);padding-right:var(--wp--preset--spacing--60);padding-bottom:var(--wp--preset--spacing--60);padding-left:var(--wp--preset--spacing--60)\">\n<figure class=\"wp-block-image aligncenter size-full\" style=\"margin-bottom:var(--wp--preset--spacing--50)\"><img decoding=\"async\" src=\"https:\/\/www.xefi.fr\/wp-content\/uploads\/sites\/2\/2025\/05\/icon_faq_bubbles.svg\" alt=\"\" class=\"wp-image-348\"\/><\/figure>\n\n\n\n<div class=\"wp-block-buttons is-content-justification-center is-layout-flex wp-container-core-buttons-is-layout-a89b3969 wp-block-buttons-is-layout-flex\">\n<div class=\"wp-block-button\"><a class=\"wp-block-button__link has-background-color has-dark-background-color has-text-color has-background has-link-color wp-element-button\" href=\"https:\/\/www.xefi.es\/ca\/pmf\/\">Veure les PMF<\/a><\/div>\n<\/div>\n<\/div>\n<\/div>\n<\/div>\n<\/div>\n","protected":false},"excerpt":{"rendered":"<p>de les \/ PIME i microempreses que han patit un ciberatac no ho superen Font: Etude Symantec cost mitj\u00e0 d\u2019un ciberatac per a una PIME o microempresa als pa\u00efsos de l\u2019OCDE Font: WEF, Global Cybersecurity Outlook dels ciberatacs a Europa el 2025 van tenir com a objectiu directe les pimes Font : WEF Tot el [&hellip;]<\/p>\n","protected":false},"author":1,"featured_media":12475,"parent":0,"menu_order":13,"comment_status":"closed","ping_status":"closed","template":"","meta":{"_acf_changed":false,"footnotes":""},"class_list":["post-12465","page","type-page","status-publish","has-post-thumbnail","hentry","page_location-les-nostres-solucions","page_location-menu-mobil","page_location-menu-principal-ca"],"acf":[],"_links":{"self":[{"href":"https:\/\/www.xefi.es\/ca\/wp-json\/wp\/v2\/pages\/12465","targetHints":{"allow":["GET"]}}],"collection":[{"href":"https:\/\/www.xefi.es\/ca\/wp-json\/wp\/v2\/pages"}],"about":[{"href":"https:\/\/www.xefi.es\/ca\/wp-json\/wp\/v2\/types\/page"}],"author":[{"embeddable":true,"href":"https:\/\/www.xefi.es\/ca\/wp-json\/wp\/v2\/users\/1"}],"replies":[{"embeddable":true,"href":"https:\/\/www.xefi.es\/ca\/wp-json\/wp\/v2\/comments?post=12465"}],"version-history":[{"count":13,"href":"https:\/\/www.xefi.es\/ca\/wp-json\/wp\/v2\/pages\/12465\/revisions"}],"predecessor-version":[{"id":15033,"href":"https:\/\/www.xefi.es\/ca\/wp-json\/wp\/v2\/pages\/12465\/revisions\/15033"}],"wp:featuredmedia":[{"embeddable":true,"href":"https:\/\/www.xefi.es\/ca\/wp-json\/wp\/v2\/media\/12475"}],"wp:attachment":[{"href":"https:\/\/www.xefi.es\/ca\/wp-json\/wp\/v2\/media?parent=12465"}],"curies":[{"name":"wp","href":"https:\/\/api.w.org\/{rel}","templated":true}]}}