{"id":12321,"date":"2025-04-14T14:27:36","date_gmt":"2025-04-14T12:27:36","guid":{"rendered":"https:\/\/www.xefi.es\/equipament\/"},"modified":"2025-10-10T18:40:36","modified_gmt":"2025-10-10T16:40:36","slug":"equipament","status":"publish","type":"page","link":"https:\/\/www.xefi.es\/ca\/equipament\/","title":{"rendered":"Equipament"},"content":{"rendered":"\n<div class=\"wp-block-group alignfull is-layout-constrained wp-container-core-group-is-layout-a47e864c wp-block-group-is-layout-constrained\" style=\"padding-top:var(--wp--preset--spacing--80);padding-right:var(--wp--preset--spacing--50);padding-bottom:var(--wp--preset--spacing--80);padding-left:var(--wp--preset--spacing--50)\">\n<div class=\"wp-block-columns is-layout-flex wp-container-core-columns-is-layout-7ee84d44 wp-block-columns-is-layout-flex\">\n<div class=\"wp-block-column is-layout-flow wp-container-core-column-is-layout-8a368f38 wp-block-column-is-layout-flow\"><div class=\"manitoba-chiffres-cle animated wp-block-manitoba-chiffres-chiffres-cle\" id=\"chiffre-1\">\n  <div class=\"manitoba-chiffres-number-wrapper\">\n    <p class=\"manitoba-chiffres-number-value\" data-number=\"70\"\n      data-animated=\"true\" style=\"\">\n      0    <\/p>\n        <p class=\"manitoba-chiffres-number-unit\" style=\"\">%<\/p>\n      <\/div>\n<\/div>\n\n\n\n\n<p class=\"has-text-align-center\" style=\"margin-bottom:var(--wp--preset--spacing--20)\">de les avaries inform\u00e0tiques estan lligades a material obsolet<\/p>\n\n\n\n<p class=\"has-text-align-center has-grey-color has-text-color has-link-color has-custom-small-font-size wp-elements-c8d17db5dbae57d15f0505daf8b1eb79\">Font: Gartner<\/p>\n<\/div>\n\n\n\n<div class=\"wp-block-column is-layout-flow wp-block-column-is-layout-flow\"><div class=\"manitoba-chiffres-cle animated wp-block-manitoba-chiffres-chiffres-cle\" id=\"chiffre-2\">\n  <div class=\"manitoba-chiffres-number-wrapper\">\n    <p class=\"manitoba-chiffres-number-value\" data-number=\"22\"\n      data-animated=\"true\" style=\"\">\n      0    <\/p>\n        <p class=\"manitoba-chiffres-number-unit\" style=\"\">min<\/p>\n      <\/div>\n<\/div>\n\n\n\n\n<p class=\"has-text-align-center\" style=\"margin-bottom:var(--wp--preset--spacing--20)\">per dia perdudes a causa d\u2019un equipament inform\u00e0tic inadequat<\/p>\n\n\n\n<p class=\"has-text-align-center has-grey-color has-text-color has-link-color has-custom-small-font-size wp-elements-2fabcea6902b0ae9f00bb751be47aa28\">Font: Estudi Sharp\/IPSOS 2020<\/p>\n<\/div>\n\n\n\n<div class=\"wp-block-column is-layout-flow wp-block-column-is-layout-flow\"><div class=\"manitoba-chiffres-cle animated wp-block-manitoba-chiffres-chiffres-cle\" id=\"chiffre-3\">\n  <div class=\"manitoba-chiffres-number-wrapper\">\n    <p class=\"manitoba-chiffres-number-value\" data-number=\"68\"\n      data-animated=\"true\" style=\"\">\n      0    <\/p>\n        <p class=\"manitoba-chiffres-number-unit\" style=\"\">%<\/p>\n      <\/div>\n<\/div>\n\n\n\n\n<p class=\"has-text-align-center\" style=\"margin-bottom:var(--wp--preset--spacing--20)\">dels empleats afirmen que disposar d\u2019un material inform\u00e0tic eficient augmenta la seva motivaci\u00f3<\/p>\n\n\n\n<p class=\"has-text-align-center has-grey-color has-text-color has-link-color has-custom-small-font-size wp-elements-67873846cc01b494cef87eb74b06efc2\">Font: Etude Symantec<\/p>\n<\/div>\n<\/div>\n<\/div>\n\n<div class=\"wp-block-group alignfull is-layout-constrained wp-container-core-group-is-layout-a47e864c wp-block-group-is-layout-constrained\" style=\"padding-top:var(--wp--preset--spacing--80);padding-right:var(--wp--preset--spacing--50);padding-bottom:var(--wp--preset--spacing--80);padding-left:var(--wp--preset--spacing--50)\">\n<h2 class=\"wp-block-heading has-text-align-center\" style=\"margin-bottom:var(--wp--preset--spacing--80)\">Eines eficaces per a una <mark class=\"has-inline-color has-primary-color\">empresa m\u00e9s efica\u00e7<\/mark><\/h2>\n\n\n<nav class=\"manitoba-intern-menu manitoba-intern-menu-cols-4 manitoba-intern-menu--hover-width wp-block-manitoba-page-location-intern-menu\" aria-label=\"Menu interne\">\n  <ul class=\"manitoba-intern-menu-grid\">\n            <li class=\"manitoba-intern-menu-grid-item\">\n                  <a href=\"https:\/\/www.xefi.es\/fr\/equipement\/equipement-nos-solutions\/pc-fixes-et-portables\/\" class=\"manitoba-intern-menu-item has-description\"\n         aria-labelledby=\"menu-title-0\"\n         aria-describedby=\"menu-desc-0\">\n                  <div class=\"manitoba-intern-menu-item-background\" style=\"background-image: url(https:\/\/www.xefi.fr\/wp-content\/uploads\/sites\/2\/2025\/07\/pc-fixes-et-portables-professionnels-xefi-partenaire-informatique-des-tpe-pme-2.png);\" aria-hidden=\"true\"><\/div>\n          <div class=\"manitoba-intern-menu-item-overlay\">\n            <div class=\"manitoba-intern-menu-item-title-container\">\n              <h3 id=\"menu-title-0\" class=\"manitoba-intern-menu-item-title\">\n                PC de sobretaula i port\u00e0tils professionals<\/h3>\n            <\/div>\n                        <div class=\"manitoba-intern-menu-item-description-container\">\n              <p id=\"menu-desc-0\" class=\"manitoba-intern-menu-item-description\">\n                Material 100% HP, instal\u00b7lat clau en m\u00e0, amb manteniment tota la durada del contracte              <\/p>\n            <\/div>\n                      <\/div>\n                <\/a>\n          <\/li>\n        <li class=\"manitoba-intern-menu-grid-item\">\n                  <a href=\"https:\/\/www.xefi.es\/fr\/equipement\/equipement-nos-solutions\/serveurs\/\" class=\"manitoba-intern-menu-item has-description\"\n         aria-labelledby=\"menu-title-1\"\n         aria-describedby=\"menu-desc-1\">\n                  <div class=\"manitoba-intern-menu-item-background\" style=\"background-image: url(https:\/\/www.xefi.fr\/wp-content\/uploads\/sites\/2\/2025\/07\/serveurs-professionnels-hpe-xefi-partenaire-informatique-des-tpe-pme-2.jpg);\" aria-hidden=\"true\"><\/div>\n          <div class=\"manitoba-intern-menu-item-overlay\">\n            <div class=\"manitoba-intern-menu-item-title-container\">\n              <h3 id=\"menu-title-1\" class=\"manitoba-intern-menu-item-title\">\n                Servidors professionals HP<\/h3>\n            <\/div>\n                        <div class=\"manitoba-intern-menu-item-description-container\">\n              <p id=\"menu-desc-1\" class=\"manitoba-intern-menu-item-description\">\n                Una infraestructura dimensionada a les seves aplicacions, les seves dades i els seus objectius de disponibilitat.              <\/p>\n            <\/div>\n                      <\/div>\n                <\/a>\n          <\/li>\n        <li class=\"manitoba-intern-menu-grid-item\">\n                  <a href=\"https:\/\/www.xefi.es\/fr\/equipement\/equipement-nos-solutions\/peripheriques\/\" class=\"manitoba-intern-menu-item has-description\"\n         aria-labelledby=\"menu-title-2\"\n         aria-describedby=\"menu-desc-2\">\n                  <div class=\"manitoba-intern-menu-item-background\" style=\"background-image: url(https:\/\/www.xefi.es\/wp-content\/uploads\/sites\/12\/2025\/07\/peripheriques-informatiques-xefi-partenaire-informatique-des-tpe-pme-bd-1.jpg);\" aria-hidden=\"true\"><\/div>\n          <div class=\"manitoba-intern-menu-item-overlay\">\n            <div class=\"manitoba-intern-menu-item-title-container\">\n              <h3 id=\"menu-title-2\" class=\"manitoba-intern-menu-item-title\">\n                Perif\u00e8rics inform\u00e0tics<\/h3>\n            <\/div>\n                        <div class=\"manitoba-intern-menu-item-description-container\">\n              <p id=\"menu-desc-2\" class=\"manitoba-intern-menu-item-description\">\n                Eines de videoconfer\u00e8ncia (\u00e0udio i v\u00eddeo) pensada per millorar la qualitat de les comunicacions i la comoditat de la feina durant les reunions a dist\u00e0ncia.              <\/p>\n            <\/div>\n                      <\/div>\n                <\/a>\n          <\/li>\n        <li class=\"manitoba-intern-menu-grid-item\">\n                  <a href=\"https:\/\/www.xefi.es\/fr\/equipement\/equipement-nos-solutions\/financement\/\" class=\"manitoba-intern-menu-item has-description\"\n         aria-labelledby=\"menu-title-3\"\n         aria-describedby=\"menu-desc-3\">\n                  <div class=\"manitoba-intern-menu-item-background\" style=\"background-image: url(https:\/\/www.xefi.es\/wp-content\/uploads\/sites\/12\/2025\/07\/financement-location-evolutive-nexleasexefi-partenaire-informatique-tpe-pme.jpg);\" aria-hidden=\"true\"><\/div>\n          <div class=\"manitoba-intern-menu-item-overlay\">\n            <div class=\"manitoba-intern-menu-item-title-container\">\n              <h3 id=\"menu-title-3\" class=\"manitoba-intern-menu-item-title\">\n                Finan\u00e7ament<\/h3>\n            <\/div>\n                        <div class=\"manitoba-intern-menu-item-description-container\">\n              <p id=\"menu-desc-3\" class=\"manitoba-intern-menu-item-description\">\n                Equipi\u2019s sense sobrecarregar la seva tresoreria, gr\u00e0cies a una soluci\u00f3 flexible, evolutiva i perfectament adaptada a les PIME i microempreses.              <\/p>\n            <\/div>\n                      <\/div>\n                <\/a>\n          <\/li>\n          <\/ul>\n<\/nav>\n<\/div>\n\n<div class=\"wp-block-group alignfull is-layout-constrained wp-container-core-group-is-layout-11c1ca01 wp-block-group-is-layout-constrained has-background\" style=\"padding-right:var(--wp--preset--spacing--50);padding-left:var(--wp--preset--spacing--50);background-image:url(&#039;https:\/\/www.xefi.fr\/wp-content\/uploads\/sites\/2\/2025\/07\/bandeau_contact_equipement-scaled.jpg&#039;);background-position:50% 50%;background-size:cover;background-attachment:scroll;\">\n<div class=\"wp-block-columns is-layout-flex wp-container-core-columns-is-layout-28f84493 wp-block-columns-is-layout-flex\">\n<div class=\"wp-block-column is-layout-flow wp-block-column-is-layout-flow\" style=\"padding-top:var(--wp--preset--spacing--50);padding-bottom:var(--wp--preset--spacing--50);flex-basis:33.33%\">\n<h3 class=\"wp-block-heading has-background-color has-text-color has-link-color wp-elements-b74c0a297c2222720f6a78c924acb2f9\">Necessita un nou equipament sense sobrecarregar la seva tresoreria?<\/h3>\n\n\n\n<p class=\"has-background-color has-text-color has-link-color wp-elements-5f5eda3ad902abf8ec27fbc4ee553604\">Equipi\u2019s amb el millor material, controlant els costs!<\/p>\n\n\n\n<div class=\"wp-block-buttons is-layout-flex wp-block-buttons-is-layout-flex\">\n<div class=\"wp-block-button alt\"><a class=\"wp-block-button__link has-background-background-color has-background has-border-color has-dark-border-color wp-element-button\" href=\"#contact-store\" style=\"border-width:4px\">Contacti amb nosaltres<\/a><\/div>\n<\/div>\n<\/div>\n<\/div>\n<\/div>\n\n<div class=\"wp-block-group alignfull has-grey-background-color has-background is-layout-constrained wp-container-core-group-is-layout-a47e864c wp-block-group-is-layout-constrained\" style=\"padding-top:var(--wp--preset--spacing--80);padding-right:var(--wp--preset--spacing--50);padding-bottom:var(--wp--preset--spacing--80);padding-left:var(--wp--preset--spacing--50)\">\n<h2 class=\"wp-block-heading has-text-align-center has-dark-color has-text-color has-link-color wp-elements-f307bc46973c0438304a66df45dbc0cb\" style=\"margin-bottom:var(--wp--preset--spacing--80)\">Els <mark class=\"has-inline-color has-primary-color\">nostres experts<\/mark> tenen la paraula<\/h2>\n\n\n<script type=\"application\/ld+json\">{\"@context\":\"https:\/\/schema.org\",\"@graph\":[{\"@type\":\"TechArticle\",\"headline\":\"El nostre expert en TI, Pere ens parla de les nostres solucions en equipament\",\"dateCreated\":\"2025-07-29T12:15:09+02:00\",\"datePublished\":\"2025-07-29T12:15:09+02:00\",\"abstract\":\"En menys de 2 minuts, descobreix en v\u00eddeo el testimoni del nostre expert en TI sobre les solucions d'equipament inform\u00e0tic proposades a les microempreses i les pimes! Per qu\u00e8 una microempresa\/pime ha d'estar ben equipada amb material inform\u00e0tic? Concretament, quin material proposa XEFI? Per qu\u00e8 rec\u00f3rrer a XEFI?   \",\"inLanguage\":\"ca-ES\",\"url\":\"https:\/\/www.xefi.es\/ca\/el-nostre-expert-en-ti-pere-ens-parla-de-les-nostres-solucions-en-equipament\/\",\"author\":{\"@type\":\"Person\",\"name\":\"sladana\"},\"image\":{\"@type\":\"ImageObject\",\"url\":\"https:\/\/www.xefi.es\/wp-content\/uploads\/sites\/12\/2025\/07\/pierre-expert-it-solution-equipement-xefi-informatique-partenaire-des-tpe-pme.png\"}}]}<\/script><div class=\"manitoba-articles-carousel\" id=\"articles-carousel-4\"\n  data-max-items=\"5\" data-autoplay=\"false\" data-autoplay-delay=\"60000\">\n  <div class=\"swiper\">\n    <div class=\"swiper-wrapper\">\n            <div class=\"swiper-slide\">\n        <article class=\"article-card cut-border\">\n          <div class=\"article-media\">\n                        <div class=\"article-video\">\n              <iframe loading=\"lazy\" title=\"El nostre expert en TI, Pierre ens parla de les nostres solucions en equipament inform\u00e0tic de XEFI\" width=\"500\" height=\"281\" src=\"https:\/\/www.youtube.com\/embed\/whC901GvKn0?feature=oembed\" frameborder=\"0\" allow=\"accelerometer; autoplay; clipboard-write; encrypted-media; gyroscope; picture-in-picture; web-share\" referrerpolicy=\"strict-origin-when-cross-origin\" allowfullscreen><\/iframe>            <\/div>\n                      <\/div>\n\n          <div class=\"article-content\">\n            <p class=\"article-meta\">\n                            <span class=\"article-category\">\n                Equipament              <\/span>\n                          <\/p>\n\n                        <p class=\"article-tags\">\n                            <span class=\"article-tag\">\n                hp              <\/span>\n                            <span class=\"article-tag\">\n                pc              <\/span>\n                            <span class=\"article-tag\">\n                perif\u00e8ric inform\u00e0tic              <\/span>\n                          <\/p>\n            \n            <h3 class=\"article-title\">\n              <a\n                href=\"https:\/\/www.xefi.es\/ca\/el-nostre-expert-en-ti-pere-ens-parla-de-les-nostres-solucions-en-equipament\/\">El nostre expert en TI, Pere ens parla de les nostres solucions en equipament<\/a>\n            <\/h3>\n\n            <p class=\"article-excerpt\">\n              En menys de 2 minuts, descobreix en v\u00eddeo el testimoni del nostre expert en TI sobre les solucions d&#8217;equipament inform\u00e0tic proposades a les microempreses i les pimes! Per qu\u00e8 una microempresa\/pime ha d&#8217;estar ben equipada amb material inform\u00e0tic? Concretament, quin material proposa XEFI? Per qu\u00e8 rec\u00f3rrer a XEFI?               <\/p>\n            <a class=\"article-btn\" aria-label=\"El nostre expert en TI, Pere ens parla de les nostres solucions en equipament\"\n              href=\"https:\/\/www.xefi.es\/ca\/el-nostre-expert-en-ti-pere-ens-parla-de-les-nostres-solucions-en-equipament\/\">\n              Veure m\u00e9s            <\/a>\n          <\/div>\n        <\/article>\n      <\/div>\n          <\/div>\n\n      <\/div>\n  <\/div>\n\n\n\n\n<div class=\"wp-block-buttons is-content-justification-center is-layout-flex wp-container-core-buttons-is-layout-46a81f07 wp-block-buttons-is-layout-flex\" style=\"margin-top:var(--wp--preset--spacing--80)\">\n<div class=\"wp-block-button\"><a class=\"wp-block-button__link has-background-color has-dark-background-color has-text-color has-background has-link-color has-text-align-left wp-element-button\" href=\"https:\/\/www.xefi.es\/ca\/descobriu-xefi\/sobre-nosaltres\/consells-dexperts-i-actualitat\/\">CAVoir tous nos conseils d&#8217;experts<\/a><\/div>\n<\/div>\n<\/div>\n\n<div class=\"wp-block-group alignfull has-background-color has-dark-background-color has-text-color has-background has-link-color wp-elements-4d0d9f1a75db992529802ee8ed8b79e5 is-layout-constrained wp-container-core-group-is-layout-656a57f4 wp-block-group-is-layout-constrained\" style=\"padding-top:var(--wp--preset--spacing--80);padding-right:var(--wp--preset--spacing--50);padding-bottom:var(--wp--preset--spacing--80);padding-left:var(--wp--preset--spacing--50)\">\n<div class=\"wp-block-columns is-layout-flex wp-container-core-columns-is-layout-14cf5ab5 wp-block-columns-is-layout-flex\">\n<div class=\"wp-block-column is-layout-flow wp-block-column-is-layout-flow\">\n<figure class=\"wp-block-image size-full cut-border\"><img loading=\"lazy\" decoding=\"async\" width=\"1920\" height=\"1280\" src=\"https:\/\/www.xefi.fr\/wp-content\/uploads\/sites\/2\/2025\/05\/expertise-xefi-pour-tpe-pme-bd.jpg\" alt=\"\" class=\"wp-image-10628\" style=\"aspect-ratio:16\/9;object-fit:cover\" srcset=\"https:\/\/www.xefi.es\/wp-content\/uploads\/sites\/12\/2025\/05\/expertise-xefi-pour-tpe-pme-bd.jpg 1920w, https:\/\/www.xefi.es\/wp-content\/uploads\/sites\/12\/2025\/05\/expertise-xefi-pour-tpe-pme-bd-300x200.jpg 300w, https:\/\/www.xefi.es\/wp-content\/uploads\/sites\/12\/2025\/05\/expertise-xefi-pour-tpe-pme-bd-1024x683.jpg 1024w, https:\/\/www.xefi.es\/wp-content\/uploads\/sites\/12\/2025\/05\/expertise-xefi-pour-tpe-pme-bd-768x512.jpg 768w, https:\/\/www.xefi.es\/wp-content\/uploads\/sites\/12\/2025\/05\/expertise-xefi-pour-tpe-pme-bd-1536x1024.jpg 1536w\" sizes=\"auto, (max-width: 1920px) 100vw, 1920px\" \/><\/figure>\n<\/div>\n\n\n\n<div class=\"wp-block-column is-layout-flow wp-block-column-is-layout-flow\" style=\"padding-top:var(--wp--preset--spacing--60);padding-right:var(--wp--preset--spacing--50);padding-bottom:var(--wp--preset--spacing--60);padding-left:var(--wp--preset--spacing--50)\">\n<h3 class=\"wp-block-heading\" style=\"margin-bottom:var(--wp--preset--spacing--60)\">L&#8217;EXPERTESA XEFI PER A LES PIME I MICROEMPRESES<\/h3>\n\n\n\n<ul class=\"wp-block-list\">\n<li><strong>Una gesti\u00f3 clau en m\u00e0, des de la instal\u00b7laci\u00f3 fins al seguiment<\/strong><\/li>\n\n\n\n<li><strong>Assist\u00e8ncia telef\u00f2nica r\u00e0pida<\/strong><\/li>\n\n\n\n<li><strong>Intervenci\u00f3 in situ en 4-36 h<\/strong><\/li>\n\n\n\n<li><strong>28 anys d&#8217;expertesa professional<\/strong><\/li>\n<\/ul>\n<\/div>\n<\/div>\n<\/div>\n\n<div style=\"height:100px\" aria-hidden=\"true\" class=\"wp-block-spacer\"><\/div>\n\n<div class=\"wp-block-group alignfull is-layout-constrained wp-container-core-group-is-layout-11c1ca01 wp-block-group-is-layout-constrained has-background\" style=\"padding-right:var(--wp--preset--spacing--50);padding-left:var(--wp--preset--spacing--50);background-image:url(&#039;https:\/\/www.xefi.fr\/wp-content\/uploads\/sites\/2\/2025\/06\/image_metier_equipements_bandeau_livreblanc-scaled.jpg&#039;);background-position:50% 50%;background-size:cover;background-attachment:scroll;\">\n<div class=\"wp-block-columns is-layout-flex wp-container-core-columns-is-layout-28f84493 wp-block-columns-is-layout-flex\">\n<div class=\"wp-block-column is-layout-flow wp-block-column-is-layout-flow\" style=\"padding-top:var(--wp--preset--spacing--50);padding-bottom:var(--wp--preset--spacing--50);flex-basis:33.33%\">\n<h3 class=\"wp-block-heading has-background-color has-text-color has-link-color wp-elements-db0a67ed16bf4e17162ed22d827951c9\" style=\"text-transform:uppercase\">Passi\u2019s a l\u2019equipament de nova generaci\u00f3 amb XEFI!<\/h3>\n\n\n\n<div class=\"wp-block-buttons is-layout-flex wp-block-buttons-is-layout-flex\">\n<div class=\"wp-block-button\"><a class=\"wp-block-button__link has-background-background-color has-background wp-element-button\" href=\"#contact-store\">Contacti amb nosaltres<\/a><\/div>\n<\/div>\n<\/div>\n\n\n\n<div class=\"wp-block-column is-layout-flow wp-block-column-is-layout-flow\" style=\"flex-basis:66.66%\"><\/div>\n<\/div>\n<\/div>\n\n<div class=\"wp-block-group alignfull is-layout-constrained wp-container-core-group-is-layout-a47e864c wp-block-group-is-layout-constrained\" style=\"padding-top:var(--wp--preset--spacing--80);padding-right:var(--wp--preset--spacing--50);padding-bottom:var(--wp--preset--spacing--80);padding-left:var(--wp--preset--spacing--50)\">\n<h2 class=\"wp-block-heading has-text-align-center\" style=\"margin-bottom:var(--wp--preset--spacing--80)\">Preguntes freq\u00fcents<\/h2>\n\n\n\n<div class=\"wp-block-columns is-layout-flex wp-container-core-columns-is-layout-14cf5ab5 wp-block-columns-is-layout-flex\">\n<div class=\"wp-block-column is-layout-flow wp-container-core-column-is-layout-15ea44a4 wp-block-column-is-layout-flow\" style=\"flex-basis:60%\">\t\t<div class=\"manitoba-faq-entries wp-block-manitoba-faq-faq-entries\" data-accordion-role=\"group\"\n\t\t\tdata-accordion-behavior=\"single\">\n\t\t\t\t\t\t\t<div class=\"manitoba-faq-item manitoba-faq-item--featured\" data-accordion-role=\"item\">\n\t\t\t\t\t<p class=\"manitoba-faq-question\">\n\t\t\t\t\t\t<button type=\"button\" id=\"faq-question-13842\" class=\"manitoba-faq-question-trigger\"\n\t\t\t\t\t\t\taria-expanded=\"false\" aria-controls=\"faq-answer-13842\">\n\t\t\t\t\t\t\t<span class=\"manitoba-faq-question-trigger-label\">Com m\u2019acompanya la meva ag\u00e8ncia XEFI en l\u2019elecci\u00f3 del meu equip inform\u00e0tic?<\/span>\n\t\t\t\t\t\t<\/button>\n\t\t\t\t\t<\/p>\n\t\t\t\t\t<div class=\"manitoba-faq-answer\" id=\"faq-answer-13842\"\n\t\t\t\t\t\taria-labelledby=\"faq-question-13842\" hidden>\n\t\t\t\t\t\t\n<p>XEFI li proposa material fiable i adaptat a la seva activitat, amb un acompanyament complet: consell, instal\u00b7laci\u00f3 i manteniment.<\/p>\n\n<p><\/p>\n\n\t\t\t\t\t\t\t\t\t\t\t<\/div>\n\t\t\t\t<\/div>\n\t\t\t\t\t\t\t<div class=\"manitoba-faq-item\" data-accordion-role=\"item\">\n\t\t\t\t\t<p class=\"manitoba-faq-question\">\n\t\t\t\t\t\t<button type=\"button\" id=\"faq-question-13844\" class=\"manitoba-faq-question-trigger\"\n\t\t\t\t\t\t\taria-expanded=\"false\" aria-controls=\"faq-answer-13844\">\n\t\t\t\t\t\t\t<span class=\"manitoba-faq-question-trigger-label\">Com puc subscriure a una oferta de l\u00edsing XEFI?<\/span>\n\t\t\t\t\t\t<\/button>\n\t\t\t\t\t<\/p>\n\t\t\t\t\t<div class=\"manitoba-faq-answer\" id=\"faq-answer-13844\"\n\t\t\t\t\t\taria-labelledby=\"faq-question-13844\" hidden>\n\t\t\t\t\t\t\n<p>\u00c9s senzill! Contacti amb nosaltres i li farem un diagn\u00f2stic de les seves necessitats i li proposarem la soluci\u00f3 de finan\u00e7ament m\u00e9s adequada. <\/p>\n\n<p><\/p>\n\n\t\t\t\t\t\t\t\t\t\t\t<\/div>\n\t\t\t\t<\/div>\n\t\t\t\t\t\t\t<div class=\"manitoba-faq-item\" data-accordion-role=\"item\">\n\t\t\t\t\t<p class=\"manitoba-faq-question\">\n\t\t\t\t\t\t<button type=\"button\" id=\"faq-question-13846\" class=\"manitoba-faq-question-trigger\"\n\t\t\t\t\t\t\taria-expanded=\"false\" aria-controls=\"faq-answer-13846\">\n\t\t\t\t\t\t\t<span class=\"manitoba-faq-question-trigger-label\">Quins s\u00f3n els avantatges del finan\u00e7ament per l\u00edsing en comparaci\u00f3 amb la compra?<\/span>\n\t\t\t\t\t\t<\/button>\n\t\t\t\t\t<\/p>\n\t\t\t\t\t<div class=\"manitoba-faq-answer\" id=\"faq-answer-13846\"\n\t\t\t\t\t\taria-labelledby=\"faq-question-13846\" hidden>\n\t\t\t\t\t\t\n<p>El finan\u00e7ament per l\u00edsing li permet accedir a material eficient sense impacte immediat en la seva tresoreria. A m\u00e9s, pot renovar els seus equips m\u00e9s f\u00e0cilment i evitar l\u2019obsolesc\u00e8ncia. <\/p>\n\n<p><\/p>\n\n\t\t\t\t\t\t\t\t\t\t\t<\/div>\n\t\t\t\t<\/div>\n\t\t\t\t\t<\/div>\n<\/div>\n\n\n\n<div class=\"wp-block-column cut-border is-layout-flow wp-block-column-is-layout-flow\" style=\"padding-top:var(--wp--preset--spacing--20);padding-right:var(--wp--preset--spacing--20);padding-bottom:var(--wp--preset--spacing--20);padding-left:var(--wp--preset--spacing--20);flex-basis:40%\">\n<div class=\"wp-block-group cut-border has-light-background-color has-background is-layout-constrained wp-container-core-group-is-layout-db32e940 wp-block-group-is-layout-constrained\" style=\"padding-top:var(--wp--preset--spacing--60);padding-right:var(--wp--preset--spacing--60);padding-bottom:var(--wp--preset--spacing--60);padding-left:var(--wp--preset--spacing--60)\">\n<figure class=\"wp-block-image aligncenter size-full\" style=\"margin-bottom:var(--wp--preset--spacing--50)\"><img decoding=\"async\" src=\"https:\/\/www.xefi.fr\/wp-content\/uploads\/sites\/2\/2025\/05\/icon_faq_bubbles.svg\" alt=\"\" class=\"wp-image-348\"\/><\/figure>\n\n\n\n<div class=\"wp-block-buttons is-content-justification-center is-layout-flex wp-container-core-buttons-is-layout-a89b3969 wp-block-buttons-is-layout-flex\">\n<div class=\"wp-block-button\"><a class=\"wp-block-button__link has-background-color has-dark-background-color has-text-color has-background has-link-color wp-element-button\" href=\"https:\/\/www.xefi.es\/ca\/pmf\/\">Vegeu les preguntes freq\u00fcents<\/a><\/div>\n<\/div>\n<\/div>\n<\/div>\n<\/div>\n<\/div>\n","protected":false},"excerpt":{"rendered":"<p>de les avaries inform\u00e0tiques estan lligades a material obsolet Font: Gartner per dia perdudes a causa d\u2019un equipament inform\u00e0tic inadequat Font: Estudi Sharp\/IPSOS 2020 dels empleats afirmen que disposar d\u2019un material inform\u00e0tic eficient augmenta la seva motivaci\u00f3 Font: Etude Symantec Eines eficaces per a una empresa m\u00e9s efica\u00e7 Necessita un nou equipament sense sobrecarregar la [&hellip;]<\/p>\n","protected":false},"author":1,"featured_media":12346,"parent":0,"menu_order":6,"comment_status":"closed","ping_status":"closed","template":"page-metier","meta":{"_acf_changed":false,"footnotes":""},"class_list":["post-12321","page","type-page","status-publish","has-post-thumbnail","hentry","page_location-les-nostres-solucions","page_location-menu-mobil","page_location-menu-principal-ca"],"acf":[],"_links":{"self":[{"href":"https:\/\/www.xefi.es\/ca\/wp-json\/wp\/v2\/pages\/12321","targetHints":{"allow":["GET"]}}],"collection":[{"href":"https:\/\/www.xefi.es\/ca\/wp-json\/wp\/v2\/pages"}],"about":[{"href":"https:\/\/www.xefi.es\/ca\/wp-json\/wp\/v2\/types\/page"}],"author":[{"embeddable":true,"href":"https:\/\/www.xefi.es\/ca\/wp-json\/wp\/v2\/users\/1"}],"replies":[{"embeddable":true,"href":"https:\/\/www.xefi.es\/ca\/wp-json\/wp\/v2\/comments?post=12321"}],"version-history":[{"count":8,"href":"https:\/\/www.xefi.es\/ca\/wp-json\/wp\/v2\/pages\/12321\/revisions"}],"predecessor-version":[{"id":14911,"href":"https:\/\/www.xefi.es\/ca\/wp-json\/wp\/v2\/pages\/12321\/revisions\/14911"}],"wp:featuredmedia":[{"embeddable":true,"href":"https:\/\/www.xefi.es\/ca\/wp-json\/wp\/v2\/media\/12346"}],"wp:attachment":[{"href":"https:\/\/www.xefi.es\/ca\/wp-json\/wp\/v2\/media?parent=12321"}],"curies":[{"name":"wp","href":"https:\/\/api.w.org\/{rel}","templated":true}]}}